{"id":10763,"date":"2024-09-23T16:46:03","date_gmt":"2024-09-23T13:46:03","guid":{"rendered":"https:\/\/ceoparts.com\/?post_type=product&#038;p=10763"},"modified":"2026-05-16T17:12:49","modified_gmt":"2026-05-16T14:12:49","slug":"jungheinrich-denge-mekanizmasi-takim","status":"publish","type":"product","link":"https:\/\/ceoparts.com\/tr\/urun\/jungheinrich-denge-mekanizmasi-takim\/","title":{"rendered":"140&#215;54 Still EXV 12 Denge Mekanizmas\u0131  &#8211; 50024505511"},"content":{"rendered":"<p>140&#215;54 Still EXV 12 Denge Mekanizmas\u0131  &#8211; 50024505511<\/p>","protected":false},"excerpt":{"rendered":"<p data-start=\"0\" data-end=\"282\"><br data-start=\"5\" data-end=\"8\" \/>140\u00d754 Still EXV 12 Denge Mekanizmas\u0131, Still EXV 12 model istifleyici forkliftlerde kullan\u0131lan \u00f6zel denge mekanizmas\u0131d\u0131r. Forkliftin dengesini sa\u011flamak ve y\u00fck ta\u015f\u0131ma esnas\u0131nda stabiliteyi art\u0131rmak amac\u0131yla geli\u015ftirilmi\u015ftir. A\u015f\u0131nmaya dayan\u0131kl\u0131 sa\u011flam malzemeden \u00fcretilmi\u015ftir.<\/p>\n<p data-start=\"284\" data-end=\"565\"><strong data-start=\"284\" data-end=\"299\">\u00d6zellikler:<\/strong><br data-start=\"299\" data-end=\"302\" \/><strong data-start=\"302\" data-end=\"315\">\u00dcr\u00fcn Ad\u0131:<\/strong> 140\u00d754 Still EXV 12 Denge Mekanizmas\u0131<br data-start=\"353\" data-end=\"356\" \/><strong data-start=\"356\" data-end=\"371\">Par\u00e7a Kodu:<\/strong> 50024505511<br data-start=\"383\" data-end=\"386\" \/><strong data-start=\"386\" data-end=\"398\">Malzeme:<\/strong> Dayan\u0131kl\u0131 metal ala\u015f\u0131m<br data-start=\"421\" data-end=\"424\" \/><strong data-start=\"424\" data-end=\"443\">Kullan\u0131m Alan\u0131:<\/strong> Still EXV 12 istifleyici forklift denge sistemi<br data-start=\"491\" data-end=\"494\" \/><strong data-start=\"494\" data-end=\"506\">Avantaj:<\/strong> Y\u00fck stabilitesi, y\u00fcksek dayan\u0131kl\u0131l\u0131k, uzun kullan\u0131m \u00f6mr\u00fc<\/p>\n<p data-start=\"567\" data-end=\"826\">\n","protected":false},"featured_media":13808,"template":"","meta":[],"product_brand":[],"product_cat":[241,242,420,422],"product_tag":[],"class_list":{"0":"post-10763","1":"product","2":"type-product","3":"status-publish","4":"has-post-thumbnail","6":"product_cat-still","7":"product_cat-denge-tekeri-still","8":"product_cat-denge-mekanizmalar","9":"product_cat-jungheinrich-denge-mekanizma","11":"first","12":"instock","13":"taxable","14":"shipping-taxable","15":"purchasable","16":"product-type-simple"},"_links":{"self":[{"href":"https:\/\/ceoparts.com\/tr\/wp-json\/wp\/v2\/product\/10763","targetHints":{"allow":["GET"]}}],"collection":[{"href":"https:\/\/ceoparts.com\/tr\/wp-json\/wp\/v2\/product"}],"about":[{"href":"https:\/\/ceoparts.com\/tr\/wp-json\/wp\/v2\/types\/product"}],"wp:featuredmedia":[{"embeddable":true,"href":"https:\/\/ceoparts.com\/tr\/wp-json\/wp\/v2\/media\/13808"}],"wp:attachment":[{"href":"https:\/\/ceoparts.com\/tr\/wp-json\/wp\/v2\/media?parent=10763"}],"wp:term":[{"taxonomy":"product_brand","embeddable":true,"href":"https:\/\/ceoparts.com\/tr\/wp-json\/wp\/v2\/product_brand?post=10763"},{"taxonomy":"product_cat","embeddable":true,"href":"https:\/\/ceoparts.com\/tr\/wp-json\/wp\/v2\/product_cat?post=10763"},{"taxonomy":"product_tag","embeddable":true,"href":"https:\/\/ceoparts.com\/tr\/wp-json\/wp\/v2\/product_tag?post=10763"}],"curies":[{"name":"wp","href":"https:\/\/api.w.org\/{rel}","templated":true}]}}