{"id":10771,"date":"2024-09-23T16:59:10","date_gmt":"2024-09-23T13:59:10","guid":{"rendered":"https:\/\/ceoparts.com\/?post_type=product&#038;p=10771"},"modified":"2026-05-16T16:18:36","modified_gmt":"2026-05-16T13:18:36","slug":"linde-t16-t18-t20-denge-mekanizmasi-3604505500","status":"publish","type":"product","link":"https:\/\/ceoparts.com\/tr\/urun\/linde-t16-t18-t20-denge-mekanizmasi-3604505500\/","title":{"rendered":"Linde T16\/T18\/T20 Denge Mekanizmas\u0131 &#8211; 3604505500"},"content":{"rendered":"<p>Linde T16\/T18\/T20 Denge Mekanizmas\u0131 &#8211; 3604505500<\/p>\n<p>LINDE T16\/T18\/T20<br \/>\nTekerlek boyutu 100&#215;40<\/p>\n<table border=\"0\" frame=\"void\" rules=\"none\" cellspacing=\"0\">\n<colgroup>\n<col width=\"130\" \/>\n<col width=\"201\" \/><\/colgroup>\n<tbody>\n<tr>\n<td align=\"left\" width=\"130\" height=\"17\">1110<\/td>\n<td align=\"left\" width=\"201\">V08-01\/V08-02<\/td>\n<\/tr>\n<tr>\n<td align=\"left\" height=\"17\">1158<\/td>\n<td align=\"left\">T30\/T30AP<\/td>\n<\/tr>\n<tr>\n<td align=\"left\" height=\"17\">1158<\/td>\n<td align=\"left\">T20AP-04\/T20SP<\/td>\n<\/tr>\n<tr>\n<td align=\"left\" height=\"17\">1190<\/td>\n<td align=\"left\">P30C\/P50C<\/td>\n<\/tr>\n<tr>\n<td align=\"left\" height=\"17\">131-26<\/td>\n<td align=\"left\">T20\/30 Ex &#8211; B\u00f6lge1, 2 (2G, 3G)<\/td>\n<\/tr>\n<tr>\n<td align=\"left\" height=\"17\">131<\/td>\n<td align=\"left\">T30<\/td>\n<\/tr>\n<tr>\n<td align=\"left\" height=\"17\">131<\/td>\n<td align=\"left\">L14\/16AS<\/td>\n<\/tr>\n<tr>\n<td align=\"left\" height=\"17\">131<\/td>\n<td align=\"left\">P50<\/td>\n<\/tr>\n<tr>\n<td align=\"left\" height=\"17\">132<\/td>\n<td align=\"left\">P30<\/td>\n<\/tr>\n<tr>\n<td align=\"left\" height=\"17\">141<\/td>\n<td align=\"left\">P30\/50<\/td>\n<\/tr>\n<tr>\n<td align=\"left\" height=\"17\">141<\/td>\n<td align=\"left\">T20\/30<\/td>\n<\/tr>\n<tr>\n<td align=\"left\" height=\"17\">360<\/td>\n<td align=\"left\">T16\/T18\/T20<\/td>\n<\/tr>\n<tr>\n<td align=\"left\" height=\"17\">360<\/td>\n<td align=\"left\">T16\/T18\/T20\/T16L<\/td>\n<\/tr>\n<\/tbody>\n<\/table>\n<p><\/p>","protected":false},"excerpt":{"rendered":"<p data-start=\"0\" data-end=\"255\"><br data-start=\"5\" data-end=\"8\" \/>Linde T16\/T18\/T20 Denge Mekanizmas\u0131, Linde T16, T18 ve T20 forklift modelleri i\u00e7in tasarlanm\u0131\u015f sa\u011flam bir denge mekanizmas\u0131d\u0131r. Forkliftin y\u00fck\u00fcn\u00fc dengede tutarak \u00e7al\u0131\u015fma g\u00fcvenli\u011fini ve stabilitesini art\u0131r\u0131r. Dayan\u0131kl\u0131 metal ala\u015f\u0131mdan \u00fcretilmi\u015ftir.<\/p>\n<p data-start=\"257\" data-end=\"524\"><strong data-start=\"257\" data-end=\"272\">\u00d6zellikler:<\/strong><br data-start=\"272\" data-end=\"275\" \/><strong data-start=\"275\" data-end=\"288\">\u00dcr\u00fcn Ad\u0131:<\/strong> Linde T16\/T18\/T20 Denge Mekanizmas\u0131<br data-start=\"324\" data-end=\"327\" \/><strong data-start=\"327\" data-end=\"342\">Par\u00e7a Kodu:<\/strong> 3604505500<br data-start=\"353\" data-end=\"356\" \/><strong data-start=\"356\" data-end=\"368\">Malzeme:<\/strong> Dayan\u0131kl\u0131 metal ala\u015f\u0131m<br data-start=\"391\" data-end=\"394\" \/><strong data-start=\"394\" data-end=\"413\">Kullan\u0131m Alan\u0131:<\/strong> Linde T16, T18, T20 forklift denge mekanizmas\u0131<br data-start=\"460\" data-end=\"463\" \/><strong data-start=\"463\" data-end=\"475\">Avantaj:<\/strong> Y\u00fck stabilitesi, dayan\u0131kl\u0131l\u0131k, g\u00fcvenli \u00e7al\u0131\u015fma<\/p>\n<p data-start=\"526\" data-end=\"763\">\n","protected":false},"featured_media":13819,"template":"","meta":[],"product_brand":[],"product_cat":[420,246,247],"product_tag":[],"class_list":{"0":"post-10771","1":"product","2":"type-product","3":"status-publish","4":"has-post-thumbnail","6":"product_cat-denge-mekanizmalar","7":"product_cat-linde","8":"product_cat-denge-tekeri-linde","10":"first","11":"instock","12":"taxable","13":"shipping-taxable","14":"purchasable","15":"product-type-simple"},"_links":{"self":[{"href":"https:\/\/ceoparts.com\/tr\/wp-json\/wp\/v2\/product\/10771","targetHints":{"allow":["GET"]}}],"collection":[{"href":"https:\/\/ceoparts.com\/tr\/wp-json\/wp\/v2\/product"}],"about":[{"href":"https:\/\/ceoparts.com\/tr\/wp-json\/wp\/v2\/types\/product"}],"wp:featuredmedia":[{"embeddable":true,"href":"https:\/\/ceoparts.com\/tr\/wp-json\/wp\/v2\/media\/13819"}],"wp:attachment":[{"href":"https:\/\/ceoparts.com\/tr\/wp-json\/wp\/v2\/media?parent=10771"}],"wp:term":[{"taxonomy":"product_brand","embeddable":true,"href":"https:\/\/ceoparts.com\/tr\/wp-json\/wp\/v2\/product_brand?post=10771"},{"taxonomy":"product_cat","embeddable":true,"href":"https:\/\/ceoparts.com\/tr\/wp-json\/wp\/v2\/product_cat?post=10771"},{"taxonomy":"product_tag","embeddable":true,"href":"https:\/\/ceoparts.com\/tr\/wp-json\/wp\/v2\/product_tag?post=10771"}],"curies":[{"name":"wp","href":"https:\/\/api.w.org\/{rel}","templated":true}]}}