{"id":10776,"date":"2024-09-23T17:14:16","date_gmt":"2024-09-23T14:14:16","guid":{"rendered":"https:\/\/ceoparts.com\/?post_type=product&#038;p=10776"},"modified":"2026-05-16T15:12:49","modified_gmt":"2026-05-16T12:12:49","slug":"wicke-denge-mekanizmasi-takim","status":"publish","type":"product","link":"https:\/\/ceoparts.com\/tr\/urun\/wicke-denge-mekanizmasi-takim\/","title":{"rendered":"Universal Denge Mekanizmas\u0131"},"content":{"rendered":"<p>Universal Denge Mekanizmas\u0131<\/p>","protected":false},"excerpt":{"rendered":"<p data-start=\"0\" data-end=\"249\"><br data-start=\"5\" data-end=\"8\" \/>Universal Denge Mekanizmas\u0131, \u00e7e\u015fitli forklift ve i\u015f makinelerinde kullan\u0131lan evrensel uyumlu bir denge mekanizmas\u0131d\u0131r. Y\u00fck\u00fcn dengede kalmas\u0131n\u0131 sa\u011flar, makinelerin stabilitesini art\u0131r\u0131r. Dayan\u0131kl\u0131 malzemeden imal edilmi\u015ftir ve uzun \u00f6m\u00fcrl\u00fcd\u00fcr.<\/p>\n<p data-start=\"251\" data-end=\"524\"><strong data-start=\"251\" data-end=\"266\">\u00d6zellikler:<\/strong><br data-start=\"266\" data-end=\"269\" \/><strong data-start=\"269\" data-end=\"282\">\u00dcr\u00fcn Ad\u0131:<\/strong> Universal Denge Mekanizmas\u0131<br data-start=\"310\" data-end=\"313\" \/><strong data-start=\"313\" data-end=\"328\">Par\u00e7a Kodu:<\/strong> Belirtilmemi\u015f<br data-start=\"342\" data-end=\"345\" \/><strong data-start=\"345\" data-end=\"357\">Malzeme:<\/strong> Dayan\u0131kl\u0131 metal ala\u015f\u0131m<br data-start=\"380\" data-end=\"383\" \/><strong data-start=\"383\" data-end=\"402\">Kullan\u0131m Alan\u0131:<\/strong> Forklift ve i\u015f makineleri denge mekanizmas\u0131<br data-start=\"446\" data-end=\"449\" \/><strong data-start=\"449\" data-end=\"461\">Avantaj:<\/strong> Evrensel uyumluluk, y\u00fck stabilitesi, dayan\u0131kl\u0131l\u0131k, uzun \u00f6m\u00fcr<\/p>\n<p data-start=\"526\" data-end=\"777\">\n","protected":false},"featured_media":13829,"template":"","meta":[],"product_brand":[],"product_cat":[420],"product_tag":[],"class_list":{"0":"post-10776","1":"product","2":"type-product","3":"status-publish","4":"has-post-thumbnail","6":"product_cat-denge-mekanizmalar","8":"first","9":"instock","10":"taxable","11":"shipping-taxable","12":"purchasable","13":"product-type-simple"},"_links":{"self":[{"href":"https:\/\/ceoparts.com\/tr\/wp-json\/wp\/v2\/product\/10776","targetHints":{"allow":["GET"]}}],"collection":[{"href":"https:\/\/ceoparts.com\/tr\/wp-json\/wp\/v2\/product"}],"about":[{"href":"https:\/\/ceoparts.com\/tr\/wp-json\/wp\/v2\/types\/product"}],"wp:featuredmedia":[{"embeddable":true,"href":"https:\/\/ceoparts.com\/tr\/wp-json\/wp\/v2\/media\/13829"}],"wp:attachment":[{"href":"https:\/\/ceoparts.com\/tr\/wp-json\/wp\/v2\/media?parent=10776"}],"wp:term":[{"taxonomy":"product_brand","embeddable":true,"href":"https:\/\/ceoparts.com\/tr\/wp-json\/wp\/v2\/product_brand?post=10776"},{"taxonomy":"product_cat","embeddable":true,"href":"https:\/\/ceoparts.com\/tr\/wp-json\/wp\/v2\/product_cat?post=10776"},{"taxonomy":"product_tag","embeddable":true,"href":"https:\/\/ceoparts.com\/tr\/wp-json\/wp\/v2\/product_tag?post=10776"}],"curies":[{"name":"wp","href":"https:\/\/api.w.org\/{rel}","templated":true}]}}