{"id":10799,"date":"2024-09-23T17:41:41","date_gmt":"2024-09-23T14:41:41","guid":{"rendered":"https:\/\/ceoparts.com\/?post_type=product&#038;p=10799"},"modified":"2026-05-16T21:15:26","modified_gmt":"2026-05-16T18:15:26","slug":"linde-still-denge-mekanizmasi-11524505514","status":"publish","type":"product","link":"https:\/\/ceoparts.com\/tr\/urun\/linde-still-denge-mekanizmasi-11524505514\/","title":{"rendered":"Linde\/ Still T16 Denge Mekanizmas\u0131 (Tekerleksiz) &#8211; 11524505514"},"content":{"rendered":"<p>Linde\/ Still T16 Denge Mekanizmas\u0131 (Tekerleksiz) &#8211; 11524505514<\/p>","protected":false},"excerpt":{"rendered":"<article class=\"text-token-text-primary w-full\" dir=\"auto\" data-testid=\"conversation-turn-305\" data-scroll-anchor=\"true\">\n<div class=\"text-base my-auto mx-auto py-5 [--thread-content-margin:--spacing(4)] @[37rem]:[--thread-content-margin:--spacing(6)] @[72rem]:[--thread-content-margin:--spacing(16)] px-(--thread-content-margin)\">\n<div class=\"[--thread-content-max-width:32rem] @[34rem]:[--thread-content-max-width:40rem] @[64rem]:[--thread-content-max-width:48rem] mx-auto flex max-w-(--thread-content-max-width) flex-1 text-base gap-4 md:gap-5 lg:gap-6 group\/turn-messages focus-visible:outline-hidden\">\n<div class=\"group\/conversation-turn relative flex w-full min-w-0 flex-col agent-turn\">\n<div class=\"relative flex-col gap-1 md:gap-3\">\n<div class=\"flex max-w-full flex-col grow\">\n<div class=\"min-h-8 text-message relative flex w-full flex-col items-end gap-2 text-start break-words whitespace-normal [.text-message+&amp;]:mt-5\" dir=\"auto\" data-message-author-role=\"assistant\" data-message-id=\"9331d24f-3ee4-485a-927b-216a13f12306\" data-message-model-slug=\"gpt-4-1-mini\">\n<div class=\"flex w-full flex-col gap-1 empty:hidden first:pt-[3px]\">\n<div class=\"markdown prose dark:prose-invert w-full break-words light\">\n<p data-start=\"0\" data-end=\"252\"><br data-start=\"5\" data-end=\"8\" \/>Linde \/ Still T16 Denge Mekanizmas\u0131 (Tekerleksiz), forkliftlerde kullan\u0131lan tekerleksiz denge mekanizmas\u0131d\u0131r. Y\u00fck\u00fcn dengede tutulmas\u0131n\u0131 sa\u011flayarak forkliftin stabilitesini art\u0131r\u0131r. Dayan\u0131kl\u0131 malzemeden \u00fcretilmi\u015f olup uzun \u00f6m\u00fcrl\u00fc kullan\u0131m sunar.<\/p>\n<p data-start=\"254\" data-end=\"524\"><strong data-start=\"254\" data-end=\"269\">\u00d6zellikler:<\/strong><br data-start=\"269\" data-end=\"272\" \/><strong data-start=\"272\" data-end=\"285\">\u00dcr\u00fcn Ad\u0131:<\/strong> Linde \/ Still T16 Denge Mekanizmas\u0131 (Tekerleksiz)<br data-start=\"335\" data-end=\"338\" \/><strong data-start=\"338\" data-end=\"353\">Par\u00e7a Kodu:<\/strong> 11524505514<br data-start=\"365\" data-end=\"368\" \/><strong data-start=\"368\" data-end=\"380\">Malzeme:<\/strong> Dayan\u0131kl\u0131 metal ala\u015f\u0131m<br data-start=\"403\" data-end=\"406\" \/><strong data-start=\"406\" data-end=\"425\">Kullan\u0131m Alan\u0131:<\/strong> Forklift denge mekanizmas\u0131 (tekerleksiz)<br data-start=\"466\" data-end=\"469\" \/><strong data-start=\"469\" data-end=\"481\">Avantaj:<\/strong> Y\u00fck stabilitesi, dayan\u0131kl\u0131l\u0131k, uzun \u00f6m\u00fcr<\/p>\n<p data-start=\"526\" data-end=\"767\">\n<\/div>\n<\/div>\n<\/div>\n<\/div>\n<\/div>\n<\/div>\n<\/div>\n<\/div>\n<\/article>\n","protected":false},"featured_media":10969,"template":"","meta":[],"product_brand":[],"product_cat":[420,423,425,524,241,246,247],"product_tag":[],"class_list":{"0":"post-10799","1":"product","2":"type-product","3":"status-publish","4":"has-post-thumbnail","6":"product_cat-denge-mekanizmalar","7":"product_cat-still-denge-mekanizma","8":"product_cat-linde-denge-mekanizma","9":"product_cat-yedek-parca-still","10":"product_cat-still","11":"product_cat-linde","12":"product_cat-denge-tekeri-linde","14":"first","15":"instock","16":"taxable","17":"shipping-taxable","18":"purchasable","19":"product-type-simple"},"_links":{"self":[{"href":"https:\/\/ceoparts.com\/tr\/wp-json\/wp\/v2\/product\/10799","targetHints":{"allow":["GET"]}}],"collection":[{"href":"https:\/\/ceoparts.com\/tr\/wp-json\/wp\/v2\/product"}],"about":[{"href":"https:\/\/ceoparts.com\/tr\/wp-json\/wp\/v2\/types\/product"}],"wp:featuredmedia":[{"embeddable":true,"href":"https:\/\/ceoparts.com\/tr\/wp-json\/wp\/v2\/media\/10969"}],"wp:attachment":[{"href":"https:\/\/ceoparts.com\/tr\/wp-json\/wp\/v2\/media?parent=10799"}],"wp:term":[{"taxonomy":"product_brand","embeddable":true,"href":"https:\/\/ceoparts.com\/tr\/wp-json\/wp\/v2\/product_brand?post=10799"},{"taxonomy":"product_cat","embeddable":true,"href":"https:\/\/ceoparts.com\/tr\/wp-json\/wp\/v2\/product_cat?post=10799"},{"taxonomy":"product_tag","embeddable":true,"href":"https:\/\/ceoparts.com\/tr\/wp-json\/wp\/v2\/product_tag?post=10799"}],"curies":[{"name":"wp","href":"https:\/\/api.w.org\/{rel}","templated":true}]}}