{"id":10833,"date":"2024-09-24T10:23:03","date_gmt":"2024-09-24T07:23:03","guid":{"rendered":"https:\/\/ceoparts.com\/?post_type=product&#038;p=10833"},"modified":"2026-05-16T17:51:40","modified_gmt":"2026-05-16T14:51:40","slug":"wicke-ucgen-denge-mekanizma-takim","status":"publish","type":"product","link":"https:\/\/ceoparts.com\/tr\/urun\/wicke-ucgen-denge-mekanizma-takim\/","title":{"rendered":"BT Wicke Vulkollan Toyota LPE\/SPE  Denge Mekanizmas\u0131 &#8211; 7611200"},"content":{"rendered":"<p>BT Wicke Vulkollan Toyota LPE\/SPE  Denge Mekanizmas\u0131 &#8211; 7611200<\/p>\n<p><\/p>\n<article class=\"w-full scroll-mb-[var(--thread-trailing-height,150px)] text-token-text-primary focus-visible:outline-2 focus-visible:outline-offset-[-4px]\" dir=\"auto\" data-testid=\"conversation-turn-4\" data-scroll-anchor=\"false\">\n<div class=\"m-auto text-base py-[18px] px-3 md:px-4 w-full md:px-5 lg:px-4 xl:px-5\">\n<div class=\"mx-auto flex flex-1 gap-4 text-base md:gap-5 lg:gap-6 md:max-w-3xl\">\n<div class=\"group\/conversation-turn relative flex w-full min-w-0 flex-col\">\n<div class=\"flex-col gap-1 md:gap-3\">\n<div class=\"flex max-w-full flex-col flex-grow\">\n<div class=\"min-h-8 text-message flex w-full flex-col items-end gap-2 whitespace-normal break-words [.text-message+&amp;]:mt-5\" dir=\"auto\" data-message-author-role=\"user\" data-message-id=\"aaa25d0b-bf37-4867-acac-a200c9d62e30\">\n<div class=\"flex w-full flex-col gap-1 empty:hidden items-end rtl:items-start\">\n<div class=\"relative max-w-[70%] rounded-3xl bg-token-message-surface px-5 py-2.5\">\n<div class=\"whitespace-pre-wrap\"><\/div>\n<\/div>\n<\/div>\n<\/div>\n<\/div>\n<\/div>\n<\/div>\n<\/div>\n<\/div>\n<\/article>\n<article class=\"w-full scroll-mb-[var(--thread-trailing-height,150px)] text-token-text-primary focus-visible:outline-2 focus-visible:outline-offset-[-4px]\" dir=\"auto\" data-testid=\"conversation-turn-5\" data-scroll-anchor=\"true\">\n<h6 class=\"sr-only\"><\/h6>\n<\/article>\n<p>BT 7611200 7523193 \u00d8 = 125mm<\/p>\n<p>BT Toyota LPE200 LPE220 LPE250<\/p>\n<p>SPE120L<br \/>\nSPE140L<br \/>\nSPE160L<br \/>\nSPE200D<br \/>\nSPE200L<br \/>\nSWE145L<br \/>\nSWE160L<br \/>\nSWE200L<\/p>","protected":false},"excerpt":{"rendered":"<p data-start=\"0\" data-end=\"325\"><br data-start=\"5\" data-end=\"8\" \/>BT Wicke Vulkollan Toyota LPE\/SPE Denge Mekanizmas\u0131, forkliftlerin denge sisteminde kullan\u0131lan y\u00fcksek kaliteli bir par\u00e7ad\u0131r. Vulkollan malzemesi sayesinde dayan\u0131kl\u0131, a\u015f\u0131nmaya ve darbeye kar\u015f\u0131 diren\u00e7lidir. Toyota LPE ve SPE modelleri i\u00e7in \u00f6zel olarak tasarlanm\u0131\u015ft\u0131r, y\u00fck stabilitesini art\u0131rarak g\u00fcvenli \u00e7al\u0131\u015fma sa\u011flar.<\/p>\n<p data-start=\"327\" data-end=\"637\"><strong data-start=\"327\" data-end=\"342\">\u00d6zellikler:<\/strong><br data-start=\"342\" data-end=\"345\" \/><strong data-start=\"345\" data-end=\"358\">\u00dcr\u00fcn Ad\u0131:<\/strong> BT Wicke Vulkollan Toyota LPE\/SPE Denge Mekanizmas\u0131<br data-start=\"410\" data-end=\"413\" \/><strong data-start=\"413\" data-end=\"428\">Par\u00e7a Kodu:<\/strong> 7611200<br data-start=\"436\" data-end=\"439\" \/><strong data-start=\"439\" data-end=\"451\">Malzeme:<\/strong> Vulkollan kaplama, metal g\u00f6vde<br data-start=\"482\" data-end=\"485\" \/><strong data-start=\"485\" data-end=\"504\">Kullan\u0131m Alan\u0131:<\/strong> Toyota LPE ve SPE forklift denge mekanizmas\u0131<br data-start=\"549\" data-end=\"552\" \/><strong data-start=\"552\" data-end=\"564\">Avantaj:<\/strong> Y\u00fcksek dayan\u0131kl\u0131l\u0131k, darbe ve a\u015f\u0131nma direnci, y\u00fck stabilitesinde art\u0131\u015f<\/p>\n<p data-start=\"639\" data-end=\"928\">\n","protected":false},"featured_media":13841,"template":"","meta":[],"product_brand":[],"product_cat":[532,251,401,420,424,521,531],"product_tag":[],"class_list":{"0":"post-10833","1":"product","2":"type-product","3":"status-publish","4":"has-post-thumbnail","6":"product_cat-mekanizmalar-wicke","7":"product_cat-bt","8":"product_cat-wicke","9":"product_cat-denge-mekanizmalar","10":"product_cat-wicke-denge-mekanizma","11":"product_cat-toyota","12":"product_cat-mekanizmalar-toyota","14":"first","15":"instock","16":"taxable","17":"shipping-taxable","18":"purchasable","19":"product-type-simple"},"_links":{"self":[{"href":"https:\/\/ceoparts.com\/tr\/wp-json\/wp\/v2\/product\/10833","targetHints":{"allow":["GET"]}}],"collection":[{"href":"https:\/\/ceoparts.com\/tr\/wp-json\/wp\/v2\/product"}],"about":[{"href":"https:\/\/ceoparts.com\/tr\/wp-json\/wp\/v2\/types\/product"}],"wp:featuredmedia":[{"embeddable":true,"href":"https:\/\/ceoparts.com\/tr\/wp-json\/wp\/v2\/media\/13841"}],"wp:attachment":[{"href":"https:\/\/ceoparts.com\/tr\/wp-json\/wp\/v2\/media?parent=10833"}],"wp:term":[{"taxonomy":"product_brand","embeddable":true,"href":"https:\/\/ceoparts.com\/tr\/wp-json\/wp\/v2\/product_brand?post=10833"},{"taxonomy":"product_cat","embeddable":true,"href":"https:\/\/ceoparts.com\/tr\/wp-json\/wp\/v2\/product_cat?post=10833"},{"taxonomy":"product_tag","embeddable":true,"href":"https:\/\/ceoparts.com\/tr\/wp-json\/wp\/v2\/product_tag?post=10833"}],"curies":[{"name":"wp","href":"https:\/\/api.w.org\/{rel}","templated":true}]}}