{"id":10989,"date":"2024-09-25T15:29:48","date_gmt":"2024-09-25T12:29:48","guid":{"rendered":"https:\/\/ceoparts.com\/?post_type=product&#038;p=10989"},"modified":"2026-05-16T16:34:35","modified_gmt":"2026-05-16T13:34:35","slug":"140x54-frezeli-denge-tekeri","status":"publish","type":"product","link":"https:\/\/ceoparts.com\/tr\/urun\/140x54-frezeli-denge-tekeri\/","title":{"rendered":"140&#215;55\/55-23 Frezeli Y\u00fcr\u00fcy\u00fc\u015f Tekeri  Yale MPC15"},"content":{"rendered":"<p>140&#215;55\/55-23 Frezeli Y\u00fcr\u00fcy\u00fc\u015f Tekeri  Yale MPC15 <\/p>","protected":false},"excerpt":{"rendered":"<p data-start=\"0\" data-end=\"301\"><br data-start=\"5\" data-end=\"8\" \/>140\u00d755\/55-23 Frezeli Y\u00fcr\u00fcy\u00fc\u015f Tekeri Yale MPC15, Yale MPC15 model transpalet ve forkliftlerde kullan\u0131lan dayan\u0131kl\u0131 bir y\u00fcr\u00fcy\u00fc\u015f tekeridir. 140 mm \u00e7ap, 55 mm geni\u015flik ve 23 mm yatak \u00f6l\u00e7\u00fcs\u00fcne sahiptir. Frezeli yap\u0131s\u0131 ile zeminde y\u00fcksek kavrama sa\u011flar, a\u015f\u0131nmaya kar\u015f\u0131 diren\u00e7lidir ve uzun \u00f6m\u00fcrl\u00fcd\u00fcr.<\/p>\n<p data-start=\"303\" data-end=\"612\"><strong data-start=\"303\" data-end=\"318\">\u00d6zellikler:<\/strong><br data-start=\"318\" data-end=\"321\" \/><strong data-start=\"321\" data-end=\"334\">\u00dcr\u00fcn Ad\u0131:<\/strong> 140\u00d755\/55-23 Frezeli Y\u00fcr\u00fcy\u00fc\u015f Tekeri Yale MPC15<br data-start=\"381\" data-end=\"384\" \/><strong data-start=\"384\" data-end=\"399\">Par\u00e7a Kodu:<\/strong> Belirtilmemi\u015f<br data-start=\"413\" data-end=\"416\" \/><strong data-start=\"416\" data-end=\"428\">Malzeme:<\/strong> Dayan\u0131kl\u0131 kau\u00e7uk veya poli\u00fcretan kaplama, \u00e7elik g\u00f6vde<br data-start=\"482\" data-end=\"485\" \/><strong data-start=\"485\" data-end=\"504\">Kullan\u0131m Alan\u0131:<\/strong> Yale MPC15 transpalet ve forklift y\u00fcr\u00fcy\u00fc\u015f tekeri<br data-start=\"553\" data-end=\"556\" \/><strong data-start=\"556\" data-end=\"568\">Avantaj:<\/strong> Y\u00fcksek kavrama, a\u015f\u0131nma direnci, uzun \u00f6m\u00fcr<\/p>\n<p data-start=\"614\" data-end=\"922\">\n","protected":false},"featured_media":10993,"template":"","meta":[],"product_brand":[],"product_cat":[193],"product_tag":[],"class_list":{"0":"post-10989","1":"product","2":"type-product","3":"status-publish","4":"has-post-thumbnail","6":"product_cat-yuruyus-tekeri","8":"first","9":"instock","10":"taxable","11":"shipping-taxable","12":"purchasable","13":"product-type-simple"},"_links":{"self":[{"href":"https:\/\/ceoparts.com\/tr\/wp-json\/wp\/v2\/product\/10989","targetHints":{"allow":["GET"]}}],"collection":[{"href":"https:\/\/ceoparts.com\/tr\/wp-json\/wp\/v2\/product"}],"about":[{"href":"https:\/\/ceoparts.com\/tr\/wp-json\/wp\/v2\/types\/product"}],"wp:featuredmedia":[{"embeddable":true,"href":"https:\/\/ceoparts.com\/tr\/wp-json\/wp\/v2\/media\/10993"}],"wp:attachment":[{"href":"https:\/\/ceoparts.com\/tr\/wp-json\/wp\/v2\/media?parent=10989"}],"wp:term":[{"taxonomy":"product_brand","embeddable":true,"href":"https:\/\/ceoparts.com\/tr\/wp-json\/wp\/v2\/product_brand?post=10989"},{"taxonomy":"product_cat","embeddable":true,"href":"https:\/\/ceoparts.com\/tr\/wp-json\/wp\/v2\/product_cat?post=10989"},{"taxonomy":"product_tag","embeddable":true,"href":"https:\/\/ceoparts.com\/tr\/wp-json\/wp\/v2\/product_tag?post=10989"}],"curies":[{"name":"wp","href":"https:\/\/api.w.org\/{rel}","templated":true}]}}