{"id":11042,"date":"2024-10-01T14:39:52","date_gmt":"2024-10-01T11:39:52","guid":{"rendered":"https:\/\/ceoparts.com\/?post_type=product&#038;p=11042"},"modified":"2026-05-16T11:56:50","modified_gmt":"2026-05-16T08:56:50","slug":"300x102-40-bomerang-vulkoprin-yuk-tekeri","status":"publish","type":"product","link":"https:\/\/ceoparts.com\/tr\/urun\/300x102-40-bomerang-vulkoprin-yuk-tekeri\/","title":{"rendered":"310&#215;102-40 Bomerang Vulkoprin Vulkollan Y\u00fck Tekeri &#8211; 8427484"},"content":{"rendered":"<p>310&#215;102-40 Bomerang Vulkoprin Vulkollan Y\u00fck Tekeri &#8211; 8427484<\/p>\n<p>Still 842748<\/p>\n<p>Still FM-X<\/p>\n<p>Still FM-XN<\/p>","protected":false},"excerpt":{"rendered":"<p data-start=\"0\" data-end=\"372\"><br data-start=\"5\" data-end=\"8\" \/>310\u00d7102-40 Bomerang Vulkoprin Vulkollan Y\u00fck Tekeri, forklift ve end\u00fcstriyel ta\u015f\u0131ma ara\u00e7lar\u0131nda kullan\u0131lan dayan\u0131kl\u0131 ve y\u00fcksek kaliteli bir y\u00fck tekeridir. 310 mm \u00e7ap, 102 mm geni\u015flik ve 40 mm yatak \u00f6l\u00e7\u00fcs\u00fcne sahiptir. Bomerang Vulkoprin Vulkollan kaplama, \u00fcst\u00fcn a\u015f\u0131nma direnci, elastikiyet ve titre\u015fim emilimi sa\u011flar. Uzun \u00f6m\u00fcrl\u00fc kullan\u0131m ve y\u00fcksek performans sunar.<\/p>\n<p data-start=\"374\" data-end=\"704\"><strong data-start=\"374\" data-end=\"389\">\u00d6zellikler:<\/strong><br data-start=\"389\" data-end=\"392\" \/><strong data-start=\"392\" data-end=\"405\">\u00dcr\u00fcn Ad\u0131:<\/strong> 310\u00d7102-40 Bomerang Vulkoprin Vulkollan Y\u00fck Tekeri<br data-start=\"456\" data-end=\"459\" \/><strong data-start=\"459\" data-end=\"474\">Par\u00e7a Kodu:<\/strong> 8427484<br data-start=\"482\" data-end=\"485\" \/><strong data-start=\"485\" data-end=\"497\">Malzeme:<\/strong> Bomerang Vulkoprin Vulkollan kaplama, \u00e7elik g\u00f6vde<br data-start=\"547\" data-end=\"550\" \/><strong data-start=\"550\" data-end=\"569\">Kullan\u0131m Alan\u0131:<\/strong> Forklift ve end\u00fcstriyel ta\u015f\u0131ma ara\u00e7lar\u0131 y\u00fck tekeri<br data-start=\"620\" data-end=\"623\" \/><strong data-start=\"623\" data-end=\"635\">Avantaj:<\/strong> Y\u00fcksek a\u015f\u0131nma direnci, titre\u015fim emilimi, elastik ve dayan\u0131kl\u0131 yap\u0131<\/p>\n<p data-start=\"706\" data-end=\"1099\">\n","protected":false},"featured_media":11046,"template":"","meta":[],"product_brand":[],"product_cat":[241,245,428,194],"product_tag":[],"class_list":{"0":"post-11042","1":"product","2":"type-product","3":"status-publish","4":"has-post-thumbnail","6":"product_cat-still","7":"product_cat-yuk-tekeri-still","8":"product_cat-yuk-tekeri-vulkoprin","9":"product_cat-yuk-tekeri","11":"first","12":"instock","13":"taxable","14":"shipping-taxable","15":"purchasable","16":"product-type-simple"},"_links":{"self":[{"href":"https:\/\/ceoparts.com\/tr\/wp-json\/wp\/v2\/product\/11042","targetHints":{"allow":["GET"]}}],"collection":[{"href":"https:\/\/ceoparts.com\/tr\/wp-json\/wp\/v2\/product"}],"about":[{"href":"https:\/\/ceoparts.com\/tr\/wp-json\/wp\/v2\/types\/product"}],"wp:featuredmedia":[{"embeddable":true,"href":"https:\/\/ceoparts.com\/tr\/wp-json\/wp\/v2\/media\/11046"}],"wp:attachment":[{"href":"https:\/\/ceoparts.com\/tr\/wp-json\/wp\/v2\/media?parent=11042"}],"wp:term":[{"taxonomy":"product_brand","embeddable":true,"href":"https:\/\/ceoparts.com\/tr\/wp-json\/wp\/v2\/product_brand?post=11042"},{"taxonomy":"product_cat","embeddable":true,"href":"https:\/\/ceoparts.com\/tr\/wp-json\/wp\/v2\/product_cat?post=11042"},{"taxonomy":"product_tag","embeddable":true,"href":"https:\/\/ceoparts.com\/tr\/wp-json\/wp\/v2\/product_tag?post=11042"}],"curies":[{"name":"wp","href":"https:\/\/api.w.org\/{rel}","templated":true}]}}