{"id":11068,"date":"2024-10-01T15:30:21","date_gmt":"2024-10-01T12:30:21","guid":{"rendered":"https:\/\/ceoparts.com\/?post_type=product&#038;p=11068"},"modified":"2026-05-06T12:51:53","modified_gmt":"2026-05-06T09:51:53","slug":"350x106-6b-stellana-yuk-tekeri-7540800-7610264","status":"publish","type":"product","link":"https:\/\/ceoparts.com\/tr\/urun\/350x106-6b-stellana-yuk-tekeri-7540800-7610264\/","title":{"rendered":"350&#215;106 6B BT RRE200 Stellana Vulkollan Y\u00fck Tekeri &#8211; 7540800"},"content":{"rendered":"<p>350&#215;106 6B BT RRE200 Stellana Vulkollan Y\u00fck Tekeri &#8211; 7540800<\/p>\n<p><\/p>\n<table>\n<tbody>\n<tr>\n<td>970920<\/td>\n<td>Vulk Hjul 350\/300\u00d7106<\/td>\n<\/tr>\n<tr>\n<td>963600<\/td>\n<td>Bricka 72,5\/52,5\u00d79,5<\/td>\n<\/tr>\n<tr>\n<td>8037<\/td>\n<td>BUSHING \u00d840\/52\u00d789-14<\/td>\n<\/tr>\n<tr>\n<td>8033<\/td>\n<td>Bricka 52,5\/30,2\u00d710,2<\/td>\n<\/tr>\n<tr>\n<td>7997<\/td>\n<td>Sp\u00e5rring SgH 72<\/td>\n<\/tr>\n<tr>\n<td>101252<\/td>\n<td>Rullager DAC \u00d873\u00d755-40<\/td>\n<\/tr>\n<tr>\n<td>101212<\/td>\n<td>Buntband 4,8\u00d7360 TY528MR<\/td>\n<\/tr>\n<\/tbody>\n<\/table>\n<p>BT RRE200<\/p>","protected":false},"excerpt":{"rendered":"<p data-start=\"0\" data-end=\"408\"><br data-start=\"5\" data-end=\"8\" \/>350\u00d7106 6B BT RRE200 Stellana Vulkollan Y\u00fck Tekeri, forklift ve end\u00fcstriyel ta\u015f\u0131ma ara\u00e7lar\u0131nda kullan\u0131lan y\u00fcksek dayan\u0131kl\u0131l\u0131\u011fa sahip bir y\u00fck tekeridir. 350 mm \u00e7ap, 106 mm geni\u015flik ve 6 bilyal\u0131 rulman sistemi ile donat\u0131lm\u0131\u015ft\u0131r. Stellana Vulkollan kaplama, y\u00fcksek a\u015f\u0131nma direnci, elastikiyet ve titre\u015fim emilimi sa\u011flar. A\u011f\u0131r y\u00fckler alt\u0131nda uzun \u00f6m\u00fcrl\u00fc performans sunar ve zeminle m\u00fckemmel tutu\u015f sa\u011flar.<\/p>\n<p data-start=\"410\" data-end=\"730\"><strong data-start=\"410\" data-end=\"425\">\u00d6zellikler:<\/strong><br data-start=\"425\" data-end=\"428\" \/><strong data-start=\"428\" data-end=\"441\">\u00dcr\u00fcn Ad\u0131:<\/strong> 350\u00d7106 6B BT RRE200 Stellana Vulkollan Y\u00fck Tekeri<br data-start=\"492\" data-end=\"495\" \/><strong data-start=\"495\" data-end=\"510\">Par\u00e7a Kodu:<\/strong> 7540800<br data-start=\"518\" data-end=\"521\" \/><strong data-start=\"521\" data-end=\"533\">Malzeme:<\/strong> Stellana Vulkollan kaplama, \u00e7elik g\u00f6vde<br data-start=\"573\" data-end=\"576\" \/><strong data-start=\"576\" data-end=\"595\">Kullan\u0131m Alan\u0131:<\/strong> Forklift ve end\u00fcstriyel ta\u015f\u0131ma ara\u00e7lar\u0131 y\u00fck tekeri<br data-start=\"646\" data-end=\"649\" \/><strong data-start=\"649\" data-end=\"661\">Avantaj:<\/strong> Y\u00fcksek a\u015f\u0131nma direnci, titre\u015fim emilimi, elastik ve dayan\u0131kl\u0131 yap\u0131<\/p>\n<p data-start=\"732\" data-end=\"1143\">\n","protected":false},"featured_media":11073,"template":"","meta":[],"product_brand":[],"product_cat":[251,255,416,419,194],"product_tag":[],"class_list":{"0":"post-11068","1":"product","2":"type-product","3":"status-publish","4":"has-post-thumbnail","6":"product_cat-bt","7":"product_cat-yuk-tekeri-bt","8":"product_cat-stellana","9":"product_cat-yuk-tekeri-stellana","10":"product_cat-yuk-tekeri","12":"first","13":"instock","14":"taxable","15":"shipping-taxable","16":"purchasable","17":"product-type-simple"},"_links":{"self":[{"href":"https:\/\/ceoparts.com\/tr\/wp-json\/wp\/v2\/product\/11068","targetHints":{"allow":["GET"]}}],"collection":[{"href":"https:\/\/ceoparts.com\/tr\/wp-json\/wp\/v2\/product"}],"about":[{"href":"https:\/\/ceoparts.com\/tr\/wp-json\/wp\/v2\/types\/product"}],"wp:featuredmedia":[{"embeddable":true,"href":"https:\/\/ceoparts.com\/tr\/wp-json\/wp\/v2\/media\/11073"}],"wp:attachment":[{"href":"https:\/\/ceoparts.com\/tr\/wp-json\/wp\/v2\/media?parent=11068"}],"wp:term":[{"taxonomy":"product_brand","embeddable":true,"href":"https:\/\/ceoparts.com\/tr\/wp-json\/wp\/v2\/product_brand?post=11068"},{"taxonomy":"product_cat","embeddable":true,"href":"https:\/\/ceoparts.com\/tr\/wp-json\/wp\/v2\/product_cat?post=11068"},{"taxonomy":"product_tag","embeddable":true,"href":"https:\/\/ceoparts.com\/tr\/wp-json\/wp\/v2\/product_tag?post=11068"}],"curies":[{"name":"wp","href":"https:\/\/api.w.org\/{rel}","templated":true}]}}