{"id":11074,"date":"2024-10-01T15:38:20","date_gmt":"2024-10-01T12:38:20","guid":{"rendered":"https:\/\/ceoparts.com\/?post_type=product&#038;p=11074"},"modified":"2026-05-16T10:56:37","modified_gmt":"2026-05-16T07:56:37","slug":"370x165-60-stellana-vulkollan-yuk-tekeri","status":"publish","type":"product","link":"https:\/\/ceoparts.com\/tr\/urun\/370x165-60-stellana-vulkollan-yuk-tekeri\/","title":{"rendered":"370&#215;165-60 Stellana Vulkollan Y\u00fck Tekeri &#8211; 8429655 , 0009903903"},"content":{"rendered":"<p>370&#215;165-60 Stellana Vulkollan Y\u00fck Tekeri &#8211; 8429655 , 0009903903<\/p>","protected":false},"excerpt":{"rendered":"<p data-start=\"0\" data-end=\"441\"><br data-start=\"5\" data-end=\"8\" \/>370\u00d7165-60 Stellana Vulkollan Y\u00fck Tekeri, forklift ve end\u00fcstriyel ta\u015f\u0131ma ara\u00e7lar\u0131nda kullan\u0131lan y\u00fcksek dayan\u0131kl\u0131l\u0131\u011fa sahip bir y\u00fck tekeridir. 370 mm \u00e7ap, 165 mm geni\u015flik ve 60 mm yatak \u00f6l\u00e7\u00fclerine sahip olan bu teker, Stellana Vulkollan malzemesi ile \u00fcretilmi\u015ftir. Vulkollan kaplama, y\u00fcksek a\u015f\u0131nma direnci, elastikiyet ve titre\u015fim emilimi sa\u011flar. A\u011f\u0131r y\u00fckler alt\u0131nda dahi uzun \u00f6m\u00fcrl\u00fc performans sunar ve zeminle m\u00fckemmel tutu\u015f sa\u011flar.<\/p>\n<p data-start=\"443\" data-end=\"765\"><strong data-start=\"443\" data-end=\"458\">\u00d6zellikler:<\/strong><br data-start=\"458\" data-end=\"461\" \/><strong data-start=\"461\" data-end=\"474\">\u00dcr\u00fcn Ad\u0131:<\/strong> 370\u00d7165-60 Stellana Vulkollan Y\u00fck Tekeri<br data-start=\"515\" data-end=\"518\" \/><strong data-start=\"518\" data-end=\"533\">Par\u00e7a Kodu:<\/strong> 8429655, 0009903903<br data-start=\"553\" data-end=\"556\" \/><strong data-start=\"556\" data-end=\"568\">Malzeme:<\/strong> Stellana Vulkollan kaplama, \u00e7elik g\u00f6vde<br data-start=\"608\" data-end=\"611\" \/><strong data-start=\"611\" data-end=\"630\">Kullan\u0131m Alan\u0131:<\/strong> Forklift ve end\u00fcstriyel ta\u015f\u0131ma ara\u00e7lar\u0131 y\u00fck tekeri<br data-start=\"681\" data-end=\"684\" \/><strong data-start=\"684\" data-end=\"696\">Avantaj:<\/strong> Y\u00fcksek a\u015f\u0131nma direnci, titre\u015fim emilimi, elastik ve dayan\u0131kl\u0131 yap\u0131<\/p>\n<p data-start=\"767\" data-end=\"1212\">\n","protected":false},"featured_media":11075,"template":"","meta":[],"product_brand":[],"product_cat":[416,419,194],"product_tag":[],"class_list":{"0":"post-11074","1":"product","2":"type-product","3":"status-publish","4":"has-post-thumbnail","6":"product_cat-stellana","7":"product_cat-yuk-tekeri-stellana","8":"product_cat-yuk-tekeri","10":"first","11":"instock","12":"taxable","13":"shipping-taxable","14":"purchasable","15":"product-type-simple"},"_links":{"self":[{"href":"https:\/\/ceoparts.com\/tr\/wp-json\/wp\/v2\/product\/11074","targetHints":{"allow":["GET"]}}],"collection":[{"href":"https:\/\/ceoparts.com\/tr\/wp-json\/wp\/v2\/product"}],"about":[{"href":"https:\/\/ceoparts.com\/tr\/wp-json\/wp\/v2\/types\/product"}],"wp:featuredmedia":[{"embeddable":true,"href":"https:\/\/ceoparts.com\/tr\/wp-json\/wp\/v2\/media\/11075"}],"wp:attachment":[{"href":"https:\/\/ceoparts.com\/tr\/wp-json\/wp\/v2\/media?parent=11074"}],"wp:term":[{"taxonomy":"product_brand","embeddable":true,"href":"https:\/\/ceoparts.com\/tr\/wp-json\/wp\/v2\/product_brand?post=11074"},{"taxonomy":"product_cat","embeddable":true,"href":"https:\/\/ceoparts.com\/tr\/wp-json\/wp\/v2\/product_cat?post=11074"},{"taxonomy":"product_tag","embeddable":true,"href":"https:\/\/ceoparts.com\/tr\/wp-json\/wp\/v2\/product_tag?post=11074"}],"curies":[{"name":"wp","href":"https:\/\/api.w.org\/{rel}","templated":true}]}}