{"id":11078,"date":"2024-10-01T15:57:54","date_gmt":"2024-10-01T12:57:54","guid":{"rendered":"https:\/\/ceoparts.com\/?post_type=product&#038;p=11078"},"modified":"2026-05-02T18:05:36","modified_gmt":"2026-05-02T15:05:36","slug":"200x140x100-75stellana-yuk-tekeri","status":"publish","type":"product","link":"https:\/\/ceoparts.com\/tr\/urun\/200x140x100-75stellana-yuk-tekeri\/","title":{"rendered":"200\/140&#215;100-75 Stellana Y\u00fck Tekeri &#8211; 63187820"},"content":{"rendered":"<p>200\/140&#215;100-75 Stellana Y\u00fck Tekeri &#8211; 63187820<\/p>","protected":false},"excerpt":{"rendered":"<p data-start=\"0\" data-end=\"391\"><br data-start=\"5\" data-end=\"8\" \/>200\/140\u00d7100-75 Stellana Y\u00fck Tekeri, forklift ve end\u00fcstriyel ta\u015f\u0131ma ara\u00e7lar\u0131nda kullan\u0131lan dayan\u0131kl\u0131 ve y\u00fcksek performansl\u0131 bir y\u00fck tekeridir. 200 mm d\u0131\u015f \u00e7ap, 140 mm i\u00e7 \u00e7ap, 100 mm geni\u015flik ve 75 mm yatak \u00f6l\u00e7\u00fclerine sahiptir. Stellana poli\u00fcretan kaplama sayesinde zemin \u00fczerinde y\u00fcksek a\u015f\u0131nma direnci ve kaymazl\u0131k sa\u011flar. A\u011f\u0131r y\u00fckler alt\u0131nda bile stabil s\u00fcr\u00fc\u015f sunar ve uzun \u00f6m\u00fcrl\u00fcd\u00fcr.<\/p>\n<p data-start=\"393\" data-end=\"689\"><strong data-start=\"393\" data-end=\"408\">\u00d6zellikler:<\/strong><br data-start=\"408\" data-end=\"411\" \/><strong data-start=\"411\" data-end=\"424\">\u00dcr\u00fcn Ad\u0131:<\/strong> 200\/140\u00d7100-75 Stellana Y\u00fck Tekeri<br data-start=\"459\" data-end=\"462\" \/><strong data-start=\"462\" data-end=\"477\">Par\u00e7a Kodu:<\/strong> 63187820<br data-start=\"486\" data-end=\"489\" \/><strong data-start=\"489\" data-end=\"501\">Malzeme:<\/strong> Poli\u00fcretan kaplama, \u00e7elik g\u00f6vde<br data-start=\"533\" data-end=\"536\" \/><strong data-start=\"536\" data-end=\"555\">Kullan\u0131m Alan\u0131:<\/strong> Forklift ve end\u00fcstriyel ta\u015f\u0131ma ara\u00e7lar\u0131 y\u00fck tekeri<br data-start=\"606\" data-end=\"609\" \/><strong data-start=\"609\" data-end=\"621\">Avantaj:<\/strong> Y\u00fcksek a\u015f\u0131nma direnci, kaymaz y\u00fczey, stabil s\u00fcr\u00fc\u015f ve dayan\u0131kl\u0131l\u0131k<\/p>\n<p data-start=\"691\" data-end=\"1108\">\n","protected":false},"featured_media":11080,"template":"","meta":[],"product_brand":[],"product_cat":[419,194],"product_tag":[],"class_list":{"0":"post-11078","1":"product","2":"type-product","3":"status-publish","4":"has-post-thumbnail","6":"product_cat-yuk-tekeri-stellana","7":"product_cat-yuk-tekeri","9":"first","10":"instock","11":"taxable","12":"shipping-taxable","13":"purchasable","14":"product-type-simple"},"_links":{"self":[{"href":"https:\/\/ceoparts.com\/tr\/wp-json\/wp\/v2\/product\/11078","targetHints":{"allow":["GET"]}}],"collection":[{"href":"https:\/\/ceoparts.com\/tr\/wp-json\/wp\/v2\/product"}],"about":[{"href":"https:\/\/ceoparts.com\/tr\/wp-json\/wp\/v2\/types\/product"}],"wp:featuredmedia":[{"embeddable":true,"href":"https:\/\/ceoparts.com\/tr\/wp-json\/wp\/v2\/media\/11080"}],"wp:attachment":[{"href":"https:\/\/ceoparts.com\/tr\/wp-json\/wp\/v2\/media?parent=11078"}],"wp:term":[{"taxonomy":"product_brand","embeddable":true,"href":"https:\/\/ceoparts.com\/tr\/wp-json\/wp\/v2\/product_brand?post=11078"},{"taxonomy":"product_cat","embeddable":true,"href":"https:\/\/ceoparts.com\/tr\/wp-json\/wp\/v2\/product_cat?post=11078"},{"taxonomy":"product_tag","embeddable":true,"href":"https:\/\/ceoparts.com\/tr\/wp-json\/wp\/v2\/product_tag?post=11078"}],"curies":[{"name":"wp","href":"https:\/\/api.w.org\/{rel}","templated":true}]}}