{"id":11082,"date":"2024-10-02T13:32:16","date_gmt":"2024-10-02T10:32:16","guid":{"rendered":"https:\/\/ceoparts.com\/?post_type=product&#038;p=11082"},"modified":"2026-05-16T19:47:51","modified_gmt":"2026-05-16T16:47:51","slug":"150x130-25-wicke-yuk-tekeri","status":"publish","type":"product","link":"https:\/\/ceoparts.com\/tr\/urun\/150x130-25-wicke-yuk-tekeri\/","title":{"rendered":"150&#215;130\/25 Wicke Y\u00fck Tekeri &#8211; EKS110 &#8211; 51107126"},"content":{"rendered":"<p>150&#215;130\/25 Wicke Y\u00fck Tekeri &#8211; EKS110 &#8211; 51107126<\/p>","protected":false},"excerpt":{"rendered":"<p data-start=\"0\" data-end=\"414\"><br data-start=\"5\" data-end=\"8\" \/>150\u00d7130\/25 Wicke Y\u00fck Tekeri, forklift ve end\u00fcstriyel ta\u015f\u0131ma ara\u00e7lar\u0131nda kullan\u0131lan dayan\u0131kl\u0131 bir y\u00fck tekeridir. 150 mm \u00e7ap, 130 mm geni\u015flik ve 25 mm yatak \u00f6l\u00e7\u00fclerine sahip olan bu teker, a\u011f\u0131r y\u00fcklerin ta\u015f\u0131nmas\u0131nda y\u00fcksek performans sa\u011flar. Wicke poli\u00fcretan kaplama ile zemin \u00fczerinde y\u00fcksek a\u015f\u0131nma direnci ve kaymazl\u0131k sunar. Uzun \u00f6m\u00fcrl\u00fc ve sa\u011flam yap\u0131s\u0131yla forklift operasyonlar\u0131nda g\u00fcvenle tercih edilir.<\/p>\n<p data-start=\"416\" data-end=\"696\"><strong data-start=\"416\" data-end=\"431\">\u00d6zellikler:<\/strong><br data-start=\"431\" data-end=\"434\" \/><strong data-start=\"434\" data-end=\"447\">\u00dcr\u00fcn Ad\u0131:<\/strong> 150\u00d7130\/25 Wicke Y\u00fck Tekeri<br data-start=\"475\" data-end=\"478\" \/><strong data-start=\"478\" data-end=\"493\">Par\u00e7a Kodu:<\/strong> EKS110, 51107126<br data-start=\"510\" data-end=\"513\" \/><strong data-start=\"513\" data-end=\"525\">Malzeme:<\/strong> Poli\u00fcretan kaplama, \u00e7elik g\u00f6vde<br data-start=\"557\" data-end=\"560\" \/><strong data-start=\"560\" data-end=\"579\">Kullan\u0131m Alan\u0131:<\/strong> Forklift ve end\u00fcstriyel ta\u015f\u0131ma ara\u00e7lar\u0131 y\u00fck tekeri<br data-start=\"630\" data-end=\"633\" \/><strong data-start=\"633\" data-end=\"645\">Avantaj:<\/strong> Y\u00fcksek a\u015f\u0131nma direnci, sa\u011flam yap\u0131, kaymaz y\u00fczey<\/p>\n<p data-start=\"698\" data-end=\"1127\">\n","protected":false},"featured_media":11086,"template":"","meta":[],"product_brand":[],"product_cat":[400,402],"product_tag":[],"class_list":{"0":"post-11082","1":"product","2":"type-product","3":"status-publish","4":"has-post-thumbnail","6":"product_cat-catal-tekeri","7":"product_cat-catal-tekeri-wicke","9":"first","10":"instock","11":"taxable","12":"shipping-taxable","13":"purchasable","14":"product-type-simple"},"_links":{"self":[{"href":"https:\/\/ceoparts.com\/tr\/wp-json\/wp\/v2\/product\/11082","targetHints":{"allow":["GET"]}}],"collection":[{"href":"https:\/\/ceoparts.com\/tr\/wp-json\/wp\/v2\/product"}],"about":[{"href":"https:\/\/ceoparts.com\/tr\/wp-json\/wp\/v2\/types\/product"}],"wp:featuredmedia":[{"embeddable":true,"href":"https:\/\/ceoparts.com\/tr\/wp-json\/wp\/v2\/media\/11086"}],"wp:attachment":[{"href":"https:\/\/ceoparts.com\/tr\/wp-json\/wp\/v2\/media?parent=11082"}],"wp:term":[{"taxonomy":"product_brand","embeddable":true,"href":"https:\/\/ceoparts.com\/tr\/wp-json\/wp\/v2\/product_brand?post=11082"},{"taxonomy":"product_cat","embeddable":true,"href":"https:\/\/ceoparts.com\/tr\/wp-json\/wp\/v2\/product_cat?post=11082"},{"taxonomy":"product_tag","embeddable":true,"href":"https:\/\/ceoparts.com\/tr\/wp-json\/wp\/v2\/product_tag?post=11082"}],"curies":[{"name":"wp","href":"https:\/\/api.w.org\/{rel}","templated":true}]}}