{"id":11096,"date":"2024-10-07T12:57:33","date_gmt":"2024-10-07T09:57:33","guid":{"rendered":"https:\/\/ceoparts.com\/?post_type=product&#038;p=11096"},"modified":"2026-05-16T21:10:59","modified_gmt":"2026-05-16T18:10:59","slug":"230x75-45-rota-kahverengi-yuruyus-tekeri","status":"publish","type":"product","link":"https:\/\/ceoparts.com\/tr\/urun\/230x75-45-rota-kahverengi-yuruyus-tekeri\/","title":{"rendered":"230&#215;75-45 Tellure Rota Kahverengi Y\u00fcr\u00fcy\u00fc\u015f Tekeri &#8211; 4359920, 4400716, 0009903819"},"content":{"rendered":"<p>230&#215;75-45 Tellure Rota Kahverengi Y\u00fcr\u00fcy\u00fc\u015f Tekeri &#8211; 4359920, 4400716, 0009903819<\/p>\n<p>LINDE 0009903819, 0009934071<\/p>\n<p>1151\u00a0T16\/T16P\/T20\/T20P<br \/>\n1152\u00a0T16\/T18\/T20\/T16L<br \/>\n1160\u00a0D06\/D08<br \/>\n1169\u00a0L10\/L12\/L14C<br \/>\n1169\u00a0L10P\/L12P\/L14P<br \/>\n1172\u00a0L10\/L12\/L12i<\/p>\n<p>Still 4359920 4400716<\/p>\n<p>EXU<br \/>\nEXU AC16 (0143, 0150, 0151, 0152)<br \/>\nEXU AC18 (0143, 0150, 0151, 0152)<br \/>\nEXU AC20 (0143, 0150, 0151, 0152)<br \/>\nEXU AC22 (0143, 0150, 0151, 0152)<br \/>\nEXU LINDE USA (0147)<br \/>\nEXU-H (0202)<br \/>\nEXU-H AC (0203)<br \/>\nEXU-H AC Autolift (0161, 0162, 0163)<br \/>\nEXU-SF20 (0160, 0179)<br \/>\nEXU-SF20 09\/2013-&gt;<br \/>\nEXV<br \/>\nEXV10 (4572) 02\/2015-&gt;<br \/>\nEXV10BASIC (4572) 02\/2015-&gt;<br \/>\nEXV12 (4572) 02\/2015-&gt;<br \/>\nEXV12I (4572) 02\/2015-&gt;<br \/>\nEXV14C (4572) 02\/2015-&gt;<br \/>\nEXV14IC (4572) 02\/2015-&gt;<br \/>\nEXVBasic (0251, 0252, 0253, 0254)<br \/>\nEXVBasic (0270, 0271, 0272, 0273) 01\/2013-&gt;<br \/>\nEXD<br \/>\nEXD-SF20 (0260,0261, 0283, 0284)<br \/>\nEXD-SF20 (0283, 0284)<br \/>\nEXD18 (0285, 0286)<br \/>\nEXD20 (0260,0261, 0283, 0284)<br \/>\nEXD20 (0283, 0284)<br \/>\nEGU<br \/>\nEGU 16 (0115, 0117, 0119, 0125)<br \/>\nEGU 18 (0115, 0117, 0119, 0125)<br \/>\nEGU 20 (0115, 0117, 0119, 0125)<br \/>\nEGU 20-S (0115, 0117, 0119, 0125)<br \/>\nEGU-H (0201)<br \/>\nEGU20 (0122)<br \/>\nEGU20S (0123)<br \/>\nEGV<br \/>\nEGV14 (0248,0250)<br \/>\nEGV16 (0248,0250)<br \/>\nLTX<br \/>\nLTX-T04<br \/>\nLTX20<br \/>\nTSD<br \/>\nTSD-SF20<br \/>\nTSD20<br \/>\nEGD<br \/>\nEGD16 (0219)<br \/>\nCL<br \/>\nCL10 Basic (4572) 01\/2013 -&gt;<br \/>\nCL12 Basic (4572) 01\/2013-&gt;<br \/>\nCL12i Basic (4572) 01\/2013-&gt;<\/p>","protected":false},"excerpt":{"rendered":"<p data-start=\"0\" data-end=\"446\"><br data-start=\"5\" data-end=\"8\" \/>230\u00d775-45 Tellure Rota Kahverengi Y\u00fcr\u00fcy\u00fc\u015f Tekeri, forklift ve end\u00fcstriyel ta\u015f\u0131ma ara\u00e7lar\u0131nda kullan\u0131lan dayan\u0131kl\u0131 ve y\u00fcksek performansl\u0131 bir y\u00fcr\u00fcy\u00fc\u015f tekeridir. 230 mm \u00e7ap, 75 mm geni\u015flik ve 45 mm yatak \u00f6l\u00e7\u00fclerine sahip bu model, kahverengi poli\u00fcretan kaplamas\u0131yla zemin \u00fczerinde y\u00fcksek tutu\u015f ve kaymazl\u0131k sa\u011flar. Kanal yap\u0131s\u0131 sayesinde stabil s\u00fcr\u00fc\u015f ve uzun \u00f6m\u00fcrl\u00fc kullan\u0131m sunar. A\u011f\u0131r y\u00fck ko\u015fullar\u0131nda bile deformasyona kar\u015f\u0131 diren\u00e7lidir.<\/p>\n<p data-start=\"448\" data-end=\"807\"><strong data-start=\"448\" data-end=\"463\">\u00d6zellikler:<\/strong><br data-start=\"463\" data-end=\"466\" \/><strong data-start=\"466\" data-end=\"479\">\u00dcr\u00fcn Ad\u0131:<\/strong> 230\u00d775-45 Tellure Rota Kahverengi Y\u00fcr\u00fcy\u00fc\u015f Tekeri<br data-start=\"528\" data-end=\"531\" \/><strong data-start=\"531\" data-end=\"546\">Par\u00e7a Kodu:<\/strong> 4359920, 4400716, 0009903819<br data-start=\"575\" data-end=\"578\" \/><strong data-start=\"578\" data-end=\"590\">Malzeme:<\/strong> Kahverengi poli\u00fcretan kaplama, \u00e7elik g\u00f6vde<br data-start=\"633\" data-end=\"636\" \/><strong data-start=\"636\" data-end=\"655\">Kullan\u0131m Alan\u0131:<\/strong> Forklift ve end\u00fcstriyel ta\u015f\u0131ma ara\u00e7lar\u0131 y\u00fcr\u00fcy\u00fc\u015f tekeri<br data-start=\"710\" data-end=\"713\" \/><strong data-start=\"713\" data-end=\"725\">Avantaj:<\/strong> Kanal yap\u0131s\u0131 ile stabil s\u00fcr\u00fc\u015f, y\u00fcksek a\u015f\u0131nma direnci, kaymaz ve dayan\u0131kl\u0131 y\u00fczey<\/p>\n<p data-start=\"809\" data-end=\"1250\">\n","protected":false},"featured_media":11520,"template":"","meta":[],"product_brand":[],"product_cat":[244,246,249,412,414,241,193],"product_tag":[],"class_list":{"0":"post-11096","1":"product","2":"type-product","3":"status-publish","4":"has-post-thumbnail","6":"product_cat-yuruyus-tekeri-still","7":"product_cat-linde","8":"product_cat-yuruyus-tekeri-linde","9":"product_cat-tellure-rota","10":"product_cat-yuruyus-tekeri-rota","11":"product_cat-still","12":"product_cat-yuruyus-tekeri","14":"first","15":"instock","16":"taxable","17":"shipping-taxable","18":"purchasable","19":"product-type-simple"},"_links":{"self":[{"href":"https:\/\/ceoparts.com\/tr\/wp-json\/wp\/v2\/product\/11096","targetHints":{"allow":["GET"]}}],"collection":[{"href":"https:\/\/ceoparts.com\/tr\/wp-json\/wp\/v2\/product"}],"about":[{"href":"https:\/\/ceoparts.com\/tr\/wp-json\/wp\/v2\/types\/product"}],"wp:featuredmedia":[{"embeddable":true,"href":"https:\/\/ceoparts.com\/tr\/wp-json\/wp\/v2\/media\/11520"}],"wp:attachment":[{"href":"https:\/\/ceoparts.com\/tr\/wp-json\/wp\/v2\/media?parent=11096"}],"wp:term":[{"taxonomy":"product_brand","embeddable":true,"href":"https:\/\/ceoparts.com\/tr\/wp-json\/wp\/v2\/product_brand?post=11096"},{"taxonomy":"product_cat","embeddable":true,"href":"https:\/\/ceoparts.com\/tr\/wp-json\/wp\/v2\/product_cat?post=11096"},{"taxonomy":"product_tag","embeddable":true,"href":"https:\/\/ceoparts.com\/tr\/wp-json\/wp\/v2\/product_tag?post=11096"}],"curies":[{"name":"wp","href":"https:\/\/api.w.org\/{rel}","templated":true}]}}