{"id":11110,"date":"2024-10-07T14:09:55","date_gmt":"2024-10-07T11:09:55","guid":{"rendered":"https:\/\/ceoparts.com\/?post_type=product&#038;p=11110"},"modified":"2026-05-03T07:23:27","modified_gmt":"2026-05-03T04:23:27","slug":"230x70-45-tellure-rota-havsasiz-yuruyus-tekeri","status":"publish","type":"product","link":"https:\/\/ceoparts.com\/tr\/urun\/230x70-45-tellure-rota-havsasiz-yuruyus-tekeri\/","title":{"rendered":"230&#215;70-45 Tellure Rota Hav\u015fas\u0131z Y\u00fcr\u00fcy\u00fc\u015f Tekeri &#8211; 239003"},"content":{"rendered":"<p>230&#215;70-45 Tellure Rota Hav\u015fas\u0131z Y\u00fcr\u00fcy\u00fc\u015f Tekeri &#8211; 239003<\/p>\n<p><\/p>\n<table dir=\"ltr\" border=\"0\" width=\"321\" cellspacing=\"0\" cellpadding=\"2\">\n<tbody>\n<tr>\n<td width=\"79%\" height=\"20\">\n<p align=\"left\"><span style=\"font-family: tim;\">SWE080L<\/span><\/p>\n<\/td>\n<td width=\"21%\" height=\"20\"><\/td>\n<\/tr>\n<tr>\n<td width=\"79%\" height=\"20\">\n<p align=\"left\"><span style=\"font-family: tim;\">SWE100 STAXIO<\/span><\/p>\n<\/td>\n<td width=\"21%\" height=\"20\"><\/td>\n<\/tr>\n<tr>\n<td width=\"79%\" height=\"20\">\n<p align=\"left\"><span style=\"font-family: tim;\">SWE120 STAXIO<\/span><\/p>\n<\/td>\n<td width=\"21%\" height=\"20\"><\/td>\n<\/tr>\n<tr>\n<td width=\"79%\" height=\"20\">\n<p align=\"left\"><span style=\"font-family: tim;\">SWE120L STAXIO<\/span><\/p>\n<\/td>\n<td width=\"21%\" height=\"20\"><\/td>\n<\/tr>\n<tr>\n<td width=\"79%\" height=\"20\">\n<p align=\"left\"><span style=\"font-family: tim;\">SWE140 STAXIO<\/span><\/p>\n<\/td>\n<td width=\"21%\" height=\"20\"><\/td>\n<\/tr>\n<tr>\n<td width=\"79%\" height=\"20\">\n<p align=\"left\"><span style=\"font-family: tim;\">SWE140L STAXIO<\/span><\/p>\n<\/td>\n<td width=\"21%\" height=\"20\"><\/td>\n<\/tr>\n<tr>\n<td width=\"79%\" height=\"20\">\n<p align=\"left\"><span style=\"font-family: tim;\">LWE140 LEVIO (838)<\/span><\/p>\n<\/td>\n<td width=\"21%\" height=\"20\"><\/td>\n<\/tr>\n<tr>\n<td width=\"79%\" height=\"20\">\n<p align=\"left\"><span style=\"font-family: tim;\">LWE160 LEVIO (838)<\/span><\/p>\n<\/td>\n<td width=\"21%\" height=\"20\"><\/td>\n<\/tr>\n<tr>\n<td width=\"79%\" height=\"20\">\n<p align=\"left\"><span style=\"font-family: tim;\">LWE180 LEVIO (838)<\/span><\/p>\n<\/td>\n<td width=\"21%\" height=\"20\"><\/td>\n<\/tr>\n<tr>\n<td width=\"79%\" height=\"20\">\n<p align=\"left\"><span style=\"font-family: tim;\">LWE200 LEVIO (839)<\/span><\/p>\n<\/td>\n<td width=\"21%\" height=\"20\"><\/td>\n<\/tr>\n<tr>\n<td width=\"79%\" height=\"20\">\n<p align=\"left\"><span style=\"font-family: tim;\">LWE250 LEVIO (840)<\/span><\/p>\n<\/td>\n<td width=\"21%\" height=\"20\"><\/td>\n<\/tr>\n<\/tbody>\n<\/table>\n<p><\/p>","protected":false},"excerpt":{"rendered":"<p data-start=\"0\" data-end=\"440\"><br data-start=\"5\" data-end=\"8\" \/>230\u00d770-45 Tellure Rota Hav\u015fas\u0131z Y\u00fcr\u00fcy\u00fc\u015f Tekeri, forklift ve end\u00fcstriyel ta\u015f\u0131ma ara\u00e7lar\u0131 i\u00e7in tasarlanm\u0131\u015f dayan\u0131kl\u0131 ve y\u00fcksek performansl\u0131 bir y\u00fcr\u00fcy\u00fc\u015f tekeridir. 230 mm \u00e7ap, 70 mm geni\u015flik ve 45 mm yatak \u00f6l\u00e7\u00fcs\u00fcne sahip bu model, hav\u015fas\u0131z yap\u0131s\u0131yla h\u0131zl\u0131 montaj imkan\u0131 sunar. Poli\u00fcretan kaplamas\u0131 sayesinde zemin \u00fczerinde \u00fcst\u00fcn yol tutu\u015fu ve kaymazl\u0131k sa\u011flar. A\u011f\u0131r y\u00fcklerde deformasyona kar\u015f\u0131 diren\u00e7li olup uzun \u00f6m\u00fcrl\u00fc kullan\u0131m sunar.<\/p>\n<p data-start=\"442\" data-end=\"780\"><strong data-start=\"442\" data-end=\"457\">\u00d6zellikler:<\/strong><br data-start=\"457\" data-end=\"460\" \/><strong data-start=\"460\" data-end=\"473\">\u00dcr\u00fcn Ad\u0131:<\/strong> 230\u00d770-45 Tellure Rota Hav\u015fas\u0131z Y\u00fcr\u00fcy\u00fc\u015f Tekeri<br data-start=\"520\" data-end=\"523\" \/><strong data-start=\"523\" data-end=\"538\">Par\u00e7a Kodu:<\/strong> 239003<br data-start=\"545\" data-end=\"548\" \/><strong data-start=\"548\" data-end=\"560\">Malzeme:<\/strong> Poli\u00fcretan kaplama, \u00e7elik g\u00f6vde<br data-start=\"592\" data-end=\"595\" \/><strong data-start=\"595\" data-end=\"614\">Kullan\u0131m Alan\u0131:<\/strong> Forklift ve end\u00fcstriyel ta\u015f\u0131ma ara\u00e7lar\u0131 y\u00fcr\u00fcy\u00fc\u015f tekeri<br data-start=\"669\" data-end=\"672\" \/><strong data-start=\"672\" data-end=\"684\">Avantaj:<\/strong> Hav\u015fas\u0131z yap\u0131 ile h\u0131zl\u0131 montaj, y\u00fcksek a\u015f\u0131nma direnci, kaymaz y\u00fczey, dayan\u0131kl\u0131 ve uzun \u00f6m\u00fcrl\u00fc<\/p>\n<p data-start=\"782\" data-end=\"1228\">\n","protected":false},"featured_media":11116,"template":"","meta":[],"product_brand":[],"product_cat":[254,412,414,251,193],"product_tag":[],"class_list":{"0":"post-11110","1":"product","2":"type-product","3":"status-publish","4":"has-post-thumbnail","6":"product_cat-yuruyus-tekeri-bt","7":"product_cat-tellure-rota","8":"product_cat-yuruyus-tekeri-rota","9":"product_cat-bt","10":"product_cat-yuruyus-tekeri","12":"first","13":"instock","14":"taxable","15":"shipping-taxable","16":"purchasable","17":"product-type-simple"},"_links":{"self":[{"href":"https:\/\/ceoparts.com\/tr\/wp-json\/wp\/v2\/product\/11110","targetHints":{"allow":["GET"]}}],"collection":[{"href":"https:\/\/ceoparts.com\/tr\/wp-json\/wp\/v2\/product"}],"about":[{"href":"https:\/\/ceoparts.com\/tr\/wp-json\/wp\/v2\/types\/product"}],"wp:featuredmedia":[{"embeddable":true,"href":"https:\/\/ceoparts.com\/tr\/wp-json\/wp\/v2\/media\/11116"}],"wp:attachment":[{"href":"https:\/\/ceoparts.com\/tr\/wp-json\/wp\/v2\/media?parent=11110"}],"wp:term":[{"taxonomy":"product_brand","embeddable":true,"href":"https:\/\/ceoparts.com\/tr\/wp-json\/wp\/v2\/product_brand?post=11110"},{"taxonomy":"product_cat","embeddable":true,"href":"https:\/\/ceoparts.com\/tr\/wp-json\/wp\/v2\/product_cat?post=11110"},{"taxonomy":"product_tag","embeddable":true,"href":"https:\/\/ceoparts.com\/tr\/wp-json\/wp\/v2\/product_tag?post=11110"}],"curies":[{"name":"wp","href":"https:\/\/api.w.org\/{rel}","templated":true}]}}