{"id":11133,"date":"2024-10-07T15:38:16","date_gmt":"2024-10-07T12:38:16","guid":{"rendered":"https:\/\/ceoparts.com\/?post_type=product&#038;p=11133"},"modified":"2026-05-16T16:34:03","modified_gmt":"2026-05-16T13:34:03","slug":"230x70-45-wicke-kaydirmaz-yuruyus-tekeri","status":"publish","type":"product","link":"https:\/\/ceoparts.com\/tr\/urun\/230x70-45-wicke-kaydirmaz-yuruyus-tekeri\/","title":{"rendered":"230&#215;70-45 Wicke Kayd\u0131rmaz Y\u00fcr\u00fcy\u00fc\u015f Tekeri &#8211; 7535733 , 7535735"},"content":{"rendered":"<p>230&#215;70-45 Wicke Kayd\u0131rmaz Y\u00fcr\u00fcy\u00fc\u015f Tekeri &#8211; 7535733 , 7535735<\/p>\n<p>BT 7535733 7535734 7535735<\/p>\n<p>BT TOYOTA LPE 200\/220\/250<\/p>","protected":false},"excerpt":{"rendered":"<p data-start=\"0\" data-end=\"424\"><br data-start=\"5\" data-end=\"8\" \/>230\u00d770-45 Wicke Kayd\u0131rmaz Y\u00fcr\u00fcy\u00fc\u015f Tekeri, forklift ve end\u00fcstriyel ta\u015f\u0131ma ara\u00e7lar\u0131nda g\u00fcvenli ve dengeli kullan\u0131m sa\u011flamak i\u00e7in tasarlanm\u0131\u015ft\u0131r. 230 mm \u00e7ap, 70 mm geni\u015flik ve 45 mm yatak \u00f6l\u00e7\u00fcs\u00fcne sahip bu model, kayd\u0131rmaz y\u00fczeyi sayesinde zemin \u00fczerinde y\u00fcksek yol tutu\u015fu sa\u011flar ve kaymay\u0131 \u00f6nler. Wicke\u2019nin y\u00fcksek kaliteli poli\u00fcretan kaplamas\u0131, a\u015f\u0131nmaya ve a\u011f\u0131r y\u00fck alt\u0131nda deformasyona kar\u015f\u0131 \u00fcst\u00fcn dayan\u0131kl\u0131l\u0131k sunar.<\/p>\n<p data-start=\"426\" data-end=\"761\"><strong data-start=\"426\" data-end=\"441\">\u00d6zellikler:<\/strong><br data-start=\"441\" data-end=\"444\" \/><strong data-start=\"444\" data-end=\"457\">\u00dcr\u00fcn Ad\u0131:<\/strong> 230\u00d770-45 Wicke Kayd\u0131rmaz Y\u00fcr\u00fcy\u00fc\u015f Tekeri<br data-start=\"498\" data-end=\"501\" \/><strong data-start=\"501\" data-end=\"516\">Par\u00e7a Kodu:<\/strong> 7535733, 7535735<br data-start=\"533\" data-end=\"536\" \/><strong data-start=\"536\" data-end=\"548\">Malzeme:<\/strong> Poli\u00fcretan kaplama, \u00e7elik g\u00f6vde<br data-start=\"580\" data-end=\"583\" \/><strong data-start=\"583\" data-end=\"602\">Kullan\u0131m Alan\u0131:<\/strong> Forklift ve end\u00fcstriyel ta\u015f\u0131ma ara\u00e7lar\u0131 y\u00fcr\u00fcy\u00fc\u015f tekeri<br data-start=\"657\" data-end=\"660\" \/><strong data-start=\"660\" data-end=\"672\">Avantaj:<\/strong> Kayd\u0131rmaz y\u00fczey, y\u00fcksek a\u015f\u0131nma direnci, a\u011f\u0131r y\u00fcke kar\u015f\u0131 dayan\u0131kl\u0131l\u0131k ve sessiz \u00e7al\u0131\u015fma<\/p>\n<p data-start=\"763\" data-end=\"1168\">\n","protected":false},"featured_media":11138,"template":"","meta":[],"product_brand":[],"product_cat":[251,254,404,521,529,193],"product_tag":[],"class_list":{"0":"post-11133","1":"product","2":"type-product","3":"status-publish","4":"has-post-thumbnail","6":"product_cat-bt","7":"product_cat-yuruyus-tekeri-bt","8":"product_cat-yuruyus-tekeri-wicke","9":"product_cat-toyota","10":"product_cat-yuruyus-tekeri-toyota","11":"product_cat-yuruyus-tekeri","13":"first","14":"instock","15":"taxable","16":"shipping-taxable","17":"purchasable","18":"product-type-simple"},"_links":{"self":[{"href":"https:\/\/ceoparts.com\/tr\/wp-json\/wp\/v2\/product\/11133","targetHints":{"allow":["GET"]}}],"collection":[{"href":"https:\/\/ceoparts.com\/tr\/wp-json\/wp\/v2\/product"}],"about":[{"href":"https:\/\/ceoparts.com\/tr\/wp-json\/wp\/v2\/types\/product"}],"wp:featuredmedia":[{"embeddable":true,"href":"https:\/\/ceoparts.com\/tr\/wp-json\/wp\/v2\/media\/11138"}],"wp:attachment":[{"href":"https:\/\/ceoparts.com\/tr\/wp-json\/wp\/v2\/media?parent=11133"}],"wp:term":[{"taxonomy":"product_brand","embeddable":true,"href":"https:\/\/ceoparts.com\/tr\/wp-json\/wp\/v2\/product_brand?post=11133"},{"taxonomy":"product_cat","embeddable":true,"href":"https:\/\/ceoparts.com\/tr\/wp-json\/wp\/v2\/product_cat?post=11133"},{"taxonomy":"product_tag","embeddable":true,"href":"https:\/\/ceoparts.com\/tr\/wp-json\/wp\/v2\/product_tag?post=11133"}],"curies":[{"name":"wp","href":"https:\/\/api.w.org\/{rel}","templated":true}]}}