{"id":11139,"date":"2024-10-07T16:29:39","date_gmt":"2024-10-07T13:29:39","guid":{"rendered":"https:\/\/ceoparts.com\/?post_type=product&#038;p=11139"},"modified":"2026-05-16T17:52:15","modified_gmt":"2026-05-16T14:52:15","slug":"230x70-45-stellana-yuruyus-tekeri-4400716","status":"publish","type":"product","link":"https:\/\/ceoparts.com\/tr\/urun\/230x70-45-stellana-yuruyus-tekeri-4400716\/","title":{"rendered":"230&#215;70-45 Stellana Y\u00fcr\u00fcy\u00fc\u015f Tekeri &#8211; 4400716 , 0009903819"},"content":{"rendered":"<p>230&#215;70-45 Stellana Y\u00fcr\u00fcy\u00fc\u015f Tekeri &#8211; 4400716 , 0009903819<\/p>\n<p>LINDE 0009903819, 0009934071<\/p>\n<p>1151\u00a0T16\/T16P\/T20\/T20P<br \/>\n1152\u00a0T16\/T18\/T20\/T16L<br \/>\n1160\u00a0D06\/D08<br \/>\n1169\u00a0L10\/L12\/L14C<br \/>\n1169\u00a0L10P\/L12P\/L14P<br \/>\n1172\u00a0L10\/L12\/L12i<\/p>\n<p>Still 4359920 4400716<\/p>\n<p>EXU<br \/>\nEXU AC16 (0143, 0150, 0151, 0152)<br \/>\nEXU AC18 (0143, 0150, 0151, 0152)<br \/>\nEXU AC20 (0143, 0150, 0151, 0152)<br \/>\nEXU AC22 (0143, 0150, 0151, 0152)<br \/>\nEXU LINDE USA (0147)<br \/>\nEXU-H (0202)<br \/>\nEXU-H AC (0203)<br \/>\nEXU-H AC Autolift (0161, 0162, 0163)<br \/>\nEXU-SF20 (0160, 0179)<br \/>\nEXU-SF20 09\/2013-&gt;<br \/>\nEXV<br \/>\nEXV10 (4572) 02\/2015-&gt;<br \/>\nEXV10BASIC (4572) 02\/2015-&gt;<br \/>\nEXV12 (4572) 02\/2015-&gt;<br \/>\nEXV12I (4572) 02\/2015-&gt;<br \/>\nEXV14C (4572) 02\/2015-&gt;<br \/>\nEXV14IC (4572) 02\/2015-&gt;<br \/>\nEXVBasic (0251, 0252, 0253, 0254)<br \/>\nEXVBasic (0270, 0271, 0272, 0273) 01\/2013-&gt;<br \/>\nEXD<br \/>\nEXD-SF20 (0260,0261, 0283, 0284)<br \/>\nEXD-SF20 (0283, 0284)<br \/>\nEXD18 (0285, 0286)<br \/>\nEXD20 (0260,0261, 0283, 0284)<br \/>\nEXD20 (0283, 0284)<br \/>\nEGU<br \/>\nEGU 16 (0115, 0117, 0119, 0125)<br \/>\nEGU 18 (0115, 0117, 0119, 0125)<br \/>\nEGU 20 (0115, 0117, 0119, 0125)<br \/>\nEGU 20-S (0115, 0117, 0119, 0125)<br \/>\nEGU-H (0201)<br \/>\nEGU20 (0122)<br \/>\nEGU20S (0123)<br \/>\nEGV<br \/>\nEGV14 (0248,0250)<br \/>\nEGV16 (0248,0250)<br \/>\nLTX<br \/>\nLTX-T04<br \/>\nLTX20<br \/>\nTSD<br \/>\nTSD-SF20<br \/>\nTSD20<br \/>\nEGD<br \/>\nEGD16 (0219)<br \/>\nCL<br \/>\nCL10 Basic (4572) 01\/2013 -&gt;<br \/>\nCL12 Basic (4572) 01\/2013-&gt;<br \/>\nCL12i Basic (4572) 01\/2013-&gt;<\/p>","protected":false},"excerpt":{"rendered":"<p data-start=\"0\" data-end=\"406\"><br data-start=\"5\" data-end=\"8\" \/>230\u00d770-45 Stellana Y\u00fcr\u00fcy\u00fc\u015f Tekeri, forklift ve istif makinelerinde y\u00fcksek performans ve dayan\u0131kl\u0131l\u0131k sa\u011flamak amac\u0131yla tasarlanm\u0131\u015ft\u0131r. 230 mm \u00e7ap, 70 mm geni\u015flik ve 45 mm yatak \u00f6l\u00e7\u00fcs\u00fcne sahip bu model, Stellana\u2019n\u0131n \u00f6zel poli\u00fcretan kaplamas\u0131 sayesinde zemin \u00fczerinde kaymay\u0131 \u00f6nleyerek y\u00fcksek yol tutu\u015fu ve sessiz \u00e7al\u0131\u015fma sunar. A\u011f\u0131r y\u00fck alt\u0131nda dahi deformasyona kar\u015f\u0131 diren\u00e7lidir ve uzun \u00f6m\u00fcrl\u00fcd\u00fcr.<\/p>\n<p data-start=\"408\" data-end=\"727\"><strong data-start=\"408\" data-end=\"423\">\u00d6zellikler:<\/strong><br data-start=\"423\" data-end=\"426\" \/><strong data-start=\"426\" data-end=\"439\">\u00dcr\u00fcn Ad\u0131:<\/strong> 230\u00d770-45 Stellana Y\u00fcr\u00fcy\u00fc\u015f Tekeri<br data-start=\"473\" data-end=\"476\" \/><strong data-start=\"476\" data-end=\"491\">Par\u00e7a Kodu:<\/strong> 4400716, 0009903819<br data-start=\"511\" data-end=\"514\" \/><strong data-start=\"514\" data-end=\"526\">Malzeme:<\/strong> Poli\u00fcretan kaplama, \u00e7elik g\u00f6vde<br data-start=\"558\" data-end=\"561\" \/><strong data-start=\"561\" data-end=\"580\">Kullan\u0131m Alan\u0131:<\/strong> Forklift ve end\u00fcstriyel ta\u015f\u0131ma ara\u00e7lar\u0131 y\u00fcr\u00fcy\u00fc\u015f tekeri<br data-start=\"635\" data-end=\"638\" \/><strong data-start=\"638\" data-end=\"650\">Avantaj:<\/strong> Y\u00fcksek a\u015f\u0131nma direnci, sessiz ve kaymaz \u00e7al\u0131\u015fma, a\u011f\u0131r y\u00fcke kar\u015f\u0131 mukavemet<\/p>\n<p data-start=\"729\" data-end=\"1124\">\n","protected":false},"featured_media":11140,"template":"","meta":[],"product_brand":[],"product_cat":[416,418,241,244,246,249,193],"product_tag":[],"class_list":{"0":"post-11139","1":"product","2":"type-product","3":"status-publish","4":"has-post-thumbnail","6":"product_cat-stellana","7":"product_cat-yuruyus-tekeri-stellana","8":"product_cat-still","9":"product_cat-yuruyus-tekeri-still","10":"product_cat-linde","11":"product_cat-yuruyus-tekeri-linde","12":"product_cat-yuruyus-tekeri","14":"first","15":"instock","16":"taxable","17":"shipping-taxable","18":"purchasable","19":"product-type-simple"},"_links":{"self":[{"href":"https:\/\/ceoparts.com\/tr\/wp-json\/wp\/v2\/product\/11139","targetHints":{"allow":["GET"]}}],"collection":[{"href":"https:\/\/ceoparts.com\/tr\/wp-json\/wp\/v2\/product"}],"about":[{"href":"https:\/\/ceoparts.com\/tr\/wp-json\/wp\/v2\/types\/product"}],"wp:featuredmedia":[{"embeddable":true,"href":"https:\/\/ceoparts.com\/tr\/wp-json\/wp\/v2\/media\/11140"}],"wp:attachment":[{"href":"https:\/\/ceoparts.com\/tr\/wp-json\/wp\/v2\/media?parent=11139"}],"wp:term":[{"taxonomy":"product_brand","embeddable":true,"href":"https:\/\/ceoparts.com\/tr\/wp-json\/wp\/v2\/product_brand?post=11139"},{"taxonomy":"product_cat","embeddable":true,"href":"https:\/\/ceoparts.com\/tr\/wp-json\/wp\/v2\/product_cat?post=11139"},{"taxonomy":"product_tag","embeddable":true,"href":"https:\/\/ceoparts.com\/tr\/wp-json\/wp\/v2\/product_tag?post=11139"}],"curies":[{"name":"wp","href":"https:\/\/api.w.org\/{rel}","templated":true}]}}