{"id":11155,"date":"2024-10-08T15:50:17","date_gmt":"2024-10-08T12:50:17","guid":{"rendered":"https:\/\/ceoparts.com\/?post_type=product&#038;p=11155"},"modified":"2026-05-16T19:46:47","modified_gmt":"2026-05-16T16:46:47","slug":"125x50-54-20-wicke-denge-tekeri-156259","status":"publish","type":"product","link":"https:\/\/ceoparts.com\/tr\/urun\/125x50-54-20-wicke-denge-tekeri-156259\/","title":{"rendered":"125&#215;50\/54-20 Wicke Denge Tekeri 156259"},"content":{"rendered":"<p>125&#215;50\/54-20 Wicke Denge Tekeri 156259<\/p>\n<p><\/p>\n<p>MO 15<\/p>\n<p>PPO 1500MX<\/p>\n<p>MPH 16<br \/>\nMPL 10<br \/>\nMPL 12<br \/>\nMPL 12 F<br \/>\nMPL 16D<\/p>\n<p>PPH 1600 MX<\/p>\n<p>PPS 1000 MX<br \/>\nPPS 1200 MX<br \/>\nPPS 1200MXF<br \/>\nPPS 1600 MXD<\/p>\n<p>S12 F<br \/>\nS16 D<\/p>\n<p>SWE 080 L<br \/>\nSWE100 STAXIO<br \/>\nSWE 120 IKEA<br \/>\nSWE 120 STAXIO<br \/>\nSWE 120 L<br \/>\nSWE 120 LIKEA<br \/>\nSWE 140 STAXIO<br \/>\nSWE 140 L STAXIO<br \/>\nSWE 160 D IKEA<br \/>\nSWE 160D<br \/>\nSWE 200 D IKEA<br \/>\nSWE 200 D<\/p>\n<p>LWE 140 LEVIO<br \/>\nLWE 160LEVIO<br \/>\nLWE 180<br \/>\nLWE 180 LEVIO<br \/>\nLWE 200<br \/>\nLWE 200 N<br \/>\nLWE 250LEVIO<\/p>\n<p>MP 14 C<br \/>\nMP 14<br \/>\nMP 16<br \/>\nMP 20<br \/>\nMP 20L<\/p>\n<p>PPL 2000 MX<\/p>\n<p>PPT 1400 C<br \/>\nPPT 1400 MX<br \/>\nPPT 1400MXC<br \/>\nPPT 1600 MX<br \/>\nPPT 1800 MMD<br \/>\nPPT 2000 MX<br \/>\nPPT 2000MMD<\/p>\n<p>W18 ORION<br \/>\nW20 ORION<br \/>\nW20 N<\/p>","protected":false},"excerpt":{"rendered":"<p data-start=\"0\" data-end=\"415\"><br data-start=\"5\" data-end=\"8\" \/>125\u00d750\/54-20 Wicke Denge Tekeri, forklift ve istifleme ekipmanlar\u0131nda kullan\u0131lan kaliteli ve sa\u011flam bir denge tekeridir. 125 mm \u00e7ap, 50 mm geni\u015flik ve 54 mm yatak \u00f6l\u00e7\u00fcs\u00fcne sahip olan bu model, dar alanlarda manevra kabiliyetini art\u0131r\u0131rken, dengeyi koruyarak ekipman\u0131n g\u00fcvenli ve d\u00fczg\u00fcn \u00e7al\u0131\u015fmas\u0131n\u0131 sa\u011flar. Wicke markas\u0131n\u0131n y\u00fcksek kaliteli poli\u00fcretan kaplamas\u0131 ile uzun \u00f6m\u00fcrl\u00fc ve a\u015f\u0131nmaya kar\u015f\u0131 dayan\u0131kl\u0131d\u0131r.<\/p>\n<p data-start=\"417\" data-end=\"716\"><strong data-start=\"417\" data-end=\"432\">\u00d6zellikler:<\/strong><br data-start=\"432\" data-end=\"435\" \/><strong data-start=\"435\" data-end=\"448\">\u00dcr\u00fcn Ad\u0131:<\/strong> 125\u00d750\/54-20 Wicke Denge Tekeri<br data-start=\"480\" data-end=\"483\" \/><strong data-start=\"483\" data-end=\"498\">Par\u00e7a Kodu:<\/strong> 156259<br data-start=\"505\" data-end=\"508\" \/><strong data-start=\"508\" data-end=\"520\">Malzeme:<\/strong> Poli\u00fcretan kaplama, \u00e7elik g\u00f6vde<br data-start=\"552\" data-end=\"555\" \/><strong data-start=\"555\" data-end=\"574\">Kullan\u0131m Alan\u0131:<\/strong> Forklift ve istifleme ekipmanlar\u0131 denge tekeri<br data-start=\"621\" data-end=\"624\" \/><strong data-start=\"624\" data-end=\"636\">Avantaj:<\/strong> Y\u00fcksek a\u015f\u0131nma direnci, sessiz \u00e7al\u0131\u015fma, dar alanlarda \u00fcst\u00fcn manevra kabiliyeti<\/p>\n<p data-start=\"718\" data-end=\"1109\">\n","protected":false},"featured_media":12047,"template":"","meta":[],"product_brand":[],"product_cat":[403,185],"product_tag":[],"class_list":{"0":"post-11155","1":"product","2":"type-product","3":"status-publish","4":"has-post-thumbnail","6":"product_cat-denge-tekeri-wicke","7":"product_cat-denge-tekeri","9":"first","10":"instock","11":"taxable","12":"shipping-taxable","13":"purchasable","14":"product-type-simple"},"_links":{"self":[{"href":"https:\/\/ceoparts.com\/tr\/wp-json\/wp\/v2\/product\/11155","targetHints":{"allow":["GET"]}}],"collection":[{"href":"https:\/\/ceoparts.com\/tr\/wp-json\/wp\/v2\/product"}],"about":[{"href":"https:\/\/ceoparts.com\/tr\/wp-json\/wp\/v2\/types\/product"}],"wp:featuredmedia":[{"embeddable":true,"href":"https:\/\/ceoparts.com\/tr\/wp-json\/wp\/v2\/media\/12047"}],"wp:attachment":[{"href":"https:\/\/ceoparts.com\/tr\/wp-json\/wp\/v2\/media?parent=11155"}],"wp:term":[{"taxonomy":"product_brand","embeddable":true,"href":"https:\/\/ceoparts.com\/tr\/wp-json\/wp\/v2\/product_brand?post=11155"},{"taxonomy":"product_cat","embeddable":true,"href":"https:\/\/ceoparts.com\/tr\/wp-json\/wp\/v2\/product_cat?post=11155"},{"taxonomy":"product_tag","embeddable":true,"href":"https:\/\/ceoparts.com\/tr\/wp-json\/wp\/v2\/product_tag?post=11155"}],"curies":[{"name":"wp","href":"https:\/\/api.w.org\/{rel}","templated":true}]}}