{"id":11179,"date":"2024-10-09T09:34:13","date_gmt":"2024-10-09T06:34:13","guid":{"rendered":"https:\/\/ceoparts.com\/?post_type=product&#038;p=11179"},"modified":"2026-05-16T17:29:19","modified_gmt":"2026-05-16T14:29:19","slug":"230x75-30-wicke-yuruyus-tekeri","status":"publish","type":"product","link":"https:\/\/ceoparts.com\/tr\/urun\/230x75-30-wicke-yuruyus-tekeri\/","title":{"rendered":"230&#215;75-30 Wicke Y\u00fcr\u00fcy\u00fc\u015f Tekeri &#8211; 580013479 , 2770500"},"content":{"rendered":"<p>230&#215;75-30 Wicke Y\u00fcr\u00fcy\u00fc\u015f Tekeri &#8211; 580013479 , 2770500<\/p>\n<p><\/p>\n<div class=\"font12\">MS10\/12\/14\/16 Powerthane 230&#215;75\/85 30 mm<\/div>\n<div class=\"font12\">Yale MP16\/18\/20\/22 Seria: C852 D438<\/div>\n<div class=\"font12\">Hyster C438, B846, OMG 420-103-010 D438(R5-P4)<\/div>\n<div class=\"font12\">HYSTER S 1,6 \u2013 B456X02884C\/2005MS10E<\/div>\n<div><\/div>\n<div class=\"font12\">MS10\/12\/14\/16 B852<\/div>\n<div class=\"font12\">MP16\/18\/20\/22<\/div>\n<div class=\"font12\"><\/div>\n<div class=\"font12\">Hyster C438,<\/div>\n<div class=\"font12\">Hyster C456<\/div>\n<div class=\"font12\">Hystew \/Yale MP20L D842<\/div>\n<div class=\"font12\"><\/div>\n<div class=\"font12\">OMG 420-103-010<br \/>\n(R5-P4)<\/div>\n<p><\/p>","protected":false},"excerpt":{"rendered":"<p data-start=\"0\" data-end=\"431\"><br data-start=\"5\" data-end=\"8\" \/>230\u00d775-30 Wicke Y\u00fcr\u00fcy\u00fc\u015f Tekeri, forklift ve end\u00fcstriyel ta\u015f\u0131ma ara\u00e7lar\u0131nda kullan\u0131lan, sa\u011flam ve uzun \u00f6m\u00fcrl\u00fc bir y\u00fcr\u00fcy\u00fc\u015f tekeridir. 230 mm \u00e7ap, 75 mm geni\u015flik ve 30 mm yatak \u00f6l\u00e7\u00fcs\u00fcne sahip bu \u00fcr\u00fcn, Wicke markas\u0131n\u0131n y\u00fcksek kaliteli kau\u00e7uk kaplamas\u0131 ile zorlu zemin ko\u015fullar\u0131nda g\u00fcvenli ve dengeli hareket sa\u011flar. Kaymaz y\u00fczeyi, forklift manevra kabiliyetini art\u0131r\u0131rken a\u015f\u0131nma direnciyle de uzun s\u00fcreli kullan\u0131m imkan\u0131 sunar.<\/p>\n<p data-start=\"433\" data-end=\"748\"><strong data-start=\"433\" data-end=\"448\">\u00d6zellikler:<\/strong><br data-start=\"448\" data-end=\"451\" \/><strong data-start=\"451\" data-end=\"464\">\u00dcr\u00fcn Ad\u0131:<\/strong> 230\u00d775-30 Wicke Y\u00fcr\u00fcy\u00fc\u015f Tekeri<br data-start=\"495\" data-end=\"498\" \/><strong data-start=\"498\" data-end=\"513\">Par\u00e7a Kodu:<\/strong> 580013479, 2770500<br data-start=\"532\" data-end=\"535\" \/><strong data-start=\"535\" data-end=\"547\">Malzeme:<\/strong> Y\u00fcksek dayan\u0131ml\u0131 kau\u00e7uk kaplama, \u00e7elik g\u00f6vde<br data-start=\"592\" data-end=\"595\" \/><strong data-start=\"595\" data-end=\"614\">Kullan\u0131m Alan\u0131:<\/strong> Forklift ve end\u00fcstriyel ta\u015f\u0131ma ara\u00e7lar\u0131 y\u00fcr\u00fcy\u00fc\u015f tekeri<br data-start=\"669\" data-end=\"672\" \/><strong data-start=\"672\" data-end=\"684\">Avantaj:<\/strong> Y\u00fcksek yol tutu\u015fu, kaymaz y\u00fczey, a\u015f\u0131nmaya kar\u015f\u0131 diren\u00e7li yap\u0131<\/p>\n<p data-start=\"750\" data-end=\"1149\">\n","protected":false},"featured_media":11180,"template":"","meta":[],"product_brand":[],"product_cat":[256,260,401,404,193],"product_tag":[],"class_list":{"0":"post-11179","1":"product","2":"type-product","3":"status-publish","4":"has-post-thumbnail","6":"product_cat-hyster","7":"product_cat-yuruyus-tekeri-hyster","8":"product_cat-wicke","9":"product_cat-yuruyus-tekeri-wicke","10":"product_cat-yuruyus-tekeri","12":"first","13":"instock","14":"taxable","15":"shipping-taxable","16":"purchasable","17":"product-type-simple"},"_links":{"self":[{"href":"https:\/\/ceoparts.com\/tr\/wp-json\/wp\/v2\/product\/11179","targetHints":{"allow":["GET"]}}],"collection":[{"href":"https:\/\/ceoparts.com\/tr\/wp-json\/wp\/v2\/product"}],"about":[{"href":"https:\/\/ceoparts.com\/tr\/wp-json\/wp\/v2\/types\/product"}],"wp:featuredmedia":[{"embeddable":true,"href":"https:\/\/ceoparts.com\/tr\/wp-json\/wp\/v2\/media\/11180"}],"wp:attachment":[{"href":"https:\/\/ceoparts.com\/tr\/wp-json\/wp\/v2\/media?parent=11179"}],"wp:term":[{"taxonomy":"product_brand","embeddable":true,"href":"https:\/\/ceoparts.com\/tr\/wp-json\/wp\/v2\/product_brand?post=11179"},{"taxonomy":"product_cat","embeddable":true,"href":"https:\/\/ceoparts.com\/tr\/wp-json\/wp\/v2\/product_cat?post=11179"},{"taxonomy":"product_tag","embeddable":true,"href":"https:\/\/ceoparts.com\/tr\/wp-json\/wp\/v2\/product_tag?post=11179"}],"curies":[{"name":"wp","href":"https:\/\/api.w.org\/{rel}","templated":true}]}}