{"id":11187,"date":"2024-10-09T14:08:14","date_gmt":"2024-10-09T11:08:14","guid":{"rendered":"https:\/\/ceoparts.com\/?post_type=product&#038;p=11187"},"modified":"2026-05-16T14:33:49","modified_gmt":"2026-05-16T11:33:49","slug":"230x70-45-wicke-gri-kanalli-yuruyus-tekeri","status":"publish","type":"product","link":"https:\/\/ceoparts.com\/tr\/urun\/230x70-45-wicke-gri-kanalli-yuruyus-tekeri\/","title":{"rendered":"230&#215;75-45 Wicke Kanall\u0131, Gri Y\u00fcr\u00fcy\u00fc\u015f Tekeri &#8211; 39902358"},"content":{"rendered":"<p>230&#215;75-45 Wicke Kanall\u0131, Gri Y\u00fcr\u00fcy\u00fc\u015f Tekeri &#8211; 39902358<\/p>\n<p>50014505505, 50014505506, 0009903820, 0009930820, 0039902348, 0039902353, 0039902358<\/p>\n<p>&nbsp;<\/p>\n<table border=\"0\" frame=\"void\" rules=\"none\" cellspacing=\"0\">\n<colgroup>\n<col width=\"98\" \/>\n<col width=\"156\" \/><\/colgroup>\n<tbody>\n<tr>\n<td align=\"left\" width=\"98\" height=\"17\">1151<\/td>\n<td align=\"left\" width=\"156\">T16\/T16P\/T20\/T20P<\/td>\n<\/tr>\n<tr>\n<td align=\"left\" height=\"17\">1152<\/td>\n<td align=\"left\">T16\/T18\/T20\/T16L<\/td>\n<\/tr>\n<tr>\n<td align=\"left\" height=\"17\">1169<\/td>\n<td align=\"left\">L10\/L12<\/td>\n<\/tr>\n<tr>\n<td align=\"left\" height=\"17\">1172<\/td>\n<td align=\"left\">L10\/L12\/L12i<\/td>\n<\/tr>\n<\/tbody>\n<\/table>\n<p>1160\u00a0\u00a0\u00a0\u00a0\u00a0\u00a0\u00a0\u00a0\u00a0\u00a0\u00a0\u00a0\u00a0\u00a0\u00a0\u00a0\u00a0DO6\/D08<\/p>","protected":false},"excerpt":{"rendered":"<p data-start=\"0\" data-end=\"407\"><br data-start=\"5\" data-end=\"8\" \/>230\u00d775-45 Wicke Kanall\u0131, Gri Y\u00fcr\u00fcy\u00fc\u015f Tekeri, forklift ve end\u00fcstriyel ta\u015f\u0131ma ara\u00e7lar\u0131 i\u00e7in tasarlanm\u0131\u015f dayan\u0131kl\u0131 ve kaliteli bir y\u00fcr\u00fcy\u00fc\u015f tekeridir. 230 mm \u00e7ap, 75 mm geni\u015flik ve 45 mm yatak \u00f6l\u00e7\u00fcs\u00fcne sahip olan bu \u00fcr\u00fcn, Wicke markas\u0131n\u0131n gri kau\u00e7uk kaplamas\u0131 ve kanall\u0131 yap\u0131s\u0131 sayesinde zorlu ko\u015fullarda y\u00fcksek yol tutu\u015fu ve uzun \u00f6m\u00fcr sa\u011flar. Kanall\u0131 y\u00fczey kaymay\u0131 \u00f6nler, stabil ve g\u00fcvenli s\u00fcr\u00fc\u015f sunar.<\/p>\n<p data-start=\"409\" data-end=\"717\"><strong data-start=\"409\" data-end=\"424\">\u00d6zellikler:<\/strong><br data-start=\"424\" data-end=\"427\" \/><strong data-start=\"427\" data-end=\"440\">\u00dcr\u00fcn Ad\u0131:<\/strong> 230\u00d775-45 Wicke Kanall\u0131, Gri Y\u00fcr\u00fcy\u00fc\u015f Tekeri<br data-start=\"484\" data-end=\"487\" \/><strong data-start=\"487\" data-end=\"502\">Par\u00e7a Kodu:<\/strong> 39902358<br data-start=\"511\" data-end=\"514\" \/><strong data-start=\"514\" data-end=\"526\">Malzeme:<\/strong> Kanall\u0131 gri kau\u00e7uk kaplama, sa\u011flam metal g\u00f6vde<br data-start=\"573\" data-end=\"576\" \/><strong data-start=\"576\" data-end=\"595\">Kullan\u0131m Alan\u0131:<\/strong> Forklift ve end\u00fcstriyel ta\u015f\u0131ma ara\u00e7lar\u0131 y\u00fcr\u00fcy\u00fc\u015f tekeri<br data-start=\"650\" data-end=\"653\" \/><strong data-start=\"653\" data-end=\"665\">Avantaj:<\/strong> Kanall\u0131 y\u00fczey, y\u00fcksek a\u015f\u0131nma direnci ve uzun \u00f6m\u00fcr<\/p>\n<p data-start=\"719\" data-end=\"1136\">\n","protected":false},"featured_media":11188,"template":"","meta":[],"product_brand":[],"product_cat":[251,254,404,193],"product_tag":[],"class_list":{"0":"post-11187","1":"product","2":"type-product","3":"status-publish","4":"has-post-thumbnail","6":"product_cat-bt","7":"product_cat-yuruyus-tekeri-bt","8":"product_cat-yuruyus-tekeri-wicke","9":"product_cat-yuruyus-tekeri","11":"first","12":"instock","13":"taxable","14":"shipping-taxable","15":"purchasable","16":"product-type-simple"},"_links":{"self":[{"href":"https:\/\/ceoparts.com\/tr\/wp-json\/wp\/v2\/product\/11187","targetHints":{"allow":["GET"]}}],"collection":[{"href":"https:\/\/ceoparts.com\/tr\/wp-json\/wp\/v2\/product"}],"about":[{"href":"https:\/\/ceoparts.com\/tr\/wp-json\/wp\/v2\/types\/product"}],"wp:featuredmedia":[{"embeddable":true,"href":"https:\/\/ceoparts.com\/tr\/wp-json\/wp\/v2\/media\/11188"}],"wp:attachment":[{"href":"https:\/\/ceoparts.com\/tr\/wp-json\/wp\/v2\/media?parent=11187"}],"wp:term":[{"taxonomy":"product_brand","embeddable":true,"href":"https:\/\/ceoparts.com\/tr\/wp-json\/wp\/v2\/product_brand?post=11187"},{"taxonomy":"product_cat","embeddable":true,"href":"https:\/\/ceoparts.com\/tr\/wp-json\/wp\/v2\/product_cat?post=11187"},{"taxonomy":"product_tag","embeddable":true,"href":"https:\/\/ceoparts.com\/tr\/wp-json\/wp\/v2\/product_tag?post=11187"}],"curies":[{"name":"wp","href":"https:\/\/api.w.org\/{rel}","templated":true}]}}