{"id":11206,"date":"2024-10-09T15:52:10","date_gmt":"2024-10-09T12:52:10","guid":{"rendered":"https:\/\/ceoparts.com\/?post_type=product&#038;p=11206"},"modified":"2026-05-06T12:51:37","modified_gmt":"2026-05-06T09:51:37","slug":"230x75-45-tellure-rota-kanalli-yuruyus-tekeri","status":"publish","type":"product","link":"https:\/\/ceoparts.com\/tr\/urun\/230x75-45-tellure-rota-kanalli-yuruyus-tekeri\/","title":{"rendered":"230&#215;75-45 Tellure Rota Kanall\u0131, Y\u00fcr\u00fcy\u00fc\u015f Tekeri &#8211; 4359920, 4400716, 0009903819"},"content":{"rendered":"<p>230&#215;75-45 Tellure Rota Kanall\u0131, Y\u00fcr\u00fcy\u00fc\u015f Tekeri &#8211; 4359920, 4400716, 0009903819<\/p>\n<p>LINDE 0009903819, 0009934071<\/p>\n<p>1151\u00a0T16\/T16P\/T20\/T20P<br \/>\n1152\u00a0T16\/T18\/T20\/T16L<br \/>\n1160\u00a0D06\/D08<br \/>\n1169\u00a0L10\/L12\/L14C<br \/>\n1169\u00a0L10P\/L12P\/L14P<br \/>\n1172\u00a0L10\/L12\/L12i<\/p>\n<p>Still 4359920 4400716<\/p>\n<p>EXU<br \/>\nEXU AC16 (0143, 0150, 0151, 0152)<br \/>\nEXU AC18 (0143, 0150, 0151, 0152)<br \/>\nEXU AC20 (0143, 0150, 0151, 0152)<br \/>\nEXU AC22 (0143, 0150, 0151, 0152)<br \/>\nEXU LINDE USA (0147)<br \/>\nEXU-H (0202)<br \/>\nEXU-H AC (0203)<br \/>\nEXU-H AC Autolift (0161, 0162, 0163)<br \/>\nEXU-SF20 (0160, 0179)<br \/>\nEXU-SF20 09\/2013-&gt;<br \/>\nEXV<br \/>\nEXV10 (4572) 02\/2015-&gt;<br \/>\nEXV10BASIC (4572) 02\/2015-&gt;<br \/>\nEXV12 (4572) 02\/2015-&gt;<br \/>\nEXV12I (4572) 02\/2015-&gt;<br \/>\nEXV14C (4572) 02\/2015-&gt;<br \/>\nEXV14IC (4572) 02\/2015-&gt;<br \/>\nEXVBasic (0251, 0252, 0253, 0254)<br \/>\nEXVBasic (0270, 0271, 0272, 0273) 01\/2013-&gt;<br \/>\nEXD<br \/>\nEXD-SF20 (0260,0261, 0283, 0284)<br \/>\nEXD-SF20 (0283, 0284)<br \/>\nEXD18 (0285, 0286)<br \/>\nEXD20 (0260,0261, 0283, 0284)<br \/>\nEXD20 (0283, 0284)<br \/>\nEGU<br \/>\nEGU 16 (0115, 0117, 0119, 0125)<br \/>\nEGU 18 (0115, 0117, 0119, 0125)<br \/>\nEGU 20 (0115, 0117, 0119, 0125)<br \/>\nEGU 20-S (0115, 0117, 0119, 0125)<br \/>\nEGU-H (0201)<br \/>\nEGU20 (0122)<br \/>\nEGU20S (0123)<br \/>\nEGV<br \/>\nEGV14 (0248,0250)<br \/>\nEGV16 (0248,0250)<br \/>\nLTX<br \/>\nLTX-T04<br \/>\nLTX20<br \/>\nTSD<br \/>\nTSD-SF20<br \/>\nTSD20<br \/>\nEGD<br \/>\nEGD16 (0219)<br \/>\nCL<br \/>\nCL10 Basic (4572) 01\/2013 -&gt;<br \/>\nCL12 Basic (4572) 01\/2013-&gt;<br \/>\nCL12i Basic (4572) 01\/2013-&gt;<\/p>","protected":false},"excerpt":{"rendered":"<p data-start=\"0\" data-end=\"409\"><br data-start=\"5\" data-end=\"8\" \/>230\u00d775-45 Tellure Rota Kanall\u0131 Y\u00fcr\u00fcy\u00fc\u015f Tekeri, forklift ve end\u00fcstriyel ta\u015f\u0131ma ara\u00e7lar\u0131nda kullan\u0131lan dayan\u0131kl\u0131 ve y\u00fcksek kaliteli bir y\u00fcr\u00fcy\u00fc\u015f tekeridir. 230 mm \u00e7ap, 75 mm geni\u015flik ve 45 mm yatak \u00f6l\u00e7\u00fcs\u00fcne sahip bu \u00fcr\u00fcn, Tellure Rota markas\u0131n\u0131n \u00f6zel kanall\u0131 kau\u00e7uk kaplamas\u0131 ile zorlu \u00e7al\u0131\u015fma ko\u015fullar\u0131nda \u00fcst\u00fcn yol tutu\u015fu ve uzun \u00f6m\u00fcr sa\u011flar. Kanall\u0131 y\u00fczey kaymay\u0131 \u00f6nler, stabil ve g\u00fcvenli s\u00fcr\u00fc\u015f sunar.<\/p>\n<p data-start=\"411\" data-end=\"737\"><strong data-start=\"411\" data-end=\"426\">\u00d6zellikler:<\/strong><br data-start=\"426\" data-end=\"429\" \/><strong data-start=\"429\" data-end=\"442\">\u00dcr\u00fcn Ad\u0131:<\/strong> 230\u00d775-45 Tellure Rota Kanall\u0131 Y\u00fcr\u00fcy\u00fc\u015f Tekeri<br data-start=\"488\" data-end=\"491\" \/><strong data-start=\"491\" data-end=\"506\">Par\u00e7a Kodu:<\/strong> 4359920, 4400716, 0009903819<br data-start=\"535\" data-end=\"538\" \/><strong data-start=\"538\" data-end=\"550\">Malzeme:<\/strong> Poli\u00fcretan\u00a0<br data-start=\"593\" data-end=\"596\" \/><strong data-start=\"596\" data-end=\"615\">Kullan\u0131m Alan\u0131:<\/strong> Forklift ve end\u00fcstriyel ta\u015f\u0131ma ara\u00e7lar\u0131 y\u00fcr\u00fcy\u00fc\u015f tekeri<br data-start=\"670\" data-end=\"673\" \/><strong data-start=\"673\" data-end=\"685\">Avantaj:<\/strong> Kanall\u0131 y\u00fczey, y\u00fcksek a\u015f\u0131nma direnci ve uzun \u00f6m\u00fcr<\/p>\n<p data-start=\"739\" data-end=\"1157\">\n","protected":false},"featured_media":11207,"template":"","meta":[],"product_brand":[],"product_cat":[241,244,246,249,251,254,412,414,193],"product_tag":[],"class_list":{"0":"post-11206","1":"product","2":"type-product","3":"status-publish","4":"has-post-thumbnail","6":"product_cat-still","7":"product_cat-yuruyus-tekeri-still","8":"product_cat-linde","9":"product_cat-yuruyus-tekeri-linde","10":"product_cat-bt","11":"product_cat-yuruyus-tekeri-bt","12":"product_cat-tellure-rota","13":"product_cat-yuruyus-tekeri-rota","14":"product_cat-yuruyus-tekeri","16":"first","17":"instock","18":"taxable","19":"shipping-taxable","20":"purchasable","21":"product-type-simple"},"_links":{"self":[{"href":"https:\/\/ceoparts.com\/tr\/wp-json\/wp\/v2\/product\/11206","targetHints":{"allow":["GET"]}}],"collection":[{"href":"https:\/\/ceoparts.com\/tr\/wp-json\/wp\/v2\/product"}],"about":[{"href":"https:\/\/ceoparts.com\/tr\/wp-json\/wp\/v2\/types\/product"}],"wp:featuredmedia":[{"embeddable":true,"href":"https:\/\/ceoparts.com\/tr\/wp-json\/wp\/v2\/media\/11207"}],"wp:attachment":[{"href":"https:\/\/ceoparts.com\/tr\/wp-json\/wp\/v2\/media?parent=11206"}],"wp:term":[{"taxonomy":"product_brand","embeddable":true,"href":"https:\/\/ceoparts.com\/tr\/wp-json\/wp\/v2\/product_brand?post=11206"},{"taxonomy":"product_cat","embeddable":true,"href":"https:\/\/ceoparts.com\/tr\/wp-json\/wp\/v2\/product_cat?post=11206"},{"taxonomy":"product_tag","embeddable":true,"href":"https:\/\/ceoparts.com\/tr\/wp-json\/wp\/v2\/product_tag?post=11206"}],"curies":[{"name":"wp","href":"https:\/\/api.w.org\/{rel}","templated":true}]}}