{"id":11217,"date":"2024-10-09T16:24:40","date_gmt":"2024-10-09T13:24:40","guid":{"rendered":"https:\/\/ceoparts.com\/?post_type=product&#038;p=11217"},"modified":"2026-05-16T14:33:23","modified_gmt":"2026-05-16T11:33:23","slug":"230x70-45-stellana-havsasiz-yuruyus-tekeri","status":"publish","type":"product","link":"https:\/\/ceoparts.com\/tr\/urun\/230x70-45-stellana-havsasiz-yuruyus-tekeri\/","title":{"rendered":"230&#215;70-45 Stellana Hav\u015fas\u0131z Y\u00fcr\u00fcy\u00fc\u015f Tekeri &#8211; 239003"},"content":{"rendered":"<p>230&#215;70-45 Stellana Hav\u015fas\u0131z Y\u00fcr\u00fcy\u00fc\u015f Tekeri &#8211; 239003<\/p>\n<p>BT TOYOTA 239003\u00a0\u00a0 230&#215;60\/75-45<\/p>\n<p>SWE080L<br \/>\nSWE100 STAXIO<br \/>\nSWE120 STAXIO<br \/>\nSWE120L STAXIO<br \/>\nSWE140 STAXIO<br \/>\nSWE140L STAXIO<br \/>\nLWE140 LEVIO (838)<br \/>\nLWE160 LEVIO (838)<br \/>\nLWE180 LEVIO (838)<br \/>\nLWE200 LEVIO (839)<br \/>\nLWE250 LEVIO (840)<\/p>","protected":false},"excerpt":{"rendered":"<p data-start=\"0\" data-end=\"448\"><br data-start=\"5\" data-end=\"8\" \/>230\u00d770-45 Stellana Hav\u015fas\u0131z Y\u00fcr\u00fcy\u00fc\u015f Tekeri, forklift ve end\u00fcstriyel ta\u015f\u0131ma ara\u00e7lar\u0131nda kullan\u0131lan dayan\u0131kl\u0131 ve y\u00fcksek kaliteli bir y\u00fcr\u00fcy\u00fc\u015f tekeridir. 230 mm \u00e7ap, 70 mm geni\u015flik ve 45 mm yatak \u00f6l\u00e7\u00fcs\u00fcne sahip olan bu \u00fcr\u00fcn, Stellana markas\u0131n\u0131n \u00f6zel tasar\u0131m\u0131 ile hav\u015fa (konik) olmadan \u00fcretilmi\u015ftir. Bu sayede montaj ve bak\u0131m kolayl\u0131\u011f\u0131 sa\u011flan\u0131r. Y\u00fcksek a\u015f\u0131nma direnci ve sa\u011flam yap\u0131s\u0131 ile zorlu \u00e7al\u0131\u015fma ko\u015fullar\u0131nda uzun \u00f6m\u00fcrl\u00fc performans sunar.<\/p>\n<p data-start=\"450\" data-end=\"770\"><strong data-start=\"450\" data-end=\"465\">\u00d6zellikler:<\/strong><br data-start=\"465\" data-end=\"468\" \/><strong data-start=\"468\" data-end=\"481\">\u00dcr\u00fcn Ad\u0131:<\/strong> 230\u00d770-45 Stellana Hav\u015fas\u0131z Y\u00fcr\u00fcy\u00fc\u015f Tekeri<br data-start=\"524\" data-end=\"527\" \/><strong data-start=\"527\" data-end=\"542\">Par\u00e7a Kodu:<\/strong> 239003<br data-start=\"549\" data-end=\"552\" \/><strong data-start=\"552\" data-end=\"564\">Malzeme:<\/strong> Dayan\u0131kl\u0131 kau\u00e7uk kaplama, sa\u011flam metal g\u00f6vde<br data-start=\"609\" data-end=\"612\" \/><strong data-start=\"612\" data-end=\"631\">Kullan\u0131m Alan\u0131:<\/strong> Forklift ve end\u00fcstriyel ta\u015f\u0131ma ara\u00e7lar\u0131 y\u00fcr\u00fcy\u00fc\u015f tekeri<br data-start=\"686\" data-end=\"689\" \/><strong data-start=\"689\" data-end=\"701\">Avantaj:<\/strong> Hav\u015fas\u0131z tasar\u0131m, kolay montaj, y\u00fcksek a\u015f\u0131nma direnci ve uzun \u00f6m\u00fcr<\/p>\n<p data-start=\"772\" data-end=\"1235\">\n","protected":false},"featured_media":11218,"template":"","meta":[],"product_brand":[],"product_cat":[416,418,521,529,251,254,193],"product_tag":[],"class_list":{"0":"post-11217","1":"product","2":"type-product","3":"status-publish","4":"has-post-thumbnail","6":"product_cat-stellana","7":"product_cat-yuruyus-tekeri-stellana","8":"product_cat-toyota","9":"product_cat-yuruyus-tekeri-toyota","10":"product_cat-bt","11":"product_cat-yuruyus-tekeri-bt","12":"product_cat-yuruyus-tekeri","14":"first","15":"instock","16":"taxable","17":"shipping-taxable","18":"purchasable","19":"product-type-simple"},"_links":{"self":[{"href":"https:\/\/ceoparts.com\/tr\/wp-json\/wp\/v2\/product\/11217","targetHints":{"allow":["GET"]}}],"collection":[{"href":"https:\/\/ceoparts.com\/tr\/wp-json\/wp\/v2\/product"}],"about":[{"href":"https:\/\/ceoparts.com\/tr\/wp-json\/wp\/v2\/types\/product"}],"wp:featuredmedia":[{"embeddable":true,"href":"https:\/\/ceoparts.com\/tr\/wp-json\/wp\/v2\/media\/11218"}],"wp:attachment":[{"href":"https:\/\/ceoparts.com\/tr\/wp-json\/wp\/v2\/media?parent=11217"}],"wp:term":[{"taxonomy":"product_brand","embeddable":true,"href":"https:\/\/ceoparts.com\/tr\/wp-json\/wp\/v2\/product_brand?post=11217"},{"taxonomy":"product_cat","embeddable":true,"href":"https:\/\/ceoparts.com\/tr\/wp-json\/wp\/v2\/product_cat?post=11217"},{"taxonomy":"product_tag","embeddable":true,"href":"https:\/\/ceoparts.com\/tr\/wp-json\/wp\/v2\/product_tag?post=11217"}],"curies":[{"name":"wp","href":"https:\/\/api.w.org\/{rel}","templated":true}]}}