{"id":11222,"date":"2024-10-09T16:33:16","date_gmt":"2024-10-09T13:33:16","guid":{"rendered":"https:\/\/ceoparts.com\/?post_type=product&#038;p=11222"},"modified":"2026-05-16T18:57:24","modified_gmt":"2026-05-16T15:57:24","slug":"230x75-45-msl-kanalli-yuruyus-tekeri","status":"publish","type":"product","link":"https:\/\/ceoparts.com\/tr\/urun\/230x75-45-msl-kanalli-yuruyus-tekeri\/","title":{"rendered":"230&#215;75-80  MSL Kanall\u0131, Y\u00fcr\u00fcy\u00fc\u015f Tekeri &#8211; 4494268, 0009903807"},"content":{"rendered":"<p>230&#215;75-80  MSL Kanall\u0131, Y\u00fcr\u00fcy\u00fc\u015f Tekeri &#8211; 4494268, 0009903807<\/p>\n<p><span class=\"short_text\" lang=\"en\"><span class=\"hps\" title=\"Kliknij, aby wy\u015bwietli\u0107 alternatywne t\u0142umaczenia\"><span style=\"font-family: tim;\">EGV-S 330221\/330222<br \/>\nEGV-S LB 330229\/330230<\/span><\/span><\/span><\/p>\n<p>YALE<\/p>\n<p>HYSTER<\/p>\n<p>OM PIMESPO, BR VESTERGAARD<\/p>\n<p>0009903807, 8494268, 4494268, 95309172, 50983508934, 129TA9068<\/p>","protected":false},"excerpt":{"rendered":"<p data-start=\"0\" data-end=\"395\"><br data-start=\"5\" data-end=\"8\" \/>230\u00d775-80 MSL Kanall\u0131 Y\u00fcr\u00fcy\u00fc\u015f Tekeri, forklift ve end\u00fcstriyel ta\u015f\u0131ma ara\u00e7lar\u0131nda kullan\u0131lan y\u00fcksek kaliteli, dayan\u0131kl\u0131 ve kanall\u0131 desenli y\u00fcr\u00fcy\u00fc\u015f tekeridir. 230 mm \u00e7ap, 75 mm geni\u015flik ve 80 mm yatak \u00f6l\u00e7\u00fcs\u00fcne sahip olan bu \u00fcr\u00fcn, MSL markas\u0131na ait olup, zorlu \u00e7al\u0131\u015fma ko\u015fullar\u0131nda \u00fcst\u00fcn yol tutu\u015fu ve uzun \u00f6m\u00fcr sa\u011flar. Kanall\u0131 yap\u0131s\u0131 sayesinde kaymay\u0131 \u00f6nler ve stabil s\u00fcr\u00fc\u015f deneyimi sunar.<\/p>\n<p data-start=\"397\" data-end=\"705\"><strong data-start=\"397\" data-end=\"412\">\u00d6zellikler:<\/strong><br data-start=\"412\" data-end=\"415\" \/><strong data-start=\"415\" data-end=\"428\">\u00dcr\u00fcn Ad\u0131:<\/strong> 230\u00d775-80 MSL Kanall\u0131 Y\u00fcr\u00fcy\u00fc\u015f Tekeri<br data-start=\"465\" data-end=\"468\" \/><strong data-start=\"468\" data-end=\"483\">Par\u00e7a Kodu:<\/strong> 4494268, 0009903807<br data-start=\"503\" data-end=\"506\" \/><strong data-start=\"506\" data-end=\"518\">Malzeme:<\/strong> Kanall\u0131 kau\u00e7uk kaplama, sa\u011flam metal g\u00f6vde<br data-start=\"561\" data-end=\"564\" \/><strong data-start=\"564\" data-end=\"583\">Kullan\u0131m Alan\u0131:<\/strong> Forklift ve end\u00fcstriyel ta\u015f\u0131ma ara\u00e7lar\u0131 y\u00fcr\u00fcy\u00fc\u015f tekeri<br data-start=\"638\" data-end=\"641\" \/><strong data-start=\"641\" data-end=\"653\">Avantaj:<\/strong> Kanall\u0131 y\u00fczey, y\u00fcksek a\u015f\u0131nma direnci ve uzun \u00f6m\u00fcr<\/p>\n<p data-start=\"707\" data-end=\"1103\">\n","protected":false},"featured_media":11223,"template":"","meta":[],"product_brand":[],"product_cat":[256,260,395,397,251,254,193],"product_tag":[],"class_list":{"0":"post-11222","1":"product","2":"type-product","3":"status-publish","4":"has-post-thumbnail","6":"product_cat-hyster","7":"product_cat-yuruyus-tekeri-hyster","8":"product_cat-ceoparts","9":"product_cat-yuruyus-tekeri-ceo","10":"product_cat-bt","11":"product_cat-yuruyus-tekeri-bt","12":"product_cat-yuruyus-tekeri","14":"first","15":"instock","16":"taxable","17":"shipping-taxable","18":"purchasable","19":"product-type-simple"},"_links":{"self":[{"href":"https:\/\/ceoparts.com\/tr\/wp-json\/wp\/v2\/product\/11222","targetHints":{"allow":["GET"]}}],"collection":[{"href":"https:\/\/ceoparts.com\/tr\/wp-json\/wp\/v2\/product"}],"about":[{"href":"https:\/\/ceoparts.com\/tr\/wp-json\/wp\/v2\/types\/product"}],"wp:featuredmedia":[{"embeddable":true,"href":"https:\/\/ceoparts.com\/tr\/wp-json\/wp\/v2\/media\/11223"}],"wp:attachment":[{"href":"https:\/\/ceoparts.com\/tr\/wp-json\/wp\/v2\/media?parent=11222"}],"wp:term":[{"taxonomy":"product_brand","embeddable":true,"href":"https:\/\/ceoparts.com\/tr\/wp-json\/wp\/v2\/product_brand?post=11222"},{"taxonomy":"product_cat","embeddable":true,"href":"https:\/\/ceoparts.com\/tr\/wp-json\/wp\/v2\/product_cat?post=11222"},{"taxonomy":"product_tag","embeddable":true,"href":"https:\/\/ceoparts.com\/tr\/wp-json\/wp\/v2\/product_tag?post=11222"}],"curies":[{"name":"wp","href":"https:\/\/api.w.org\/{rel}","templated":true}]}}