{"id":11241,"date":"2024-10-09T17:22:49","date_gmt":"2024-10-09T14:22:49","guid":{"rendered":"https:\/\/ceoparts.com\/?post_type=product&#038;p=11241"},"modified":"2026-05-16T12:03:53","modified_gmt":"2026-05-16T09:03:53","slug":"230x82-45-wicke-yuruyus-tekeri","status":"publish","type":"product","link":"https:\/\/ceoparts.com\/tr\/urun\/230x82-45-wicke-yuruyus-tekeri\/","title":{"rendered":"230&#215;82-45 5+3 Wicke Y\u00fcr\u00fcy\u00fc\u015f Tekeri &#8211; 50460100, 63215600"},"content":{"rendered":"<p>230&#215;82-45 5+3 Wicke Y\u00fcr\u00fcy\u00fc\u015f Tekeri &#8211; 50460100, 63215600<\/p>\n<p style=\"font-weight: 400;\">Jungheinrich 230&#215;78\/82-45<\/p>\n<p style=\"font-weight: 400;\">63215600, 50460100, 16248990, 50030952, 50141153<\/p>\n<table width=\"367\">\n<tbody>\n<tr>\n<td width=\"67%\">ECC 10<\/td>\n<td width=\"33%\">5.94 &#8211; 3.98<\/td>\n<\/tr>\n<tr>\n<td width=\"67%\">ECC 10 AC<\/td>\n<td width=\"33%\">2.03 &#8211; 3.04<\/td>\n<\/tr>\n<tr>\n<td width=\"67%\">ECC SH 20 AC<\/td>\n<td width=\"33%\">11.02 &#8211; 3.04<\/td>\n<\/tr>\n<tr>\n<td width=\"67%\">ECE 20<\/td>\n<td width=\"33%\">3.93 &#8211; 8.97<\/td>\n<\/tr>\n<tr>\n<td width=\"67%\">ECE 20<\/td>\n<td width=\"33%\">9.97 &#8211; 3.98<\/td>\n<\/tr>\n<tr>\n<td width=\"67%\">ECE 20 AC<\/td>\n<td width=\"33%\">7.01 &#8211; 3.04<\/td>\n<\/tr>\n<tr>\n<td width=\"67%\">ECE 20 AC XL<\/td>\n<td width=\"33%\">6.02 &#8211; 3.04<\/td>\n<\/tr>\n<tr>\n<td width=\"67%\">ECE 20 ASDA\/SAFEWAY<\/td>\n<td width=\"33%\">3.00 &#8211; 9.02<\/td>\n<\/tr>\n<tr>\n<td width=\"67%\">ECE 20 hebbare Standplattform<\/td>\n<td width=\"33%\">9.97 &#8211; 12.02<\/td>\n<\/tr>\n<tr>\n<td width=\"67%\">ECE 20 Serie\/Tesco -03.2000<\/td>\n<td width=\"33%\">4.98 &#8211; 2.00<\/td>\n<\/tr>\n<tr>\n<td width=\"67%\">ECE 20 Tesco<\/td>\n<td width=\"33%\">3.00 &#8211; 9.02<\/td>\n<\/tr>\n<tr>\n<td width=\"67%\">ECE 220 HP AC<\/td>\n<td width=\"33%\">4.04 &#8211; 11.07<\/td>\n<\/tr>\n<tr>\n<td width=\"67%\">ECE 220 XL<\/td>\n<td width=\"33%\">4.04 &#8211; 3.08<\/td>\n<\/tr>\n<tr>\n<td width=\"67%\">ECE 220-ac<\/td>\n<td width=\"33%\">4.04 &#8211; 4.07<\/td>\n<\/tr>\n<tr>\n<td width=\"67%\">ECE 310<\/td>\n<td width=\"33%\">4.04 &#8211; 12.07<\/td>\n<\/tr>\n<tr>\n<td width=\"67%\">ECP 100-160 E<\/td>\n<td width=\"33%\">7.95 &#8211; 12.96<\/td>\n<\/tr>\n<tr>\n<td width=\"67%\">ECP 100-190 E<\/td>\n<td width=\"33%\">1.97 &#8211; 12.97<\/td>\n<\/tr>\n<tr>\n<td width=\"67%\">ECP 100-3-E<\/td>\n<td width=\"33%\">9.02 &#8211; 7.04<\/td>\n<\/tr>\n<tr>\n<td width=\"67%\">ECP 100-3-ZZ<\/td>\n<td width=\"33%\">9.02 &#8211; 6.04<\/td>\n<\/tr>\n<tr>\n<td width=\"67%\">EJE-L 16<\/td>\n<td width=\"33%\">8.93 &#8211; 1.96<\/td>\n<\/tr>\n<tr>\n<td width=\"67%\">EKC 12,5 \/ 16<\/td>\n<td width=\"33%\">2.95 &#8211; 12.99<\/td>\n<\/tr>\n<tr>\n<td width=\"67%\">EKC 12,5 \/ 16<\/td>\n<td width=\"33%\">1.00 &#8211; 4.04<\/td>\n<\/tr>\n<tr>\n<td width=\"67%\">EKC 20<\/td>\n<td width=\"33%\">5.04 &#8211; 12.04<\/td>\n<\/tr>\n<tr>\n<td width=\"67%\">EKC-Z<\/td>\n<td width=\"33%\">5.04 &#8211; 12.04<\/td>\n<\/tr>\n<tr>\n<td width=\"67%\">EKC-Z 12,5 \/ 16<\/td>\n<td width=\"33%\">2.95 &#8211; 12.99<\/td>\n<\/tr>\n<tr>\n<td width=\"67%\">EKD 10-20<\/td>\n<td width=\"33%\">5.95 &#8211; 12.99<\/td>\n<\/tr>\n<tr>\n<td width=\"67%\">EKE 20<\/td>\n<td width=\"33%\">5.94 &#8211; 5.97<\/td>\n<\/tr>\n<tr>\n<td width=\"67%\">EKE 20<\/td>\n<td width=\"33%\">1.91 &#8211; 4.94<\/td>\n<\/tr>\n<tr>\n<td width=\"67%\">EKE 20 24V<\/td>\n<td width=\"33%\">8.97 &#8211; 5.03<\/td>\n<\/tr>\n<tr>\n<td width=\"67%\">EKE 20 s<\/td>\n<td width=\"33%\">8.03 &#8211; 12.04<\/td>\n<\/tr>\n<tr>\n<td width=\"67%\">ERC 12,5<\/td>\n<td width=\"33%\">7.88 &#8211; 9.94<\/td>\n<\/tr>\n<tr>\n<td width=\"67%\">ERC 12-16<\/td>\n<td width=\"33%\">10.94 &#8211; 3.01<\/td>\n<\/tr>\n<tr>\n<td width=\"67%\">ERC 12-16<\/td>\n<td width=\"33%\">4.01 &#8211; 3.04<\/td>\n<\/tr>\n<tr>\n<td width=\"67%\">ERC 212\/214\/216<\/td>\n<td width=\"33%\">4.04 &#8211; 4.11<\/td>\n<\/tr>\n<tr>\n<td width=\"67%\">ERC Z12\/Z14\/Z16<\/td>\n<td width=\"33%\">4.04 &#8211; 7.11<\/td>\n<\/tr>\n<tr>\n<td width=\"67%\">ERC-Z 12\/14<\/td>\n<td width=\"33%\">11.94 &#8211; 3.01<\/td>\n<\/tr>\n<tr>\n<td width=\"67%\">ERC-Z 12-16<\/td>\n<td width=\"33%\">4.01 &#8211; 3.04<\/td>\n<\/tr>\n<tr>\n<td width=\"67%\">ERD 16-20<\/td>\n<td width=\"33%\">7.94 &#8211; 3.95<\/td>\n<\/tr>\n<tr>\n<td width=\"67%\">ERD 16-20<\/td>\n<td width=\"33%\">3.03 &#8211; 10.03<\/td>\n<\/tr>\n<tr>\n<td width=\"67%\">ERD 220<\/td>\n<td width=\"33%\">10.03 &#8211;<\/td>\n<\/tr>\n<tr>\n<td width=\"67%\">ERE 20<\/td>\n<td width=\"33%\">1.92 &#8211; 4.94<\/td>\n<\/tr>\n<tr>\n<td width=\"67%\">ERE 20<\/td>\n<td width=\"33%\">5.94 &#8211; 6.97<\/td>\n<\/tr>\n<tr>\n<td width=\"67%\">ERE 20<\/td>\n<td width=\"33%\">11.98 &#8211; 1.01<\/td>\n<\/tr>\n<tr>\n<td width=\"67%\">ERE 20<\/td>\n<td width=\"33%\">7.97 &#8211; 9.98<\/td>\n<\/tr>\n<tr>\n<td width=\"67%\">ERE 20 fester Antrieb<\/td>\n<td width=\"33%\">1.01 &#8211; 10.03<\/td>\n<\/tr>\n<tr>\n<td width=\"67%\">ERE 20 SAFEWAY<\/td>\n<td width=\"33%\">2.01 &#8211; 8.03<\/td>\n<\/tr>\n<tr>\n<td width=\"67%\">ERE 220<\/td>\n<td width=\"33%\">10.03 &#8211; 9.05<\/td>\n<\/tr>\n<tr>\n<td width=\"67%\">ERE 224<\/td>\n<td width=\"33%\">10.05 &#8211; 9.07<\/td>\n<\/tr>\n<tr>\n<td width=\"67%\">ESC 2<\/td>\n<td width=\"33%\">1.05 &#8211; 7.09<\/td>\n<\/tr>\n<tr>\n<td width=\"67%\">ESC Z<\/td>\n<td width=\"33%\">1.05 &#8211; 7.09<\/td>\n<\/tr>\n<tr>\n<td width=\"67%\">ESD 120<\/td>\n<td width=\"33%\">1.05 &#8211;<\/td>\n<\/tr>\n<tr>\n<td width=\"67%\">ESD 20<\/td>\n<td width=\"33%\">11.99 &#8211; 7.03<\/td>\n<\/tr>\n<tr>\n<td width=\"67%\">ESD 220<\/td>\n<td width=\"33%\">1.05 &#8211; 9.10<\/td>\n<\/tr>\n<tr>\n<td width=\"67%\">ESE 120<\/td>\n<td width=\"33%\">1.05 &#8211;<\/td>\n<\/tr>\n<tr>\n<td width=\"67%\">ESE 20<\/td>\n<td width=\"33%\">3.99 &#8211; 3.04<\/td>\n<\/tr>\n<tr>\n<td width=\"67%\">ESE 220<\/td>\n<td width=\"33%\">1.05 &#8211; 1.10<\/td>\n<\/tr>\n<tr>\n<td width=\"67%\">ESE 320<\/td>\n<td width=\"33%\">1.05 &#8211; 1.10<\/td>\n<\/tr>\n<tr>\n<td width=\"67%\">WN 20 S<\/td>\n<td width=\"33%\">10.03 &#8211; 9.05<\/td>\n<\/tr>\n<tr>\n<td width=\"67%\">WN 20 S (MIC)<\/td>\n<td width=\"33%\">12.02 &#8211; 10.03<\/td>\n<\/tr>\n<tr>\n<td width=\"67%\">WN 20 S (MIC)<\/td>\n<td width=\"33%\">2.01 &#8211; 11.02<\/td>\n<\/tr>\n<tr>\n<td width=\"67%\">WN 24 sC<\/td>\n<td width=\"33%\">10.05 &#8211; 4.08<\/td>\n<\/tr>\n<tr>\n<td width=\"67%\">WO 20 (BOSS) hebbare Standpl.<\/td>\n<td width=\"33%\">2.01 &#8211; 6.02<\/td>\n<\/tr>\n<tr>\n<td width=\"67%\">WO 20 (MIC) AC<\/td>\n<td width=\"33%\">7.01 &#8211; 6.03<\/td>\n<\/tr>\n<tr>\n<td width=\"67%\">WO 20 (MIC) hebbare Standpl.<\/td>\n<td width=\"33%\">2.01 &#8211; 6.02<\/td>\n<\/tr>\n<tr>\n<td width=\"67%\">WO 20 (STB) hebbare Standpl.<\/td>\n<td width=\"33%\">2.01 &#8211; 6.02<\/td>\n<\/tr>\n<tr>\n<td width=\"67%\">WP 12\/14 iS (BOSS)<\/td>\n<td width=\"33%\">6.98 &#8211;<\/td>\n<\/tr>\n<tr>\n<td width=\"67%\">WP 12\/14 iS (MIC)<\/td>\n<td width=\"33%\">6.98 &#8211; 7.02<\/td>\n<\/tr>\n<tr>\n<td width=\"67%\">WP 12\/14 iS (STB)<\/td>\n<td width=\"33%\">6.98 &#8211; 7.02<\/td>\n<\/tr>\n<tr>\n<td width=\"67%\">WP 12\/14\/16 S (BOSS)<\/td>\n<td width=\"33%\">6.98 &#8211; 4.02<\/td>\n<\/tr>\n<tr>\n<td width=\"67%\">WP 12\/14\/16 S (MIC)<\/td>\n<td width=\"33%\">6.98 &#8211; 4.02<\/td>\n<\/tr>\n<tr>\n<td width=\"67%\">WP 12\/14\/16 S (STB)<\/td>\n<td width=\"33%\">6.98 &#8211; 4.02<\/td>\n<\/tr>\n<tr>\n<td width=\"67%\">WP12\/14\/16 IS (BOSS)<\/td>\n<td width=\"33%\">4.01 &#8211;<\/td>\n<\/tr>\n<tr>\n<td width=\"67%\">WP12\/14\/16 IS (MIC)<\/td>\n<td width=\"33%\">4.01 &#8211; 4.08<\/td>\n<\/tr>\n<tr>\n<td width=\"67%\">WP12\/14\/16 IS (STB)<\/td>\n<td width=\"33%\">4.01 &#8211; 10.02<\/td>\n<\/tr>\n<tr>\n<td width=\"67%\">WP12\/14\/16 S (BOSS)<\/td>\n<td width=\"33%\">4.01 &#8211;<\/td>\n<\/tr>\n<tr>\n<td width=\"67%\">WP12\/14\/16 S (MIC)<\/td>\n<td width=\"33%\">4.01 &#8211; 4.08<\/td>\n<\/tr>\n<tr>\n<td width=\"67%\">WP12\/14\/16 S (STB)<\/td>\n<td width=\"33%\">4.01 &#8211;<\/td>\n<\/tr>\n<tr>\n<td width=\"67%\">WQ 20 (MIC)<\/td>\n<td width=\"33%\">4.99 &#8211;<\/td>\n<\/tr>\n<tr>\n<td width=\"67%\">ECE 220\/225<\/td>\n<td width=\"33%\">12.06 &#8211; 7.09<\/td>\n<\/tr>\n<tr>\n<td width=\"67%\">ECE 220\/225<\/td>\n<td width=\"33%\">8.11 &#8211;<\/td>\n<\/tr>\n<tr>\n<td width=\"67%\">ECE 220\/225<\/td>\n<td width=\"33%\">8.09 &#8211; 7.11<\/td>\n<\/tr>\n<tr>\n<td width=\"67%\">ECE 225 HP<\/td>\n<td width=\"33%\">11.11 &#8211;<\/td>\n<\/tr>\n<tr>\n<td width=\"67%\">ECE 225 HP<\/td>\n<td width=\"33%\">12.07 &#8211; 10.11<\/td>\n<\/tr>\n<tr>\n<td width=\"67%\">ECE 225 XL<\/td>\n<td width=\"33%\">1.09 &#8211; 7.11<\/td>\n<\/tr>\n<tr>\n<td width=\"67%\">ECE 225 XL<\/td>\n<td width=\"33%\">8.11 &#8211;<\/td>\n<\/tr>\n<tr>\n<td width=\"67%\">ECE 225 XL<\/td>\n<td width=\"33%\">12.07 &#8211; 12.08<\/td>\n<\/tr>\n<tr>\n<td width=\"67%\">ECE 310<\/td>\n<td width=\"33%\">1.08 &#8211; 10.11<\/td>\n<\/tr>\n<tr>\n<td width=\"67%\">ECE 310<\/td>\n<td width=\"33%\">1.11 &#8211;<\/td>\n<\/tr>\n<tr>\n<td width=\"67%\">ECE 320<\/td>\n<td width=\"33%\">1.08 &#8211; 7.09<\/td>\n<\/tr>\n<tr>\n<td width=\"67%\">ECE 320<\/td>\n<td width=\"33%\">11.11 &#8211;<\/td>\n<\/tr>\n<tr>\n<td width=\"67%\">ECE 320<\/td>\n<td width=\"33%\">8.09 &#8211; 10.11<\/td>\n<\/tr>\n<tr>\n<td width=\"67%\">ECP 100-3<\/td>\n<td width=\"33%\">5.98 &#8211; 8.02<\/td>\n<\/tr>\n<tr>\n<td width=\"67%\">EKD 20<\/td>\n<td width=\"33%\">10.03 &#8211; 12.04<\/td>\n<\/tr>\n<tr>\n<td width=\"67%\">EKE 20 b<\/td>\n<td width=\"33%\">9.02 &#8211; 12.04<\/td>\n<\/tr>\n<tr>\n<td width=\"67%\">EKS 110 E<\/td>\n<td width=\"33%\">1.10 &#8211;<\/td>\n<\/tr>\n<tr>\n<td width=\"67%\">ERC 212\/214\/216<\/td>\n<td width=\"33%\">3.11 &#8211;<\/td>\n<\/tr>\n<tr>\n<td width=\"67%\">ERC 212z \/ 214z \/ 216z<\/td>\n<td width=\"33%\">2.11 &#8211;<\/td>\n<\/tr>\n<tr>\n<td width=\"67%\">ERD 220<\/td>\n<td width=\"33%\">6.10 &#8211;<\/td>\n<\/tr>\n<tr>\n<td width=\"67%\">ERE 225<\/td>\n<td width=\"33%\">9.07 &#8211;<\/td>\n<\/tr>\n<tr>\n<td width=\"67%\">ERE 225 KP<\/td>\n<td width=\"33%\">7.08 &#8211;<\/td>\n<\/tr>\n<tr>\n<td width=\"67%\">ESC 214\/216Z<\/td>\n<td width=\"33%\">8.09 &#8211;<\/td>\n<\/tr>\n<tr>\n<td width=\"67%\">ESC 316\/316Z<\/td>\n<td width=\"33%\">11.07 &#8211;<\/td>\n<\/tr>\n<tr>\n<td width=\"67%\">ESD 220<\/td>\n<td width=\"33%\">10.10 &#8211;<\/td>\n<\/tr>\n<tr>\n<td width=\"67%\">ESE 220\/320<\/td>\n<td width=\"33%\">2.10 &#8211;<\/td>\n<\/tr>\n<tr>\n<td width=\"67%\">EZS 130<\/td>\n<td width=\"33%\">6.08 &#8211; 7.09<\/td>\n<\/tr>\n<tr>\n<td width=\"67%\">EZS 130<\/td>\n<td width=\"33%\">11.11 &#8211;<\/td>\n<\/tr>\n<tr>\n<td width=\"67%\">EZS 130<\/td>\n<td width=\"33%\">8.09 &#8211; 10.11<\/td>\n<\/tr>\n<tr>\n<td width=\"67%\">EZS 130<\/td>\n<td width=\"33%\">5.06 &#8211; 7.08<\/td>\n<\/tr>\n<tr>\n<td width=\"67%\">EZS 350<\/td>\n<td width=\"33%\">9.07 &#8211; 7.09<\/td>\n<\/tr>\n<tr>\n<td width=\"67%\">EZS 350\/ EZS C40<\/td>\n<td width=\"33%\">8.09 &#8211; 10.11<\/td>\n<\/tr>\n<tr>\n<td width=\"67%\">EZS 350\/ EZS C40<\/td>\n<td width=\"33%\">11.11 &#8211;<\/td>\n<\/tr>\n<tr>\n<td width=\"67%\">MWF D 12\/14\/16 (KOM)<\/td>\n<td width=\"33%\">6.98 &#8211; 4.02<\/td>\n<\/tr>\n<tr>\n<td width=\"67%\">MWF DG 12\/14 (KOM)<\/td>\n<td width=\"33%\">6.98 &#8211; 7.02<\/td>\n<\/tr>\n<tr>\n<td width=\"67%\">EKS 110 E<\/td>\n<td width=\"33%\">6.04 &#8211; 12.09<\/td>\n<\/tr>\n<tr>\n<td width=\"67%\">EKS 110 ZZ<\/td>\n<td width=\"33%\">6.04 &#8211; 12.09<\/td>\n<\/tr>\n<tr>\n<td width=\"67%\">ECE 116<\/td>\n<td width=\"33%\">4.04 &#8211; 7.06<\/td>\n<\/tr>\n<tr>\n<td width=\"67%\">ECE 320<\/td>\n<td width=\"33%\">4.04 &#8211; 12.07<\/td>\n<\/tr>\n<tr>\n<td width=\"67%\">EJZ 30 F<\/td>\n<td width=\"33%\">12.05 &#8211;<\/td>\n<\/tr>\n<tr>\n<td width=\"67%\">ERD 16-20<\/td>\n<td width=\"33%\">1.00 &#8211; 6.00<\/td>\n<\/tr>\n<tr>\n<td width=\"67%\">ERE 20 Schmal<\/td>\n<td width=\"33%\">10.95 &#8211; 12.98<\/td>\n<\/tr>\n<tr>\n<td width=\"67%\">ERE K20<\/td>\n<td width=\"33%\">6.05 &#8211;<\/td>\n<\/tr>\n<tr>\n<td width=\"67%\">ESD 20<\/td>\n<td width=\"33%\">8.03 &#8211; 12.04<\/td>\n<\/tr>\n<tr>\n<td width=\"67%\">ESE 20<\/td>\n<td width=\"33%\">4.04 &#8211; 12.04<\/td>\n<\/tr>\n<tr>\n<td width=\"67%\">EZS 330\/350<\/td>\n<td width=\"33%\">12.05 &#8211; 8.07<\/td>\n<\/tr>\n<tr>\n<td width=\"67%\">WO 20 (MIC) feste Standpl.<\/td>\n<td width=\"33%\">2.01 &#8211; 4.02<\/td>\n<\/tr>\n<\/tbody>\n<\/table>","protected":false},"excerpt":{"rendered":"<p data-start=\"0\" data-end=\"402\"><br data-start=\"5\" data-end=\"8\" \/>230\u00d782-45 5+3 Wicke Y\u00fcr\u00fcy\u00fc\u015f Tekeri, forklift ve end\u00fcstriyel ta\u015f\u0131ma ara\u00e7lar\u0131nda kullan\u0131lan dayan\u0131kl\u0131 ve y\u00fcksek performansl\u0131 bir y\u00fcr\u00fcy\u00fc\u015f tekeridir. 230 mm \u00e7ap, 82 mm geni\u015flik ve 45 mm yatak \u00f6l\u00e7\u00fcs\u00fcne sahip bu \u00fcr\u00fcn, Wicke markas\u0131n\u0131n 5+3 desenli \u00f6zel kau\u00e7uk kaplamas\u0131yla \u00fcretilmi\u015ftir. Sa\u011flam yap\u0131s\u0131 ve \u00fcst\u00fcn yol tutu\u015fu sayesinde zorlu \u00e7al\u0131\u015fma ko\u015fullar\u0131nda uzun \u00f6m\u00fcrl\u00fc ve g\u00fcvenilir performans sa\u011flar.<\/p>\n<p data-start=\"404\" data-end=\"706\"><strong data-start=\"404\" data-end=\"419\">\u00d6zellikler:<\/strong><br data-start=\"419\" data-end=\"422\" \/><strong data-start=\"422\" data-end=\"435\">\u00dcr\u00fcn Ad\u0131:<\/strong> 230\u00d782-45 5+3 Wicke Y\u00fcr\u00fcy\u00fc\u015f Tekeri<br data-start=\"470\" data-end=\"473\" \/><strong data-start=\"473\" data-end=\"488\">Par\u00e7a Kodu:<\/strong> 50460100, 63215600<br data-start=\"507\" data-end=\"510\" \/><strong data-start=\"510\" data-end=\"522\">Malzeme:<\/strong> Dayan\u0131kl\u0131 kau\u00e7uk kaplama, metal g\u00f6vde<br data-start=\"560\" data-end=\"563\" \/><strong data-start=\"563\" data-end=\"582\">Kullan\u0131m Alan\u0131:<\/strong> Forklift ve end\u00fcstriyel ta\u015f\u0131ma ara\u00e7lar\u0131 y\u00fcr\u00fcy\u00fc\u015f tekeri<br data-start=\"637\" data-end=\"640\" \/><strong data-start=\"640\" data-end=\"652\">Avantaj:<\/strong> Y\u00fcksek a\u015f\u0131nma direnci, g\u00fc\u00e7l\u00fc yol tutu\u015f ve uzun \u00f6m\u00fcr<\/p>\n<p data-start=\"708\" data-end=\"1118\">\n","protected":false},"featured_media":11246,"template":"","meta":[],"product_brand":[],"product_cat":[236,239,404,193],"product_tag":[],"class_list":{"0":"post-11241","1":"product","2":"type-product","3":"status-publish","4":"has-post-thumbnail","6":"product_cat-jungheinrich","7":"product_cat-yuruyus-tekeri-jungheinrich","8":"product_cat-yuruyus-tekeri-wicke","9":"product_cat-yuruyus-tekeri","11":"first","12":"instock","13":"taxable","14":"shipping-taxable","15":"purchasable","16":"product-type-simple"},"_links":{"self":[{"href":"https:\/\/ceoparts.com\/tr\/wp-json\/wp\/v2\/product\/11241","targetHints":{"allow":["GET"]}}],"collection":[{"href":"https:\/\/ceoparts.com\/tr\/wp-json\/wp\/v2\/product"}],"about":[{"href":"https:\/\/ceoparts.com\/tr\/wp-json\/wp\/v2\/types\/product"}],"wp:featuredmedia":[{"embeddable":true,"href":"https:\/\/ceoparts.com\/tr\/wp-json\/wp\/v2\/media\/11246"}],"wp:attachment":[{"href":"https:\/\/ceoparts.com\/tr\/wp-json\/wp\/v2\/media?parent=11241"}],"wp:term":[{"taxonomy":"product_brand","embeddable":true,"href":"https:\/\/ceoparts.com\/tr\/wp-json\/wp\/v2\/product_brand?post=11241"},{"taxonomy":"product_cat","embeddable":true,"href":"https:\/\/ceoparts.com\/tr\/wp-json\/wp\/v2\/product_cat?post=11241"},{"taxonomy":"product_tag","embeddable":true,"href":"https:\/\/ceoparts.com\/tr\/wp-json\/wp\/v2\/product_tag?post=11241"}],"curies":[{"name":"wp","href":"https:\/\/api.w.org\/{rel}","templated":true}]}}