{"id":11257,"date":"2024-10-10T10:25:34","date_gmt":"2024-10-10T07:25:34","guid":{"rendered":"https:\/\/ceoparts.com\/?post_type=product&#038;p=11257"},"modified":"2026-05-03T08:01:48","modified_gmt":"2026-05-03T05:01:48","slug":"230x90-65-wicke-kaucuk-yuruyus-tekeri-0039902315","status":"publish","type":"product","link":"https:\/\/ceoparts.com\/tr\/urun\/230x90-65-wicke-kaucuk-yuruyus-tekeri-0039902315\/","title":{"rendered":"230&#215;90-65 Wicke Linde Rubber Y\u00fcr\u00fcy\u00fc\u015f Tekeri &#8211; 0039902315"},"content":{"rendered":"<p>230&#215;90-65 Wicke Linde Rubber Y\u00fcr\u00fcy\u00fc\u015f Tekeri &#8211; 0039902315<\/p>\n<p>Linde 0039902315<\/p>\n<div class=\"font12\">360 T16\/T18\/T20<br \/>\n360 T16\/T18\/T20\/T16L<br \/>\n379 L10\/12-L10\/12AS<\/div>","protected":false},"excerpt":{"rendered":"<div><\/div>\n<div>\n<p data-start=\"0\" data-end=\"456\">230\u00d790-65 Wicke Linde Rubber Y\u00fcr\u00fcy\u00fc\u015f Tekeri, forklift ve end\u00fcstriyel ta\u015f\u0131ma ara\u00e7lar\u0131 i\u00e7in tasarlanm\u0131\u015f dayan\u0131kl\u0131 ve y\u00fcksek performansl\u0131 bir y\u00fcr\u00fcy\u00fc\u015f tekeridir. 230 mm \u00e7ap, 90 mm geni\u015flik ve 65 mm yatak \u00f6l\u00e7\u00fcs\u00fcne sahip olan bu \u00fcr\u00fcn, Wicke markas\u0131n\u0131n Linde forklift modelleriyle uyumlu kau\u00e7uk kaplamal\u0131 y\u00fcr\u00fcy\u00fc\u015f tekeridir. Y\u00fcksek a\u015f\u0131nma direnci ve g\u00fc\u00e7l\u00fc yol tutu\u015f \u00f6zellikleri sayesinde zorlu \u00e7al\u0131\u015fma ko\u015fullar\u0131nda uzun \u00f6m\u00fcr ve g\u00fcvenilir performans sa\u011flar.<\/p>\n<p data-start=\"458\" data-end=\"758\"><strong data-start=\"458\" data-end=\"473\">\u00d6zellikler:<\/strong><br data-start=\"473\" data-end=\"476\" \/><strong data-start=\"476\" data-end=\"489\">\u00dcr\u00fcn Ad\u0131:<\/strong> 230\u00d790-65 Wicke Linde Rubber Y\u00fcr\u00fcy\u00fc\u015f Tekeri<br data-start=\"533\" data-end=\"536\" \/><strong data-start=\"536\" data-end=\"551\">Par\u00e7a Kodu:<\/strong> 0039902315<br data-start=\"562\" data-end=\"565\" \/><strong data-start=\"565\" data-end=\"577\">Malzeme:<\/strong> Kau\u00e7uk kaplama, sa\u011flam metal g\u00f6vde<br data-start=\"612\" data-end=\"615\" \/><strong data-start=\"615\" data-end=\"634\">Kullan\u0131m Alan\u0131:<\/strong> Forklift ve end\u00fcstriyel ta\u015f\u0131ma ara\u00e7lar\u0131 y\u00fcr\u00fcy\u00fc\u015f tekeri<br data-start=\"689\" data-end=\"692\" \/><strong data-start=\"692\" data-end=\"704\">Avantaj:<\/strong> Y\u00fcksek a\u015f\u0131nma direnci, g\u00fc\u00e7l\u00fc yol tutu\u015f ve uzun \u00f6m\u00fcr<\/p>\n<p data-start=\"760\" data-end=\"1201\">\n","protected":false},"featured_media":11258,"template":"","meta":[],"product_brand":[],"product_cat":[246,249,401,404,193],"product_tag":[],"class_list":{"0":"post-11257","1":"product","2":"type-product","3":"status-publish","4":"has-post-thumbnail","6":"product_cat-linde","7":"product_cat-yuruyus-tekeri-linde","8":"product_cat-wicke","9":"product_cat-yuruyus-tekeri-wicke","10":"product_cat-yuruyus-tekeri","12":"first","13":"instock","14":"taxable","15":"shipping-taxable","16":"purchasable","17":"product-type-simple"},"_links":{"self":[{"href":"https:\/\/ceoparts.com\/tr\/wp-json\/wp\/v2\/product\/11257","targetHints":{"allow":["GET"]}}],"collection":[{"href":"https:\/\/ceoparts.com\/tr\/wp-json\/wp\/v2\/product"}],"about":[{"href":"https:\/\/ceoparts.com\/tr\/wp-json\/wp\/v2\/types\/product"}],"wp:featuredmedia":[{"embeddable":true,"href":"https:\/\/ceoparts.com\/tr\/wp-json\/wp\/v2\/media\/11258"}],"wp:attachment":[{"href":"https:\/\/ceoparts.com\/tr\/wp-json\/wp\/v2\/media?parent=11257"}],"wp:term":[{"taxonomy":"product_brand","embeddable":true,"href":"https:\/\/ceoparts.com\/tr\/wp-json\/wp\/v2\/product_brand?post=11257"},{"taxonomy":"product_cat","embeddable":true,"href":"https:\/\/ceoparts.com\/tr\/wp-json\/wp\/v2\/product_cat?post=11257"},{"taxonomy":"product_tag","embeddable":true,"href":"https:\/\/ceoparts.com\/tr\/wp-json\/wp\/v2\/product_tag?post=11257"}],"curies":[{"name":"wp","href":"https:\/\/api.w.org\/{rel}","templated":true}]}}