{"id":11267,"date":"2024-10-10T11:19:14","date_gmt":"2024-10-10T08:19:14","guid":{"rendered":"https:\/\/ceoparts.com\/?post_type=product&#038;p=11267"},"modified":"2026-05-02T19:08:07","modified_gmt":"2026-05-02T16:08:07","slug":"230x90-45-tellure-rota-yuruyus-tekeri-0039933826-0039933800","status":"publish","type":"product","link":"https:\/\/ceoparts.com\/tr\/urun\/230x90-45-tellure-rota-yuruyus-tekeri-0039933826-0039933800\/","title":{"rendered":"230&#215;90-45 Tellure Rota Y\u00fcr\u00fcy\u00fc\u015f Tekeri &#8211; 0039933826 \/ 0039933800"},"content":{"rendered":"<p>230&#215;90-45 Tellure Rota Y\u00fcr\u00fcy\u00fc\u015f Tekeri &#8211; 0039933826 \/ 0039933800<\/p>\n<div class=\"font12\">Linde:<\/div>\n<div class=\"font12\"><\/div>\n<div class=\"font12\">Vulkollan 0039933800<\/div>\n<div class=\"font12\">OEM Stellana<\/div>\n<div class=\"font12\"><\/div>\n<div class=\"font12\">372\u00a0L14\/16<br \/>\n372\u00a0L14\/16\/L14AP\/16AP<\/div>\n<div class=\"font12\">1173 L14\/L16<\/div>\n<div class=\"font12\"><\/div>\n<div class=\"font12\">Still 0039933826<\/div>\n<div class=\"font12\"><\/div>\n<div class=\"font12\">EXH 25-30 EXH-SF 20-25 (2360-2363)<\/div>","protected":false},"excerpt":{"rendered":"<div>\n<p data-start=\"0\" data-end=\"423\"><br data-start=\"5\" data-end=\"8\" \/>230\u00d790-45 Tellure Rota Y\u00fcr\u00fcy\u00fc\u015f Tekeri, forklift ve end\u00fcstriyel ta\u015f\u0131ma ara\u00e7lar\u0131nda kullan\u0131lan dayan\u0131kl\u0131 ve y\u00fcksek performansl\u0131 bir y\u00fcr\u00fcy\u00fc\u015f tekeridir. 230 mm \u00e7ap, 90 mm geni\u015flik ve 45 mm yatak \u00f6l\u00e7\u00fcs\u00fcne sahip bu \u00fcr\u00fcn, Tellure Rota markas\u0131n\u0131n kaliteli malzemeleri ve i\u015f\u00e7ilik standartlar\u0131yla \u00fcretilmi\u015ftir. Sa\u011flam yap\u0131s\u0131 ve \u00fcst\u00fcn yol tutu\u015fu sayesinde zorlu \u00e7al\u0131\u015fma ko\u015fullar\u0131nda uzun \u00f6m\u00fcrl\u00fc ve g\u00fcvenilir performans sa\u011flar.<\/p>\n<p data-start=\"425\" data-end=\"744\"><strong data-start=\"425\" data-end=\"440\">\u00d6zellikler:<\/strong><br data-start=\"440\" data-end=\"443\" \/><strong data-start=\"443\" data-end=\"456\">\u00dcr\u00fcn Ad\u0131:<\/strong> 230\u00d790-45 Tellure Rota Y\u00fcr\u00fcy\u00fc\u015f Tekeri<br data-start=\"494\" data-end=\"497\" \/><strong data-start=\"497\" data-end=\"512\">Par\u00e7a Kodu:<\/strong> 0039933826, 0039933800<br data-start=\"535\" data-end=\"538\" \/><strong data-start=\"538\" data-end=\"550\">Malzeme:<\/strong> Dayan\u0131kl\u0131 kau\u00e7uk kaplama ve sa\u011flam metal g\u00f6vde<br data-start=\"597\" data-end=\"600\" \/><strong data-start=\"600\" data-end=\"619\">Kullan\u0131m Alan\u0131:<\/strong> Forklift ve end\u00fcstriyel ta\u015f\u0131ma ara\u00e7lar\u0131 y\u00fcr\u00fcy\u00fc\u015f tekeri<br data-start=\"674\" data-end=\"677\" \/><strong data-start=\"677\" data-end=\"689\">Avantaj:<\/strong> Y\u00fcksek a\u015f\u0131nma direnci, g\u00fc\u00e7l\u00fc yol tutu\u015fu ve uzun \u00f6m\u00fcr<\/p>\n<p data-start=\"746\" data-end=\"1182\">\n<\/div>\n","protected":false},"featured_media":11268,"template":"","meta":[],"product_brand":[],"product_cat":[241,244,246,249,412,414,193],"product_tag":[],"class_list":{"0":"post-11267","1":"product","2":"type-product","3":"status-publish","4":"has-post-thumbnail","6":"product_cat-still","7":"product_cat-yuruyus-tekeri-still","8":"product_cat-linde","9":"product_cat-yuruyus-tekeri-linde","10":"product_cat-tellure-rota","11":"product_cat-yuruyus-tekeri-rota","12":"product_cat-yuruyus-tekeri","14":"first","15":"instock","16":"taxable","17":"shipping-taxable","18":"purchasable","19":"product-type-simple"},"_links":{"self":[{"href":"https:\/\/ceoparts.com\/tr\/wp-json\/wp\/v2\/product\/11267","targetHints":{"allow":["GET"]}}],"collection":[{"href":"https:\/\/ceoparts.com\/tr\/wp-json\/wp\/v2\/product"}],"about":[{"href":"https:\/\/ceoparts.com\/tr\/wp-json\/wp\/v2\/types\/product"}],"wp:featuredmedia":[{"embeddable":true,"href":"https:\/\/ceoparts.com\/tr\/wp-json\/wp\/v2\/media\/11268"}],"wp:attachment":[{"href":"https:\/\/ceoparts.com\/tr\/wp-json\/wp\/v2\/media?parent=11267"}],"wp:term":[{"taxonomy":"product_brand","embeddable":true,"href":"https:\/\/ceoparts.com\/tr\/wp-json\/wp\/v2\/product_brand?post=11267"},{"taxonomy":"product_cat","embeddable":true,"href":"https:\/\/ceoparts.com\/tr\/wp-json\/wp\/v2\/product_cat?post=11267"},{"taxonomy":"product_tag","embeddable":true,"href":"https:\/\/ceoparts.com\/tr\/wp-json\/wp\/v2\/product_tag?post=11267"}],"curies":[{"name":"wp","href":"https:\/\/api.w.org\/{rel}","templated":true}]}}