{"id":11272,"date":"2024-10-10T13:57:29","date_gmt":"2024-10-10T10:57:29","guid":{"rendered":"https:\/\/ceoparts.com\/?post_type=product&#038;p=11272"},"modified":"2026-05-16T15:32:43","modified_gmt":"2026-05-16T12:32:43","slug":"230x90-60-yuruyus-tekeri","status":"publish","type":"product","link":"https:\/\/ceoparts.com\/tr\/urun\/230x90-60-yuruyus-tekeri\/","title":{"rendered":"230&#215;90-65 Ceoparts Y\u00fcr\u00fcy\u00fc\u015f Tekeri &#8211; 0039902305"},"content":{"rendered":"<p>230&#215;90-65 Ceoparts Y\u00fcr\u00fcy\u00fc\u015f Tekeri &#8211; 0039902305<\/p>\n<p>LINDE 230&#215;90-65 0039902305<\/p>\n<p>360 T16\/T18\/T20<br \/>\n360 T16\/T18\/T20\/T16L<br \/>\n379 L10\/12-L10\/12AS<\/p>","protected":false},"excerpt":{"rendered":"<p data-start=\"0\" data-end=\"394\"><br data-start=\"5\" data-end=\"8\" \/>230\u00d790-65 Ceoparts Y\u00fcr\u00fcy\u00fc\u015f Tekeri, forklift ve end\u00fcstriyel ta\u015f\u0131ma ara\u00e7lar\u0131nda kullan\u0131lan dayan\u0131kl\u0131 ve y\u00fcksek performansl\u0131 bir y\u00fcr\u00fcy\u00fc\u015f tekeridir. 230 mm \u00e7ap, 90 mm geni\u015flik ve 65 mm yatak \u00f6l\u00e7\u00fcs\u00fcne sahip olan bu \u00fcr\u00fcn, Ceoparts markas\u0131n\u0131n kaliteli malzemeleri ile \u00fcretilmi\u015ftir. Sa\u011flam yap\u0131s\u0131 ve \u00fcst\u00fcn yol tutu\u015fu sayesinde zorlu \u00e7al\u0131\u015fma ko\u015fullar\u0131nda uzun \u00f6m\u00fcrl\u00fc ve g\u00fcvenilir kullan\u0131m sunar.<\/p>\n<p data-start=\"396\" data-end=\"699\"><strong data-start=\"396\" data-end=\"411\">\u00d6zellikler:<\/strong><br data-start=\"411\" data-end=\"414\" \/><strong data-start=\"414\" data-end=\"427\">\u00dcr\u00fcn Ad\u0131:<\/strong> 230\u00d790-65 Ceoparts Y\u00fcr\u00fcy\u00fc\u015f Tekeri<br data-start=\"461\" data-end=\"464\" \/><strong data-start=\"464\" data-end=\"479\">Par\u00e7a Kodu:<\/strong> 0039902305<br data-start=\"490\" data-end=\"493\" \/><strong data-start=\"493\" data-end=\"505\">Malzeme:<\/strong> Dayan\u0131kl\u0131 kau\u00e7uk kaplama ve sa\u011flam metal g\u00f6vde<br data-start=\"552\" data-end=\"555\" \/><strong data-start=\"555\" data-end=\"574\">Kullan\u0131m Alan\u0131:<\/strong> Forklift ve end\u00fcstriyel ta\u015f\u0131ma ara\u00e7lar\u0131 y\u00fcr\u00fcy\u00fc\u015f tekeri<br data-start=\"629\" data-end=\"632\" \/><strong data-start=\"632\" data-end=\"644\">Avantaj:<\/strong> Y\u00fcksek a\u015f\u0131nma direnci, g\u00fc\u00e7l\u00fc yol tutu\u015fu ve uzun \u00f6m\u00fcr<\/p>\n<p data-start=\"701\" data-end=\"1089\">\n","protected":false},"featured_media":11273,"template":"","meta":[],"product_brand":[],"product_cat":[246,249,395,397,193],"product_tag":[],"class_list":{"0":"post-11272","1":"product","2":"type-product","3":"status-publish","4":"has-post-thumbnail","6":"product_cat-linde","7":"product_cat-yuruyus-tekeri-linde","8":"product_cat-ceoparts","9":"product_cat-yuruyus-tekeri-ceo","10":"product_cat-yuruyus-tekeri","12":"first","13":"instock","14":"taxable","15":"shipping-taxable","16":"purchasable","17":"product-type-simple"},"_links":{"self":[{"href":"https:\/\/ceoparts.com\/tr\/wp-json\/wp\/v2\/product\/11272","targetHints":{"allow":["GET"]}}],"collection":[{"href":"https:\/\/ceoparts.com\/tr\/wp-json\/wp\/v2\/product"}],"about":[{"href":"https:\/\/ceoparts.com\/tr\/wp-json\/wp\/v2\/types\/product"}],"wp:featuredmedia":[{"embeddable":true,"href":"https:\/\/ceoparts.com\/tr\/wp-json\/wp\/v2\/media\/11273"}],"wp:attachment":[{"href":"https:\/\/ceoparts.com\/tr\/wp-json\/wp\/v2\/media?parent=11272"}],"wp:term":[{"taxonomy":"product_brand","embeddable":true,"href":"https:\/\/ceoparts.com\/tr\/wp-json\/wp\/v2\/product_brand?post=11272"},{"taxonomy":"product_cat","embeddable":true,"href":"https:\/\/ceoparts.com\/tr\/wp-json\/wp\/v2\/product_cat?post=11272"},{"taxonomy":"product_tag","embeddable":true,"href":"https:\/\/ceoparts.com\/tr\/wp-json\/wp\/v2\/product_tag?post=11272"}],"curies":[{"name":"wp","href":"https:\/\/api.w.org\/{rel}","templated":true}]}}