{"id":11285,"date":"2024-10-10T14:59:04","date_gmt":"2024-10-10T11:59:04","guid":{"rendered":"https:\/\/ceoparts.com\/?post_type=product&#038;p=11285"},"modified":"2026-05-16T18:57:27","modified_gmt":"2026-05-16T15:57:27","slug":"250x100-80-stellana-vulkolan-yuruyus-tekeri","status":"publish","type":"product","link":"https:\/\/ceoparts.com\/tr\/urun\/250x100-80-stellana-vulkolan-yuruyus-tekeri\/","title":{"rendered":"250&#215;100-80 Stellana Vulkollan Y\u00fcr\u00fcy\u00fc\u015f Tekeri &#8211; 0009903813, 4493241"},"content":{"rendered":"<p>250&#215;100-80 Stellana Vulkollan Y\u00fcr\u00fcy\u00fc\u015f Tekeri &#8211; 0009903813, 4493241<\/p>\n<p>CS 10M\/711041\/06-06<br \/>\nCS 16S\/711042\/06-06<br \/>\nCS 20\/711040\/06-06<br \/>\nCS 30Z\/711043\/06-06<br \/>\nCX-T\/711050\/01-08<br \/>\nCX20\/711044\/01-07<br \/>\nCXM 10\/711045\/01-07<br \/>\nCXS 16\/711046\/01-07<br \/>\nCXZ 30\/711047\/01-07<br \/>\nEXD S20\/710249\/01-07<br \/>\nEXU-S\/710148-710149\/01-07<\/p>","protected":false},"excerpt":{"rendered":"<p data-start=\"0\" data-end=\"419\"><br data-start=\"5\" data-end=\"8\" \/>250\u00d7100-80 Stellana Vulkollan Y\u00fcr\u00fcy\u00fc\u015f Tekeri, forklift ve end\u00fcstriyel ta\u015f\u0131ma ara\u00e7lar\u0131 i\u00e7in \u00f6zel olarak tasarlanm\u0131\u015f dayan\u0131kl\u0131 ve y\u00fcksek performansl\u0131 bir y\u00fcr\u00fcy\u00fc\u015f tekeridir. 250 mm \u00e7ap, 100 mm geni\u015flik ve 80 mm yatak \u00f6l\u00e7\u00fcs\u00fc ile donat\u0131lm\u0131\u015ft\u0131r. Vulkollan malzemesi, y\u00fcksek a\u015f\u0131nma direnci, darbe emme kapasitesi ve uzun kullan\u0131m \u00f6mr\u00fc sa\u011flar. Bu sayede zorlu \u00e7al\u0131\u015fma ko\u015fullar\u0131nda sessiz ve stabil bir performans sunar.<\/p>\n<p data-start=\"421\" data-end=\"745\"><strong data-start=\"421\" data-end=\"436\">\u00d6zellikler:<\/strong><br data-start=\"436\" data-end=\"439\" \/><strong data-start=\"439\" data-end=\"452\">\u00dcr\u00fcn Ad\u0131:<\/strong> 250\u00d7100-80 Stellana Vulkollan Y\u00fcr\u00fcy\u00fc\u015f Tekeri<br data-start=\"497\" data-end=\"500\" \/><strong data-start=\"500\" data-end=\"515\">Par\u00e7a Kodu:<\/strong> 0009903813, 4493241<br data-start=\"535\" data-end=\"538\" \/><strong data-start=\"538\" data-end=\"550\">Malzeme:<\/strong> Vulkollan kaplama, sa\u011flam metal g\u00f6vde<br data-start=\"588\" data-end=\"591\" \/><strong data-start=\"591\" data-end=\"610\">Kullan\u0131m Alan\u0131:<\/strong> Forklift ve end\u00fcstriyel ta\u015f\u0131ma ara\u00e7lar\u0131 y\u00fcr\u00fcy\u00fc\u015f tekeri<br data-start=\"665\" data-end=\"668\" \/><strong data-start=\"668\" data-end=\"680\">Avantaj:<\/strong> Y\u00fcksek a\u015f\u0131nma direnci, darbe emme, uzun \u00f6m\u00fcr ve sessiz \u00e7al\u0131\u015fma<\/p>\n<p data-start=\"747\" data-end=\"1152\">\n","protected":false},"featured_media":11289,"template":"","meta":[],"product_brand":[],"product_cat":[416,418,193],"product_tag":[],"class_list":{"0":"post-11285","1":"product","2":"type-product","3":"status-publish","4":"has-post-thumbnail","6":"product_cat-stellana","7":"product_cat-yuruyus-tekeri-stellana","8":"product_cat-yuruyus-tekeri","10":"first","11":"instock","12":"taxable","13":"shipping-taxable","14":"purchasable","15":"product-type-simple"},"_links":{"self":[{"href":"https:\/\/ceoparts.com\/tr\/wp-json\/wp\/v2\/product\/11285","targetHints":{"allow":["GET"]}}],"collection":[{"href":"https:\/\/ceoparts.com\/tr\/wp-json\/wp\/v2\/product"}],"about":[{"href":"https:\/\/ceoparts.com\/tr\/wp-json\/wp\/v2\/types\/product"}],"wp:featuredmedia":[{"embeddable":true,"href":"https:\/\/ceoparts.com\/tr\/wp-json\/wp\/v2\/media\/11289"}],"wp:attachment":[{"href":"https:\/\/ceoparts.com\/tr\/wp-json\/wp\/v2\/media?parent=11285"}],"wp:term":[{"taxonomy":"product_brand","embeddable":true,"href":"https:\/\/ceoparts.com\/tr\/wp-json\/wp\/v2\/product_brand?post=11285"},{"taxonomy":"product_cat","embeddable":true,"href":"https:\/\/ceoparts.com\/tr\/wp-json\/wp\/v2\/product_cat?post=11285"},{"taxonomy":"product_tag","embeddable":true,"href":"https:\/\/ceoparts.com\/tr\/wp-json\/wp\/v2\/product_tag?post=11285"}],"curies":[{"name":"wp","href":"https:\/\/api.w.org\/{rel}","templated":true}]}}