{"id":11290,"date":"2024-10-10T15:06:14","date_gmt":"2024-10-10T12:06:14","guid":{"rendered":"https:\/\/ceoparts.com\/?post_type=product&#038;p=11290"},"modified":"2026-05-16T14:32:52","modified_gmt":"2026-05-16T11:32:52","slug":"250x100-80-wicke-kanalli-yuruyus-tekeri","status":"publish","type":"product","link":"https:\/\/ceoparts.com\/tr\/urun\/250x100-80-wicke-kanalli-yuruyus-tekeri\/","title":{"rendered":"250&#215;100-80 Wicke Kanall\u0131, Y\u00fcr\u00fcy\u00fc\u015f Tekeri &#8211; 0009903813, 4493241"},"content":{"rendered":"<p>250&#215;100-80 Wicke Kanall\u0131, Y\u00fcr\u00fcy\u00fc\u015f Tekeri &#8211; 0009903813, 4493241<\/p>\n<p>CS 10M\/711041\/06-06<br \/>\nCS 16S\/711042\/06-06<br \/>\nCS 20\/711040\/06-06<br \/>\nCS 30Z\/711043\/06-06<br \/>\nCX-T\/711050\/01-08<br \/>\nCX20\/711044\/01-07<br \/>\nCXM 10\/711045\/01-07<br \/>\nCXS 16\/711046\/01-07<br \/>\nCXZ 30\/711047\/01-07<br \/>\nEXD S20\/710249\/01-07<br \/>\nEXU-S\/710148-710149\/01-07<\/p>","protected":false},"excerpt":{"rendered":"<p data-start=\"0\" data-end=\"425\"><br data-start=\"5\" data-end=\"8\" \/>250\u00d7100-80 Wicke Kanall\u0131 Y\u00fcr\u00fcy\u00fc\u015f Tekeri, forklift ve end\u00fcstriyel ta\u015f\u0131ma ara\u00e7lar\u0131nda kullan\u0131lan dayan\u0131kl\u0131 ve performansl\u0131 bir y\u00fcr\u00fcy\u00fc\u015f tekeridir. 250 mm \u00e7ap, 100 mm geni\u015flik ve 80 mm yatak \u00f6l\u00e7\u00fcs\u00fcne sahip bu \u00fcr\u00fcn, Wicke markas\u0131n\u0131n kaliteli malzemeleri ve kanall\u0131 y\u00fczeyi sayesinde \u00fcst\u00fcn yol tutu\u015fu ve \u00e7eki\u015f sa\u011flar. Y\u00fcksek a\u015f\u0131nma direnci ve sa\u011flam yap\u0131s\u0131yla zorlu \u00e7al\u0131\u015fma ko\u015fullar\u0131nda uzun \u00f6m\u00fcrl\u00fc ve sessiz kullan\u0131m sunar.<\/p>\n<p data-start=\"427\" data-end=\"793\"><strong data-start=\"427\" data-end=\"442\">\u00d6zellikler:<\/strong><br data-start=\"442\" data-end=\"445\" \/><strong data-start=\"445\" data-end=\"458\">\u00dcr\u00fcn Ad\u0131:<\/strong> 250\u00d7100-80 Wicke Kanall\u0131 Y\u00fcr\u00fcy\u00fc\u015f Tekeri<br data-start=\"498\" data-end=\"501\" \/><strong data-start=\"501\" data-end=\"516\">Par\u00e7a Kodu:<\/strong> 0009903813, 4493241<br data-start=\"536\" data-end=\"539\" \/><strong data-start=\"539\" data-end=\"551\">Malzeme:<\/strong> Y\u00fcksek kaliteli kau\u00e7uk kaplama ve dayan\u0131kl\u0131 metal g\u00f6vde<br data-start=\"607\" data-end=\"610\" \/><strong data-start=\"610\" data-end=\"629\">Kullan\u0131m Alan\u0131:<\/strong> Forklift ve end\u00fcstriyel ta\u015f\u0131ma ara\u00e7lar\u0131 y\u00fcr\u00fcy\u00fc\u015f tekeri<br data-start=\"684\" data-end=\"687\" \/><strong data-start=\"687\" data-end=\"699\">Avantaj:<\/strong> Kanall\u0131 y\u00fczey ile art\u0131r\u0131lm\u0131\u015f yol tutu\u015fu, y\u00fcksek a\u015f\u0131nma direnci, uzun \u00f6m\u00fcr ve sessiz \u00e7al\u0131\u015fma<\/p>\n<p data-start=\"795\" data-end=\"1230\">\n","protected":false},"featured_media":11295,"template":"","meta":[],"product_brand":[],"product_cat":[251,254,401,404,193],"product_tag":[],"class_list":{"0":"post-11290","1":"product","2":"type-product","3":"status-publish","4":"has-post-thumbnail","6":"product_cat-bt","7":"product_cat-yuruyus-tekeri-bt","8":"product_cat-wicke","9":"product_cat-yuruyus-tekeri-wicke","10":"product_cat-yuruyus-tekeri","12":"first","13":"instock","14":"taxable","15":"shipping-taxable","16":"purchasable","17":"product-type-simple"},"_links":{"self":[{"href":"https:\/\/ceoparts.com\/tr\/wp-json\/wp\/v2\/product\/11290","targetHints":{"allow":["GET"]}}],"collection":[{"href":"https:\/\/ceoparts.com\/tr\/wp-json\/wp\/v2\/product"}],"about":[{"href":"https:\/\/ceoparts.com\/tr\/wp-json\/wp\/v2\/types\/product"}],"wp:featuredmedia":[{"embeddable":true,"href":"https:\/\/ceoparts.com\/tr\/wp-json\/wp\/v2\/media\/11295"}],"wp:attachment":[{"href":"https:\/\/ceoparts.com\/tr\/wp-json\/wp\/v2\/media?parent=11290"}],"wp:term":[{"taxonomy":"product_brand","embeddable":true,"href":"https:\/\/ceoparts.com\/tr\/wp-json\/wp\/v2\/product_brand?post=11290"},{"taxonomy":"product_cat","embeddable":true,"href":"https:\/\/ceoparts.com\/tr\/wp-json\/wp\/v2\/product_cat?post=11290"},{"taxonomy":"product_tag","embeddable":true,"href":"https:\/\/ceoparts.com\/tr\/wp-json\/wp\/v2\/product_tag?post=11290"}],"curies":[{"name":"wp","href":"https:\/\/api.w.org\/{rel}","templated":true}]}}