{"id":11304,"date":"2024-10-10T17:27:53","date_gmt":"2024-10-10T14:27:53","guid":{"rendered":"https:\/\/ceoparts.com\/?post_type=product&#038;p=11304"},"modified":"2026-05-16T18:10:13","modified_gmt":"2026-05-16T15:10:13","slug":"254x90-40-msl-kanalli-yuruyus-tekeri-580052985","status":"publish","type":"product","link":"https:\/\/ceoparts.com\/tr\/urun\/254x90-40-msl-kanalli-yuruyus-tekeri-580052985\/","title":{"rendered":"254&#215;90-40 MSL Kanall\u0131, Y\u00fcr\u00fcy\u00fc\u015f Tekeri &#8211; 580052985"},"content":{"rendered":"<p>254&#215;90-40 MSL Kanall\u0131, Y\u00fcr\u00fcy\u00fc\u015f Tekeri &#8211; 580052985<\/p>\n<p><\/p>\n<p>580052985<\/p>\n<p>Yale, Hyster 254&#215;90-40 5 SZPILEK<\/p>\n<p>Yale MP20X\/MP20XD<\/p>\n<p>Yale MP20X<\/p>\n<p>Yale MP20 XD<\/p>\n<div class=\"font12\">HYSTER P20S, Yale<\/div>\n<div class=\"font12\">HYSTER P20S NR C439X<\/div>\n<div class=\"font12\">HYSTER LO.2.0, L.O.2.0M\/L<\/div>","protected":false},"excerpt":{"rendered":"<p data-start=\"0\" data-end=\"384\"><br data-start=\"5\" data-end=\"8\" \/>254\u00d790-40 MSL Kanall\u0131 Y\u00fcr\u00fcy\u00fc\u015f Tekeri, forklift ve end\u00fcstriyel ta\u015f\u0131ma ara\u00e7lar\u0131nda kullan\u0131lan dayan\u0131kl\u0131 ve y\u00fcksek performansl\u0131 bir y\u00fcr\u00fcy\u00fc\u015f tekeridir. 254 mm \u00e7ap, 90 mm geni\u015flik ve 40 mm yatak \u00f6l\u00e7\u00fcs\u00fc ile tasarlanm\u0131\u015ft\u0131r. Kanall\u0131 y\u00fczeyi sayesinde daha iyi yol tutu\u015fu ve \u00e7eki\u015f sa\u011flar. Y\u00fcksek a\u015f\u0131nma direnci ve sa\u011flam yap\u0131s\u0131 ile zorlu \u00e7al\u0131\u015fma ko\u015fullar\u0131nda uzun \u00f6m\u00fcrl\u00fc kullan\u0131m sunar.<\/p>\n<p data-start=\"386\" data-end=\"712\"><strong data-start=\"386\" data-end=\"401\">\u00d6zellikler:<\/strong><br data-start=\"401\" data-end=\"404\" \/><strong data-start=\"404\" data-end=\"417\">\u00dcr\u00fcn Ad\u0131:<\/strong> 254\u00d790-40 MSL Kanall\u0131 Y\u00fcr\u00fcy\u00fc\u015f Tekeri<br data-start=\"454\" data-end=\"457\" \/><strong data-start=\"457\" data-end=\"472\">Par\u00e7a Kodu:<\/strong> 580052985<br data-start=\"482\" data-end=\"485\" \/><strong data-start=\"485\" data-end=\"497\">Malzeme:<\/strong> Dayan\u0131kl\u0131 kau\u00e7uk kaplama ve sa\u011flam metal g\u00f6vde<br data-start=\"544\" data-end=\"547\" \/><strong data-start=\"547\" data-end=\"566\">Kullan\u0131m Alan\u0131:<\/strong> Forklift ve end\u00fcstriyel ta\u015f\u0131ma ara\u00e7lar\u0131 y\u00fcr\u00fcy\u00fc\u015f tekeri<br data-start=\"621\" data-end=\"624\" \/><strong data-start=\"624\" data-end=\"636\">Avantaj:<\/strong> Kanall\u0131 y\u00fczey ile art\u0131r\u0131lm\u0131\u015f yol tutu\u015fu, y\u00fcksek a\u015f\u0131nma direnci, uzun \u00f6m\u00fcr<\/p>\n<p data-start=\"714\" data-end=\"1088\">\n","protected":false},"featured_media":11305,"template":"","meta":[],"product_brand":[],"product_cat":[256,260,395,397,193],"product_tag":[214],"class_list":{"0":"post-11304","1":"product","2":"type-product","3":"status-publish","4":"has-post-thumbnail","6":"product_cat-hyster","7":"product_cat-yuruyus-tekeri-hyster","8":"product_cat-ceoparts","9":"product_cat-yuruyus-tekeri-ceo","10":"product_cat-yuruyus-tekeri","11":"product_tag-yale","13":"first","14":"instock","15":"taxable","16":"shipping-taxable","17":"purchasable","18":"product-type-simple"},"_links":{"self":[{"href":"https:\/\/ceoparts.com\/tr\/wp-json\/wp\/v2\/product\/11304","targetHints":{"allow":["GET"]}}],"collection":[{"href":"https:\/\/ceoparts.com\/tr\/wp-json\/wp\/v2\/product"}],"about":[{"href":"https:\/\/ceoparts.com\/tr\/wp-json\/wp\/v2\/types\/product"}],"wp:featuredmedia":[{"embeddable":true,"href":"https:\/\/ceoparts.com\/tr\/wp-json\/wp\/v2\/media\/11305"}],"wp:attachment":[{"href":"https:\/\/ceoparts.com\/tr\/wp-json\/wp\/v2\/media?parent=11304"}],"wp:term":[{"taxonomy":"product_brand","embeddable":true,"href":"https:\/\/ceoparts.com\/tr\/wp-json\/wp\/v2\/product_brand?post=11304"},{"taxonomy":"product_cat","embeddable":true,"href":"https:\/\/ceoparts.com\/tr\/wp-json\/wp\/v2\/product_cat?post=11304"},{"taxonomy":"product_tag","embeddable":true,"href":"https:\/\/ceoparts.com\/tr\/wp-json\/wp\/v2\/product_tag?post=11304"}],"curies":[{"name":"wp","href":"https:\/\/api.w.org\/{rel}","templated":true}]}}