{"id":11338,"date":"2024-10-11T11:10:15","date_gmt":"2024-10-11T08:10:15","guid":{"rendered":"https:\/\/ceoparts.com\/?post_type=product&#038;p=11338"},"modified":"2026-05-16T12:10:16","modified_gmt":"2026-05-16T09:10:16","slug":"350x140-90-vulkoprin-vulkolan-havsali-yuruyus-tekeri-7594123","status":"publish","type":"product","link":"https:\/\/ceoparts.com\/tr\/urun\/350x140-90-vulkoprin-vulkolan-havsali-yuruyus-tekeri-7594123\/","title":{"rendered":"350&#215;140-90 Vulkoprin Vulkollan Y\u00fcr\u00fcy\u00fc\u015f Tekeri &#8211; 7594123"},"content":{"rendered":"<p>350&#215;140-90 Vulkoprin Vulkollan Y\u00fcr\u00fcy\u00fc\u015f Tekeri &#8211; 7594123<\/p>\n<p>BT Toyota OME, 8FBRE, RRE, FRE, VCE<\/p>","protected":false},"excerpt":{"rendered":"<p data-start=\"0\" data-end=\"477\"><br data-start=\"5\" data-end=\"8\" \/>350\u00d7140-90 Vulkoprin Vulkollan Hav\u015fal\u0131 Y\u00fcr\u00fcy\u00fc\u015f Tekeri, forklift ve end\u00fcstriyel ta\u015f\u0131ma ara\u00e7lar\u0131nda \u00fcst\u00fcn performans sunan dayan\u0131kl\u0131 bir y\u00fcr\u00fcy\u00fc\u015f tekeridir. 350 mm \u00e7ap, 140 mm geni\u015flik ve 90 mm yatak \u00f6l\u00e7\u00fcs\u00fcne sahip bu \u00fcr\u00fcn, Vulkoprin\u2019in kaliteli vulkollan kaplamas\u0131 ile a\u015f\u0131nmaya, kimyasallara ve darbeye kar\u015f\u0131 y\u00fcksek diren\u00e7 sa\u011flar. Hav\u015fal\u0131 tasar\u0131m\u0131 sayesinde daha iyi y\u00fck da\u011f\u0131l\u0131m\u0131 ve stabilite sunar, zorlu \u00e7al\u0131\u015fma ko\u015fullar\u0131nda uzun \u00f6m\u00fcrl\u00fc ve sessiz kullan\u0131m imkan\u0131 verir.<\/p>\n<p data-start=\"479\" data-end=\"845\"><strong data-start=\"479\" data-end=\"494\">\u00d6zellikler:<\/strong><br data-start=\"494\" data-end=\"497\" \/><strong data-start=\"497\" data-end=\"510\">\u00dcr\u00fcn Ad\u0131:<\/strong> 350\u00d7140-90 Vulkoprin Vulkollan Hav\u015fal\u0131 Y\u00fcr\u00fcy\u00fc\u015f Tekeri<br data-start=\"564\" data-end=\"567\" \/><strong data-start=\"567\" data-end=\"582\">Par\u00e7a Kodu:<\/strong> 7594123<br data-start=\"590\" data-end=\"593\" \/><strong data-start=\"593\" data-end=\"605\">Malzeme:<\/strong> Dayan\u0131kl\u0131 vulkollan kaplama ve sa\u011flam metal g\u00f6vde<br data-start=\"655\" data-end=\"658\" \/><strong data-start=\"658\" data-end=\"677\">Kullan\u0131m Alan\u0131:<\/strong> Forklift ve end\u00fcstriyel ta\u015f\u0131ma ara\u00e7lar\u0131 y\u00fcr\u00fcy\u00fc\u015f tekeri<br data-start=\"732\" data-end=\"735\" \/><strong data-start=\"735\" data-end=\"747\">Avantaj:<\/strong> Y\u00fcksek a\u015f\u0131nma ve darbe direnci, kimyasal dayan\u0131kl\u0131l\u0131k, hav\u015fal\u0131 tasar\u0131m ile art\u0131r\u0131lm\u0131\u015f stabilite<\/p>\n<p data-start=\"847\" data-end=\"1327\">\n","protected":false},"featured_media":11339,"template":"","meta":[],"product_brand":[],"product_cat":[251,254,427,429,521,529,193],"product_tag":[],"class_list":{"0":"post-11338","1":"product","2":"type-product","3":"status-publish","4":"has-post-thumbnail","6":"product_cat-bt","7":"product_cat-yuruyus-tekeri-bt","8":"product_cat-vulkoprin","9":"product_cat-yuruyus-tekeri-vulkoprin","10":"product_cat-toyota","11":"product_cat-yuruyus-tekeri-toyota","12":"product_cat-yuruyus-tekeri","14":"first","15":"instock","16":"taxable","17":"shipping-taxable","18":"purchasable","19":"product-type-simple"},"_links":{"self":[{"href":"https:\/\/ceoparts.com\/tr\/wp-json\/wp\/v2\/product\/11338","targetHints":{"allow":["GET"]}}],"collection":[{"href":"https:\/\/ceoparts.com\/tr\/wp-json\/wp\/v2\/product"}],"about":[{"href":"https:\/\/ceoparts.com\/tr\/wp-json\/wp\/v2\/types\/product"}],"wp:featuredmedia":[{"embeddable":true,"href":"https:\/\/ceoparts.com\/tr\/wp-json\/wp\/v2\/media\/11339"}],"wp:attachment":[{"href":"https:\/\/ceoparts.com\/tr\/wp-json\/wp\/v2\/media?parent=11338"}],"wp:term":[{"taxonomy":"product_brand","embeddable":true,"href":"https:\/\/ceoparts.com\/tr\/wp-json\/wp\/v2\/product_brand?post=11338"},{"taxonomy":"product_cat","embeddable":true,"href":"https:\/\/ceoparts.com\/tr\/wp-json\/wp\/v2\/product_cat?post=11338"},{"taxonomy":"product_tag","embeddable":true,"href":"https:\/\/ceoparts.com\/tr\/wp-json\/wp\/v2\/product_tag?post=11338"}],"curies":[{"name":"wp","href":"https:\/\/api.w.org\/{rel}","templated":true}]}}