{"id":11349,"date":"2024-10-11T13:12:35","date_gmt":"2024-10-11T10:12:35","guid":{"rendered":"https:\/\/ceoparts.com\/?post_type=product&#038;p=11349"},"modified":"2026-05-16T18:10:52","modified_gmt":"2026-05-16T15:10:52","slug":"360x130-90-vulkoprin-vulkolan-yuruyus-tekeri-8428189","status":"publish","type":"product","link":"https:\/\/ceoparts.com\/tr\/urun\/360x130-90-vulkoprin-vulkolan-yuruyus-tekeri-8428189\/","title":{"rendered":"360&#215;130-90 7B Vulkoprin Vulkollan Y\u00fcr\u00fcy\u00fc\u015f Tekeri &#8211; 8428189"},"content":{"rendered":"<p>360&#215;130-90 7B Vulkoprin Vulkollan Y\u00fcr\u00fcy\u00fc\u015f Tekeri &#8211; 8428189<\/p>\n<p>Still FM-X,<\/p>\n<p>STILL FM-XN,<\/p>\n<p>STILL FS-X33<\/p>","protected":false},"excerpt":{"rendered":"<p data-start=\"82\" data-end=\"538\"><br data-start=\"87\" data-end=\"90\" \/>360\u00d7130-90 7B Vulkoprin Vulkollan Y\u00fcr\u00fcy\u00fc\u015f Tekeri, forklift ve end\u00fcstriyel ta\u015f\u0131ma ara\u00e7lar\u0131nda y\u00fcksek dayan\u0131kl\u0131l\u0131k ve uzun \u00f6m\u00fcr sunan \u00f6zel bir y\u00fcr\u00fcy\u00fc\u015f tekeridir. 360 mm \u00e7ap, 130 mm geni\u015flik ve 90 mm yatak \u00f6l\u00e7\u00fcs\u00fcne sahip bu model, Vulkoprin kalitesiyle \u00fcretilmi\u015f dayan\u0131kl\u0131 vulkollan kaplamas\u0131 sayesinde a\u015f\u0131nmaya, kimyasallara ve darbeye kar\u015f\u0131 \u00fcst\u00fcn diren\u00e7 g\u00f6sterir. A\u011f\u0131r y\u00fck ta\u015f\u0131ma ve zorlu \u00e7al\u0131\u015fma ko\u015fullar\u0131nda stabil ve sessiz bir performans sa\u011flar.<\/p>\n<p data-start=\"540\" data-end=\"876\"><strong data-start=\"540\" data-end=\"555\">\u00d6zellikler:<\/strong><br data-start=\"555\" data-end=\"558\" \/><strong data-start=\"558\" data-end=\"571\">\u00dcr\u00fcn Ad\u0131:<\/strong> 360\u00d7130-90 7B Vulkoprin Vulkollan Y\u00fcr\u00fcy\u00fc\u015f Tekeri<br data-start=\"620\" data-end=\"623\" \/><strong data-start=\"623\" data-end=\"638\">Par\u00e7a Kodu:<\/strong> 8428189<br data-start=\"646\" data-end=\"649\" \/><strong data-start=\"649\" data-end=\"661\">Malzeme:<\/strong> Dayan\u0131kl\u0131 vulkollan kaplama ve sa\u011flam metal g\u00f6vde<br data-start=\"711\" data-end=\"714\" \/><strong data-start=\"714\" data-end=\"733\">Kullan\u0131m Alan\u0131:<\/strong> Forklift ve end\u00fcstriyel ta\u015f\u0131ma ara\u00e7lar\u0131 y\u00fcr\u00fcy\u00fc\u015f tekeri<br data-start=\"788\" data-end=\"791\" \/><strong data-start=\"791\" data-end=\"803\">Avantaj:<\/strong> Y\u00fcksek a\u015f\u0131nma direnci, kimyasal dayan\u0131kl\u0131l\u0131k, sessiz ve stabil \u00e7al\u0131\u015fma<\/p>\n<p data-start=\"878\" data-end=\"1310\">\n","protected":false},"featured_media":11578,"template":"","meta":[],"product_brand":[],"product_cat":[241,244,427,429,193],"product_tag":[],"class_list":{"0":"post-11349","1":"product","2":"type-product","3":"status-publish","4":"has-post-thumbnail","6":"product_cat-still","7":"product_cat-yuruyus-tekeri-still","8":"product_cat-vulkoprin","9":"product_cat-yuruyus-tekeri-vulkoprin","10":"product_cat-yuruyus-tekeri","12":"first","13":"instock","14":"taxable","15":"shipping-taxable","16":"purchasable","17":"product-type-simple"},"_links":{"self":[{"href":"https:\/\/ceoparts.com\/tr\/wp-json\/wp\/v2\/product\/11349","targetHints":{"allow":["GET"]}}],"collection":[{"href":"https:\/\/ceoparts.com\/tr\/wp-json\/wp\/v2\/product"}],"about":[{"href":"https:\/\/ceoparts.com\/tr\/wp-json\/wp\/v2\/types\/product"}],"wp:featuredmedia":[{"embeddable":true,"href":"https:\/\/ceoparts.com\/tr\/wp-json\/wp\/v2\/media\/11578"}],"wp:attachment":[{"href":"https:\/\/ceoparts.com\/tr\/wp-json\/wp\/v2\/media?parent=11349"}],"wp:term":[{"taxonomy":"product_brand","embeddable":true,"href":"https:\/\/ceoparts.com\/tr\/wp-json\/wp\/v2\/product_brand?post=11349"},{"taxonomy":"product_cat","embeddable":true,"href":"https:\/\/ceoparts.com\/tr\/wp-json\/wp\/v2\/product_cat?post=11349"},{"taxonomy":"product_tag","embeddable":true,"href":"https:\/\/ceoparts.com\/tr\/wp-json\/wp\/v2\/product_tag?post=11349"}],"curies":[{"name":"wp","href":"https:\/\/api.w.org\/{rel}","templated":true}]}}