{"id":11407,"date":"2024-10-15T16:00:51","date_gmt":"2024-10-15T13:00:51","guid":{"rendered":"https:\/\/ceoparts.com\/?post_type=product&#038;p=11407"},"modified":"2026-05-16T03:49:11","modified_gmt":"2026-05-16T00:49:11","slug":"85x65-70-17-rota-yuk-tekeri-1531785-580038706","status":"publish","type":"product","link":"https:\/\/ceoparts.com\/tr\/urun\/85x65-70-17-rota-yuk-tekeri-1531785-580038706\/","title":{"rendered":"85X65\/70-17 Tellure Rota Y\u00fck Tekeri &#8211; 1531785 \/ 580038706"},"content":{"rendered":"<p>85X65\/70-17 Tellure Rota Y\u00fck Tekeri &#8211; 1531785 \/ 580038706<\/p>","protected":false},"excerpt":{"rendered":"<p data-start=\"109\" data-end=\"569\"><br data-start=\"114\" data-end=\"117\" \/>85\u00d765\/70-17 Tellure Rota Y\u00fck Tekeri, forklift ve depo ekipmanlar\u0131nda a\u011f\u0131r y\u00fcklerin ta\u015f\u0131nmas\u0131 i\u00e7in \u00f6zel olarak tasarlanm\u0131\u015f sa\u011flam ve kaliteli bir y\u00fck tekeridir. 85 mm \u00e7ap, 65 mm geni\u015flik, 70 mm rulman yuvas\u0131 ve 17 mm yatak \u00f6l\u00e7\u00fcs\u00fc ile y\u00fcksek ta\u015f\u0131ma kapasitesi ve dengeli hareket imkan\u0131 sunar. Tellure Rota kalitesiyle \u00fcretilen bu model, a\u015f\u0131nmaya dayan\u0131kl\u0131 poli\u00fcretan kaplamas\u0131 ve \u00e7elik g\u00f6vdesi sayesinde yo\u011fun kullan\u0131mlarda uzun \u00f6m\u00fcrl\u00fc performans sa\u011flar.<\/p>\n<p data-start=\"571\" data-end=\"875\"><strong data-start=\"571\" data-end=\"586\">\u00d6zellikler:<\/strong><br data-start=\"586\" data-end=\"589\" \/><strong data-start=\"589\" data-end=\"602\">\u00dcr\u00fcn Ad\u0131:<\/strong> 85\u00d765\/70-17 Tellure Rota Y\u00fck Tekeri<br data-start=\"638\" data-end=\"641\" \/><strong data-start=\"641\" data-end=\"656\">Par\u00e7a Kodu:<\/strong> 1531785 \/ 580038706<br data-start=\"676\" data-end=\"679\" \/><strong data-start=\"679\" data-end=\"691\">Malzeme:<\/strong> A\u015f\u0131nmaya dayan\u0131kl\u0131 poli\u00fcretan ve \u00e7elik g\u00f6vde<br data-start=\"736\" data-end=\"739\" \/><strong data-start=\"739\" data-end=\"758\">Kullan\u0131m Alan\u0131:<\/strong> Forklift ve depo ara\u00e7lar\u0131 y\u00fck tekeri<br data-start=\"795\" data-end=\"798\" \/><strong data-start=\"798\" data-end=\"810\">Avantaj:<\/strong> Y\u00fcksek ta\u015f\u0131ma kapasitesi, sessiz ve dengeli hareket, uzun \u00f6m\u00fcr<\/p>\n<p data-start=\"877\" data-end=\"1293\">\n","protected":false},"featured_media":11408,"template":"","meta":[],"product_brand":[],"product_cat":[400,412,430],"product_tag":[],"class_list":{"0":"post-11407","1":"product","2":"type-product","3":"status-publish","4":"has-post-thumbnail","6":"product_cat-catal-tekeri","7":"product_cat-tellure-rota","8":"product_cat-catal-tekeri-rota","10":"first","11":"instock","12":"taxable","13":"shipping-taxable","14":"purchasable","15":"product-type-simple"},"_links":{"self":[{"href":"https:\/\/ceoparts.com\/tr\/wp-json\/wp\/v2\/product\/11407","targetHints":{"allow":["GET"]}}],"collection":[{"href":"https:\/\/ceoparts.com\/tr\/wp-json\/wp\/v2\/product"}],"about":[{"href":"https:\/\/ceoparts.com\/tr\/wp-json\/wp\/v2\/types\/product"}],"wp:featuredmedia":[{"embeddable":true,"href":"https:\/\/ceoparts.com\/tr\/wp-json\/wp\/v2\/media\/11408"}],"wp:attachment":[{"href":"https:\/\/ceoparts.com\/tr\/wp-json\/wp\/v2\/media?parent=11407"}],"wp:term":[{"taxonomy":"product_brand","embeddable":true,"href":"https:\/\/ceoparts.com\/tr\/wp-json\/wp\/v2\/product_brand?post=11407"},{"taxonomy":"product_cat","embeddable":true,"href":"https:\/\/ceoparts.com\/tr\/wp-json\/wp\/v2\/product_cat?post=11407"},{"taxonomy":"product_tag","embeddable":true,"href":"https:\/\/ceoparts.com\/tr\/wp-json\/wp\/v2\/product_tag?post=11407"}],"curies":[{"name":"wp","href":"https:\/\/api.w.org\/{rel}","templated":true}]}}