{"id":11417,"date":"2024-10-15T16:58:40","date_gmt":"2024-10-15T13:58:40","guid":{"rendered":"https:\/\/ceoparts.com\/?post_type=product&#038;p=11417"},"modified":"2026-05-16T03:49:02","modified_gmt":"2026-05-16T00:49:02","slug":"80x30-30-17-ceoparts-denge-tekeri","status":"publish","type":"product","link":"https:\/\/ceoparts.com\/tr\/urun\/80x30-30-17-ceoparts-denge-tekeri\/","title":{"rendered":"80&#215;30\/30-17 Ceoparts Denge Tekeri &#8211; 11334505501 BT656113"},"content":{"rendered":"<p>80&#215;30\/30-17 Ceoparts Denge Tekeri &#8211; 11334505501 BT656113<\/p>\n<p>80&#215;30\/30-17 Still Linde 11334505501<\/p>\n<p>Still ECU M15 5138<\/p>\n<p>Linde MT15 CT1133<\/p>\n<p>EPT12-EZ<\/p>\n<p>BT LHE130 Tyro<br \/>\nNoblelift Edge<br \/>\nNexen APET12LI-APET20LI<br \/>\nNexen APET20N<br \/>\nLogitrans Mover<\/p>","protected":false},"excerpt":{"rendered":"<p data-start=\"93\" data-end=\"510\"><br data-start=\"98\" data-end=\"101\" \/>80\u00d730\/30-17 Ceoparts Denge Tekeri, forklift ve istif makinelerinde dengeyi sa\u011flamak ve manevra kontrol\u00fcn\u00fc art\u0131rmak amac\u0131yla kullan\u0131lan kaliteli ve dayan\u0131kl\u0131 bir teker modelidir. 80 mm \u00e7ap, 30 mm geni\u015flik ve 17 mm yatak \u00f6l\u00e7\u00fcs\u00fcne sahip bu \u00fcr\u00fcn, \u00f6zellikle dar ve yo\u011fun alanlarda dengeli hareket sa\u011flar. Ceoparts markas\u0131n\u0131n kaliteli poli\u00fcretan kaplamas\u0131, y\u00fcksek a\u015f\u0131nma direnci ve sessiz \u00e7al\u0131\u015fma performans\u0131 sunar.<\/p>\n<p data-start=\"512\" data-end=\"824\"><strong data-start=\"512\" data-end=\"527\">\u00d6zellikler:<\/strong><br data-start=\"527\" data-end=\"530\" \/><strong data-start=\"530\" data-end=\"543\">\u00dcr\u00fcn Ad\u0131:<\/strong> 80\u00d730\/30-17 Ceoparts Denge Tekeri<br data-start=\"577\" data-end=\"580\" \/><strong data-start=\"580\" data-end=\"595\">Par\u00e7a Kodu:<\/strong> 11334505501, BT656113<br data-start=\"617\" data-end=\"620\" \/><strong data-start=\"620\" data-end=\"632\">Malzeme:<\/strong> A\u015f\u0131nmaya dayan\u0131kl\u0131 poli\u00fcretan ve \u00e7elik g\u00f6vde<br data-start=\"677\" data-end=\"680\" \/><strong data-start=\"680\" data-end=\"699\">Kullan\u0131m Alan\u0131:<\/strong> Forklift ve istif makineleri denge tekeri<br data-start=\"741\" data-end=\"744\" \/><strong data-start=\"744\" data-end=\"756\">Avantaj:<\/strong> Sessiz \u00e7al\u0131\u015fma, y\u00fcksek a\u015f\u0131nma direnci, uzun \u00f6m\u00fcr, dengeli hareket<\/p>\n<p data-start=\"826\" data-end=\"1247\">\n","protected":false},"featured_media":16469,"template":"","meta":[],"product_brand":[],"product_cat":[247,251,252,395,396,241,242,246,185],"product_tag":[],"class_list":{"0":"post-11417","1":"product","2":"type-product","3":"status-publish","4":"has-post-thumbnail","6":"product_cat-denge-tekeri-linde","7":"product_cat-bt","8":"product_cat-denge-tekeri-bt","9":"product_cat-ceoparts","10":"product_cat-denge-tekeri-ceo","11":"product_cat-still","12":"product_cat-denge-tekeri-still","13":"product_cat-linde","14":"product_cat-denge-tekeri","16":"first","17":"instock","18":"taxable","19":"shipping-taxable","20":"purchasable","21":"product-type-simple"},"_links":{"self":[{"href":"https:\/\/ceoparts.com\/tr\/wp-json\/wp\/v2\/product\/11417","targetHints":{"allow":["GET"]}}],"collection":[{"href":"https:\/\/ceoparts.com\/tr\/wp-json\/wp\/v2\/product"}],"about":[{"href":"https:\/\/ceoparts.com\/tr\/wp-json\/wp\/v2\/types\/product"}],"wp:featuredmedia":[{"embeddable":true,"href":"https:\/\/ceoparts.com\/tr\/wp-json\/wp\/v2\/media\/16469"}],"wp:attachment":[{"href":"https:\/\/ceoparts.com\/tr\/wp-json\/wp\/v2\/media?parent=11417"}],"wp:term":[{"taxonomy":"product_brand","embeddable":true,"href":"https:\/\/ceoparts.com\/tr\/wp-json\/wp\/v2\/product_brand?post=11417"},{"taxonomy":"product_cat","embeddable":true,"href":"https:\/\/ceoparts.com\/tr\/wp-json\/wp\/v2\/product_cat?post=11417"},{"taxonomy":"product_tag","embeddable":true,"href":"https:\/\/ceoparts.com\/tr\/wp-json\/wp\/v2\/product_tag?post=11417"}],"curies":[{"name":"wp","href":"https:\/\/api.w.org\/{rel}","templated":true}]}}