{"id":11421,"date":"2024-10-15T17:12:38","date_gmt":"2024-10-15T14:12:38","guid":{"rendered":"https:\/\/ceoparts.com\/?post_type=product&#038;p=11421"},"modified":"2026-05-16T02:36:05","modified_gmt":"2026-05-15T23:36:05","slug":"75x30-30-17-ceoparts-denge-tekeri-kopya","status":"publish","type":"product","link":"https:\/\/ceoparts.com\/tr\/urun\/75x30-30-17-ceoparts-denge-tekeri-kopya\/","title":{"rendered":"80&#215;30-17,5 Ceoparts Denge Tekeri"},"content":{"rendered":"<p>80&#215;30-17,5 Ceoparts Denge Tekeri<\/p>","protected":false},"excerpt":{"rendered":"<p data-start=\"99\" data-end=\"538\"><br data-start=\"104\" data-end=\"107\" \/>80\u00d730-17,5 Ceoparts Denge Tekeri, forklift ve depo ekipmanlar\u0131nda dengeyi sa\u011flamak ve manevra kabiliyetini art\u0131rmak i\u00e7in kullan\u0131lan kaliteli ve sa\u011flam bir denge tekeridir. 80 mm \u00e7ap, 30 mm geni\u015flik ve 17,5 mm yatak \u00f6l\u00e7\u00fcs\u00fcne sahip olan bu \u00fcr\u00fcn, dar alanlarda dengeli hareket ve titre\u015fimsiz kullan\u0131m sunar. Ceoparts markas\u0131n\u0131n kaliteli poli\u00fcretan malzemesiyle \u00fcretilen teker, y\u00fcksek a\u015f\u0131nma direnci ve uzun \u00f6m\u00fcrl\u00fc yap\u0131s\u0131yla \u00f6ne \u00e7\u0131kar.<\/p>\n<p data-start=\"540\" data-end=\"839\"><strong data-start=\"540\" data-end=\"555\">\u00d6zellikler:<\/strong><br data-start=\"555\" data-end=\"558\" \/><strong data-start=\"558\" data-end=\"571\">\u00dcr\u00fcn Ad\u0131:<\/strong> 80\u00d730-17,5 Ceoparts Denge Tekeri<br data-start=\"604\" data-end=\"607\" \/><strong data-start=\"607\" data-end=\"622\">Par\u00e7a Kodu:<\/strong> Belirtilmemi\u015f<br data-start=\"636\" data-end=\"639\" \/><strong data-start=\"639\" data-end=\"651\">Malzeme:<\/strong> A\u015f\u0131nmaya dayan\u0131kl\u0131 poli\u00fcretan ve \u00e7elik g\u00f6vde<br data-start=\"696\" data-end=\"699\" \/><strong data-start=\"699\" data-end=\"718\">Kullan\u0131m Alan\u0131:<\/strong> Forklift ve depo ara\u00e7lar\u0131 denge tekeri<br data-start=\"757\" data-end=\"760\" \/><strong data-start=\"760\" data-end=\"772\">Avantaj:<\/strong> Titre\u015fimsiz ve dengeli hareket, uzun \u00f6m\u00fcr, y\u00fcksek a\u015f\u0131nma direnci<\/p>\n<p data-start=\"841\" data-end=\"1279\">\n","protected":false},"featured_media":16469,"template":"","meta":[],"product_brand":[],"product_cat":[395,396,185],"product_tag":[],"class_list":{"0":"post-11421","1":"product","2":"type-product","3":"status-publish","4":"has-post-thumbnail","6":"product_cat-ceoparts","7":"product_cat-denge-tekeri-ceo","8":"product_cat-denge-tekeri","10":"first","11":"instock","12":"taxable","13":"shipping-taxable","14":"purchasable","15":"product-type-simple"},"_links":{"self":[{"href":"https:\/\/ceoparts.com\/tr\/wp-json\/wp\/v2\/product\/11421","targetHints":{"allow":["GET"]}}],"collection":[{"href":"https:\/\/ceoparts.com\/tr\/wp-json\/wp\/v2\/product"}],"about":[{"href":"https:\/\/ceoparts.com\/tr\/wp-json\/wp\/v2\/types\/product"}],"wp:featuredmedia":[{"embeddable":true,"href":"https:\/\/ceoparts.com\/tr\/wp-json\/wp\/v2\/media\/16469"}],"wp:attachment":[{"href":"https:\/\/ceoparts.com\/tr\/wp-json\/wp\/v2\/media?parent=11421"}],"wp:term":[{"taxonomy":"product_brand","embeddable":true,"href":"https:\/\/ceoparts.com\/tr\/wp-json\/wp\/v2\/product_brand?post=11421"},{"taxonomy":"product_cat","embeddable":true,"href":"https:\/\/ceoparts.com\/tr\/wp-json\/wp\/v2\/product_cat?post=11421"},{"taxonomy":"product_tag","embeddable":true,"href":"https:\/\/ceoparts.com\/tr\/wp-json\/wp\/v2\/product_tag?post=11421"}],"curies":[{"name":"wp","href":"https:\/\/api.w.org\/{rel}","templated":true}]}}