{"id":11538,"date":"2024-10-18T15:03:42","date_gmt":"2024-10-18T12:03:42","guid":{"rendered":"https:\/\/ceoparts.com\/?post_type=product&#038;p=11538"},"modified":"2026-05-03T13:55:45","modified_gmt":"2026-05-03T10:55:45","slug":"125x54-60-20-ceoparts-denge-tekeri-51077215","status":"publish","type":"product","link":"https:\/\/ceoparts.com\/tr\/urun\/125x54-60-20-ceoparts-denge-tekeri-51077215\/","title":{"rendered":"125\u00d754\/60-20 Ceoparts Denge Tekeri &#8211; 51077215 , 0009934060"},"content":{"rendered":"<p>125\u00d754\/60-20 Ceoparts Denge Tekeri &#8211; 51077215 , 0009934060<\/p>\n<table style=\"font-weight: 400;\" width=\"208\">\n<tbody>\n<tr>\n<td width=\"122\">ERE 120<\/td>\n<td width=\"86\">9.05 &#8211; 10.07<\/td>\n<\/tr>\n<tr>\n<td>ECE 118<\/td>\n<td>12.06 &#8211; 3.10<\/td>\n<\/tr>\n<tr>\n<td>ERE 120<\/td>\n<td>6.08 &#8211;<\/td>\n<\/tr>\n<tr>\n<td>ERE 120 (Qingpu)<\/td>\n<td>1.09 &#8211; 8.09<\/td>\n<\/tr>\n<tr>\n<td>ERD K18<\/td>\n<td>10.09 &#8211;<\/td>\n<\/tr>\n<\/tbody>\n<\/table>","protected":false},"excerpt":{"rendered":"<p data-start=\"0\" data-end=\"291\"><br data-start=\"5\" data-end=\"8\" \/>125\u00d754\/60-20 Ceoparts Denge Tekeri, forklift ve i\u015f makinelerinde kullan\u0131lan dayan\u0131kl\u0131 ve kaliteli bir denge tekeridir. 125 mm \u00e7ap, 54\/60 mm geni\u015flik ve 20 mm kal\u0131nl\u0131\u011f\u0131 ile forkliftin stabilitesini art\u0131r\u0131r. Sa\u011flam yap\u0131s\u0131 sayesinde uzun \u00f6m\u00fcrl\u00fcd\u00fcr ve zorlu \u00e7al\u0131\u015fma ko\u015fullar\u0131na uygundur.<\/p>\n<p data-start=\"293\" data-end=\"568\"><strong data-start=\"293\" data-end=\"308\">\u00d6zellikler:<\/strong><br data-start=\"308\" data-end=\"311\" \/><strong data-start=\"311\" data-end=\"324\">\u00dcr\u00fcn Ad\u0131:<\/strong> 125\u00d754\/60-20 Ceoparts Denge Tekeri<br data-start=\"359\" data-end=\"362\" \/><strong data-start=\"362\" data-end=\"377\">Par\u00e7a Kodu:<\/strong> 51077215, 0009934060<br data-start=\"398\" data-end=\"401\" \/><strong data-start=\"401\" data-end=\"413\">Malzeme:<\/strong> Dayan\u0131kl\u0131 kau\u00e7uk ve metal<br data-start=\"439\" data-end=\"442\" \/><strong data-start=\"442\" data-end=\"461\">Kullan\u0131m Alan\u0131:<\/strong> Forklift ve i\u015f makineleri denge tekeri<br data-start=\"500\" data-end=\"503\" \/><strong data-start=\"503\" data-end=\"515\">Avantaj:<\/strong> Y\u00fcksek dayan\u0131kl\u0131l\u0131k, stabilite sa\u011flar, uzun \u00f6m\u00fcrl\u00fc<\/p>\n<p data-start=\"570\" data-end=\"888\">\n","protected":false},"featured_media":11539,"template":"","meta":[],"product_brand":[],"product_cat":[395,396,185],"product_tag":[],"class_list":{"0":"post-11538","1":"product","2":"type-product","3":"status-publish","4":"has-post-thumbnail","6":"product_cat-ceoparts","7":"product_cat-denge-tekeri-ceo","8":"product_cat-denge-tekeri","10":"first","11":"instock","12":"taxable","13":"shipping-taxable","14":"purchasable","15":"product-type-simple"},"_links":{"self":[{"href":"https:\/\/ceoparts.com\/tr\/wp-json\/wp\/v2\/product\/11538","targetHints":{"allow":["GET"]}}],"collection":[{"href":"https:\/\/ceoparts.com\/tr\/wp-json\/wp\/v2\/product"}],"about":[{"href":"https:\/\/ceoparts.com\/tr\/wp-json\/wp\/v2\/types\/product"}],"wp:featuredmedia":[{"embeddable":true,"href":"https:\/\/ceoparts.com\/tr\/wp-json\/wp\/v2\/media\/11539"}],"wp:attachment":[{"href":"https:\/\/ceoparts.com\/tr\/wp-json\/wp\/v2\/media?parent=11538"}],"wp:term":[{"taxonomy":"product_brand","embeddable":true,"href":"https:\/\/ceoparts.com\/tr\/wp-json\/wp\/v2\/product_brand?post=11538"},{"taxonomy":"product_cat","embeddable":true,"href":"https:\/\/ceoparts.com\/tr\/wp-json\/wp\/v2\/product_cat?post=11538"},{"taxonomy":"product_tag","embeddable":true,"href":"https:\/\/ceoparts.com\/tr\/wp-json\/wp\/v2\/product_tag?post=11538"}],"curies":[{"name":"wp","href":"https:\/\/api.w.org\/{rel}","templated":true}]}}