{"id":11542,"date":"2024-10-18T15:16:52","date_gmt":"2024-10-18T12:16:52","guid":{"rendered":"https:\/\/ceoparts.com\/?post_type=product&#038;p=11542"},"modified":"2026-05-03T14:42:04","modified_gmt":"2026-05-03T11:42:04","slug":"125x54-60-30-ceoparts-denge-tekeri","status":"publish","type":"product","link":"https:\/\/ceoparts.com\/tr\/urun\/125x54-60-30-ceoparts-denge-tekeri\/","title":{"rendered":"125\u00d754\/60-30 Ceoparts Denge Tekeri &#8211; 811802 , 820263"},"content":{"rendered":"<p>125\u00d754\/60-30 Ceoparts Denge Tekeri &#8211; 811802 , 820263<\/p>\n<p>Crown ES4000<br \/>\nCrown WP2335S<br \/>\nCrown WP2300S<\/p>\n<p>Crown WP2000S<\/p>\n<p>Cown 3020 M<\/p>","protected":false},"excerpt":{"rendered":"<p data-start=\"0\" data-end=\"310\"><br data-start=\"5\" data-end=\"8\" \/>125\u00d754\/60-30 Ceoparts Denge Tekeri, forklift ve i\u015f makinelerinde kullan\u0131lan dayan\u0131kl\u0131 ve y\u00fcksek kaliteli bir denge tekeridir. 125 mm \u00e7ap, 54\/60 mm geni\u015flik ve 30 mm geni\u015flikte olup forkliftin dengede ve stabil kalmas\u0131n\u0131 sa\u011flar. Sa\u011flam malzemesi ile uzun \u00f6m\u00fcrl\u00fcd\u00fcr ve zorlu \u00e7al\u0131\u015fma ko\u015fullar\u0131na uygundur.<\/p>\n<p data-start=\"312\" data-end=\"581\"><strong data-start=\"312\" data-end=\"327\">\u00d6zellikler:<\/strong><br data-start=\"327\" data-end=\"330\" \/><strong data-start=\"330\" data-end=\"343\">\u00dcr\u00fcn Ad\u0131:<\/strong> 125\u00d754\/60-30 Ceoparts Denge Tekeri<br data-start=\"378\" data-end=\"381\" \/><strong data-start=\"381\" data-end=\"396\">Par\u00e7a Kodu:<\/strong> 811802, 820263<br data-start=\"411\" data-end=\"414\" \/><strong data-start=\"414\" data-end=\"426\">Malzeme:<\/strong> Dayan\u0131kl\u0131 kau\u00e7uk ve metal<br data-start=\"452\" data-end=\"455\" \/><strong data-start=\"455\" data-end=\"474\">Kullan\u0131m Alan\u0131:<\/strong> Forklift ve i\u015f makineleri denge tekeri<br data-start=\"513\" data-end=\"516\" \/><strong data-start=\"516\" data-end=\"528\">Avantaj:<\/strong> Y\u00fcksek dayan\u0131kl\u0131l\u0131k, stabilite sa\u011flar, uzun \u00f6m\u00fcrl\u00fc<\/p>\n<p data-start=\"583\" data-end=\"920\">\n","protected":false},"featured_media":11539,"template":"","meta":[],"product_brand":[],"product_cat":[273,395,396,272,185],"product_tag":[],"class_list":{"0":"post-11542","1":"product","2":"type-product","3":"status-publish","4":"has-post-thumbnail","6":"product_cat-denge-tekeri-crown","7":"product_cat-ceoparts","8":"product_cat-denge-tekeri-ceo","9":"product_cat-crown","10":"product_cat-denge-tekeri","12":"first","13":"instock","14":"taxable","15":"shipping-taxable","16":"purchasable","17":"product-type-simple"},"_links":{"self":[{"href":"https:\/\/ceoparts.com\/tr\/wp-json\/wp\/v2\/product\/11542","targetHints":{"allow":["GET"]}}],"collection":[{"href":"https:\/\/ceoparts.com\/tr\/wp-json\/wp\/v2\/product"}],"about":[{"href":"https:\/\/ceoparts.com\/tr\/wp-json\/wp\/v2\/types\/product"}],"wp:featuredmedia":[{"embeddable":true,"href":"https:\/\/ceoparts.com\/tr\/wp-json\/wp\/v2\/media\/11539"}],"wp:attachment":[{"href":"https:\/\/ceoparts.com\/tr\/wp-json\/wp\/v2\/media?parent=11542"}],"wp:term":[{"taxonomy":"product_brand","embeddable":true,"href":"https:\/\/ceoparts.com\/tr\/wp-json\/wp\/v2\/product_brand?post=11542"},{"taxonomy":"product_cat","embeddable":true,"href":"https:\/\/ceoparts.com\/tr\/wp-json\/wp\/v2\/product_cat?post=11542"},{"taxonomy":"product_tag","embeddable":true,"href":"https:\/\/ceoparts.com\/tr\/wp-json\/wp\/v2\/product_tag?post=11542"}],"curies":[{"name":"wp","href":"https:\/\/api.w.org\/{rel}","templated":true}]}}