{"id":11543,"date":"2024-10-18T15:35:23","date_gmt":"2024-10-18T12:35:23","guid":{"rendered":"https:\/\/ceoparts.com\/?post_type=product&#038;p=11543"},"modified":"2026-05-16T18:45:43","modified_gmt":"2026-05-16T15:45:43","slug":"350x127-80-wicke-p-yuruyus-tekeri-162602-220403","status":"publish","type":"product","link":"https:\/\/ceoparts.com\/tr\/urun\/350x127-80-wicke-p-yuruyus-tekeri-162602-220403\/","title":{"rendered":"350&#215;127-80 Wicke Y\u00fcr\u00fcy\u00fc\u015f Tekeri &#8211; 162602 \/ 220403"},"content":{"rendered":"<p>350&#215;127-80 Wicke Y\u00fcr\u00fcy\u00fc\u015f Tekeri &#8211; 162602 \/ 220403<\/p>\n<p><\/p>\n<div class=\"font12\">C15 Vector<br \/>\nVCE 125ACSF<br \/>\nVCE 125ASF<br \/>\nVCE 150A<br \/>\nVCE 150AC<br \/>\nFR 2.7 FREFLAX AC<br \/>\nFRE 270<br \/>\nRR B4-B6 REFLEX AC<br \/>\nRR B4-B6 REFLEX DC<br \/>\nRR B4CC-6CC<br \/>\nRR B5-B6 REFLEX AC<br \/>\nRR B6<br \/>\nRR B7<br \/>\nRR B7-B8 REFLEX AC<br \/>\nRR B7-B8 REFLEX DC<br \/>\nRR B7CC-8CC<br \/>\nRR E4-E6 REFLEX AC<br \/>\nRR E4-E6 REFLEX DC<br \/>\nRR E4CC-E6CC<br \/>\nRR E5-E6 REFLEX AC<br \/>\nRR E6<br \/>\nRR E7<br \/>\nRR E7-E8 REFLEX AC<br \/>\nRR E7-E8 REFLEX DC<br \/>\nRR E7CC-E8CC<br \/>\nVR C<br \/>\nVR SF<br \/>\nVR SF C<br \/>\nVR VEFLEX<\/div>\n<div class=\"font12\"><\/div>\n<div class=\"font12\">RRE140\/E<br \/>\nRRE160\/E<br \/>\nRRE180\/E<br \/>\nRRE200\/E<br \/>\nRRE250\/<\/div>\n<p><\/p>","protected":false},"excerpt":{"rendered":"<p data-start=\"0\" data-end=\"301\"><br data-start=\"5\" data-end=\"8\" \/>350\u00d7127-80 Wicke Y\u00fcr\u00fcy\u00fc\u015f Tekeri, forklift ve i\u015f makinelerinde kullan\u0131lan dayan\u0131kl\u0131 ve y\u00fcksek performansl\u0131 bir y\u00fcr\u00fcy\u00fc\u015f tekeridir. Sa\u011flam yap\u0131s\u0131 ve kaliteli kau\u00e7uk malzemesi sayesinde uzun \u00f6m\u00fcrl\u00fcd\u00fcr. 350 mm \u00e7ap ve 127 mm geni\u015flik \u00f6l\u00e7\u00fcleri ile zorlu \u00e7al\u0131\u015fma ko\u015fullar\u0131nda g\u00fcvenilir hareket sa\u011flar.<\/p>\n<p data-start=\"303\" data-end=\"575\"><strong data-start=\"303\" data-end=\"318\">\u00d6zellikler:<\/strong><br data-start=\"318\" data-end=\"321\" \/><strong data-start=\"321\" data-end=\"334\">\u00dcr\u00fcn Ad\u0131:<\/strong> 350\u00d7127-80 Wicke Y\u00fcr\u00fcy\u00fc\u015f Tekeri<br data-start=\"366\" data-end=\"369\" \/><strong data-start=\"369\" data-end=\"384\">Par\u00e7a Kodu:<\/strong> 162602, 220403<br data-start=\"399\" data-end=\"402\" \/><strong data-start=\"402\" data-end=\"414\">Malzeme:<\/strong> Dayan\u0131kl\u0131 kau\u00e7uk ve metal yap\u0131<br data-start=\"445\" data-end=\"448\" \/><strong data-start=\"448\" data-end=\"467\">Kullan\u0131m Alan\u0131:<\/strong> Forklift ve i\u015f makineleri y\u00fcr\u00fcy\u00fc\u015f tekeri<br data-start=\"508\" data-end=\"511\" \/><strong data-start=\"511\" data-end=\"523\">Avantaj:<\/strong> Y\u00fcksek dayan\u0131kl\u0131l\u0131k, uzun \u00f6m\u00fcr, sa\u011flam performans<\/p>\n<p data-start=\"577\" data-end=\"889\">\n","protected":false},"featured_media":11544,"template":"","meta":[],"product_brand":[],"product_cat":[251,254,401,404,193],"product_tag":[],"class_list":{"0":"post-11543","1":"product","2":"type-product","3":"status-publish","4":"has-post-thumbnail","6":"product_cat-bt","7":"product_cat-yuruyus-tekeri-bt","8":"product_cat-wicke","9":"product_cat-yuruyus-tekeri-wicke","10":"product_cat-yuruyus-tekeri","12":"first","13":"instock","14":"taxable","15":"shipping-taxable","16":"purchasable","17":"product-type-simple"},"_links":{"self":[{"href":"https:\/\/ceoparts.com\/tr\/wp-json\/wp\/v2\/product\/11543","targetHints":{"allow":["GET"]}}],"collection":[{"href":"https:\/\/ceoparts.com\/tr\/wp-json\/wp\/v2\/product"}],"about":[{"href":"https:\/\/ceoparts.com\/tr\/wp-json\/wp\/v2\/types\/product"}],"wp:featuredmedia":[{"embeddable":true,"href":"https:\/\/ceoparts.com\/tr\/wp-json\/wp\/v2\/media\/11544"}],"wp:attachment":[{"href":"https:\/\/ceoparts.com\/tr\/wp-json\/wp\/v2\/media?parent=11543"}],"wp:term":[{"taxonomy":"product_brand","embeddable":true,"href":"https:\/\/ceoparts.com\/tr\/wp-json\/wp\/v2\/product_brand?post=11543"},{"taxonomy":"product_cat","embeddable":true,"href":"https:\/\/ceoparts.com\/tr\/wp-json\/wp\/v2\/product_cat?post=11543"},{"taxonomy":"product_tag","embeddable":true,"href":"https:\/\/ceoparts.com\/tr\/wp-json\/wp\/v2\/product_tag?post=11543"}],"curies":[{"name":"wp","href":"https:\/\/api.w.org\/{rel}","templated":true}]}}