{"id":11561,"date":"2024-10-19T10:00:12","date_gmt":"2024-10-19T07:00:12","guid":{"rendered":"https:\/\/ceoparts.com\/?post_type=product&#038;p=11561"},"modified":"2026-05-16T11:04:21","modified_gmt":"2026-05-16T08:04:21","slug":"230x70-45-53-wicke-kaydirmaz-bombeli-yuruyus-tekeri-50460101-50460103","status":"publish","type":"product","link":"https:\/\/ceoparts.com\/tr\/urun\/230x70-45-53-wicke-kaydirmaz-bombeli-yuruyus-tekeri-50460101-50460103\/","title":{"rendered":"230&#215;70-45 5+3 Wicke Kayd\u0131rmaz, Bombeli Y\u00fcr\u00fcy\u00fc\u015f Tekeri &#8211; 50460101, 50460103, 50020215"},"content":{"rendered":"<p>230&#215;70-45 5+3 Wicke Kayd\u0131rmaz, Bombeli Y\u00fcr\u00fcy\u00fc\u015f Tekeri &#8211; 50460101, 50460103, 50020215<\/p>\n<div class=\"font12\"><span style=\"color: #000000;\">Jungheinrich quartz<\/span><\/div>\n<div class=\"font12\"><span style=\"color: #000000;\">63210590, 50030951, 50020215, 50460101, 51031747, 50019779, 50460103, 50023635<\/span><\/div>\n<div class=\"font12\">\n<p><span style=\"color: #000000;\">\u00a0<\/span><\/p>\n<table border=\"0\" frame=\"void\" rules=\"none\" cellspacing=\"0\">\n<colgroup>\n<col width=\"227\" \/>\n<col width=\"115\" \/><\/colgroup>\n<tbody>\n<tr>\n<td align=\"left\" width=\"227\" height=\"17\">ECE 116<\/td>\n<td align=\"left\" width=\"115\">4.04 &#8211; 7.06<\/td>\n<\/tr>\n<tr>\n<td align=\"left\" height=\"17\">ECE 118<\/td>\n<td align=\"left\">4.10 &#8211;<\/td>\n<\/tr>\n<tr>\n<td align=\"left\" height=\"17\">EJB 14\/16<\/td>\n<td align=\"left\">5.99 &#8211;<\/td>\n<\/tr>\n<tr>\n<td align=\"left\" height=\"17\">EJB 25\/35 (MMC)<\/td>\n<td align=\"left\">8.99 &#8211; 9.06<\/td>\n<\/tr>\n<tr>\n<td align=\"left\" height=\"17\">EJC 10\/12<\/td>\n<td align=\"left\">10.97 &#8211;<\/td>\n<\/tr>\n<tr>\n<td align=\"left\" height=\"17\">EJC 110\/112<\/td>\n<td align=\"left\">9.07 &#8211;<\/td>\n<\/tr>\n<tr>\n<td align=\"left\" height=\"17\">EJC 110\/112<\/td>\n<td align=\"left\">12.04 &#8211; 8.07<\/td>\n<\/tr>\n<tr>\n<td align=\"left\" height=\"17\">EJC 12 C<\/td>\n<td align=\"left\">7.03 &#8211;<\/td>\n<\/tr>\n<tr>\n<td align=\"left\" height=\"17\">EJC 14\/16<\/td>\n<td align=\"left\">6.98 &#8211; 2.06<\/td>\n<\/tr>\n<tr>\n<td align=\"left\" height=\"17\">EJC 20\/25<\/td>\n<td align=\"left\">6.98 &#8211; 3.05<\/td>\n<\/tr>\n<tr>\n<td align=\"left\" height=\"17\">EJC 212 \/ 214 \/ 216<\/td>\n<td align=\"left\">6.08 &#8211;<\/td>\n<\/tr>\n<tr>\n<td align=\"left\" height=\"17\">EJC 212-216<\/td>\n<td align=\"left\">1.06 &#8211; 5.08<\/td>\n<\/tr>\n<tr>\n<td align=\"left\" height=\"17\">EJC 212z \/ 214z \/ 216z<\/td>\n<td align=\"left\">12.10 &#8211;<\/td>\n<\/tr>\n<tr>\n<td align=\"left\" height=\"17\">EJC 220<\/td>\n<td align=\"left\">8.06 &#8211;<\/td>\n<\/tr>\n<tr>\n<td align=\"left\" height=\"17\">EJC B12\/14\/16<\/td>\n<td align=\"left\">4.11 &#8211;<\/td>\n<\/tr>\n<tr>\n<td align=\"left\" height=\"17\">EJC B12\/14\/16<\/td>\n<td align=\"left\">4.11 &#8211;<\/td>\n<\/tr>\n<tr>\n<td align=\"left\" height=\"17\">EJC B14\/B16<\/td>\n<td align=\"left\">5.05 &#8211;<\/td>\n<\/tr>\n<tr>\n<td align=\"left\" height=\"17\">EJC B14\/B16 (US)<\/td>\n<td align=\"left\">11.06 &#8211;<\/td>\n<\/tr>\n<tr>\n<td align=\"left\" height=\"17\">EJC B25 \/B35<\/td>\n<td align=\"left\">5.05 &#8211; 11.06<\/td>\n<\/tr>\n<tr>\n<td align=\"left\" height=\"17\">EJC-20\/25<\/td>\n<td align=\"left\">4.05 &#8211; 12.06<\/td>\n<\/tr>\n<tr>\n<td align=\"left\" height=\"17\">EJC-Z 14\/16<\/td>\n<td align=\"left\">1.99 &#8211; 4.05<\/td>\n<\/tr>\n<tr>\n<td align=\"left\" height=\"17\">EJD 20-3<\/td>\n<td align=\"left\">6.98 &#8211; 7.05<\/td>\n<\/tr>\n<tr>\n<td align=\"left\" height=\"17\">EJD 220<\/td>\n<td align=\"left\">1.10 &#8211;<\/td>\n<\/tr>\n<tr>\n<td align=\"left\" height=\"17\">EJD K18<\/td>\n<td align=\"left\">5.05 &#8211; 5.08<\/td>\n<\/tr>\n<tr>\n<td align=\"left\" height=\"17\">EJD K18<\/td>\n<td align=\"left\">6.08 &#8211;<\/td>\n<\/tr>\n<tr>\n<td align=\"left\" height=\"17\">EJE 116\/118\/120<\/td>\n<td align=\"left\">4.07 &#8211;<\/td>\n<\/tr>\n<tr>\n<td align=\"left\" height=\"17\">EJE 116\/118\/120 (USA)<\/td>\n<td align=\"left\">9.07 &#8211;<\/td>\n<\/tr>\n<tr>\n<td align=\"left\" height=\"17\">EJE 135\/145<\/td>\n<td align=\"left\">9.03 &#8211; 10.06<\/td>\n<\/tr>\n<tr>\n<td align=\"left\" height=\"17\">EJE 220\/225<\/td>\n<td align=\"left\">5.07 &#8211;<\/td>\n<\/tr>\n<tr>\n<td align=\"left\" height=\"17\">EJE 220\/225 (USA)<\/td>\n<td align=\"left\">8.07 &#8211;<\/td>\n<\/tr>\n<tr>\n<td align=\"left\" height=\"17\">EJE 220r\/222r<\/td>\n<td align=\"left\">5.06 &#8211;<\/td>\n<\/tr>\n<tr>\n<td align=\"left\" height=\"17\">EJE 235<\/td>\n<td align=\"left\">5.08 &#8211;<\/td>\n<\/tr>\n<tr>\n<td align=\"left\" height=\"17\">EJE 30<\/td>\n<td align=\"left\">1.98 &#8211; 5.05<\/td>\n<\/tr>\n<tr>\n<td align=\"left\" height=\"17\">EJE 30<\/td>\n<td align=\"left\">6.05 &#8211;<\/td>\n<\/tr>\n<tr>\n<td align=\"left\" height=\"17\">EJE\/-R 20-25<\/td>\n<td align=\"left\">1.97 &#8211; 8.03<\/td>\n<\/tr>\n<tr>\n<td align=\"left\" height=\"17\">ELE 16-20 ac<\/td>\n<td align=\"left\">9.02 &#8211; 8.03<\/td>\n<\/tr>\n<tr>\n<td align=\"left\" height=\"17\">EMC 110 RK<\/td>\n<td align=\"left\">1.11 &#8211;<\/td>\n<\/tr>\n<tr>\n<td align=\"left\" height=\"17\">ERE 120<\/td>\n<td align=\"left\">6.08 &#8211;<\/td>\n<\/tr>\n<tr>\n<td align=\"left\" height=\"17\">ERE 120<\/td>\n<td align=\"left\">9.05 &#8211; 10.07<\/td>\n<\/tr>\n<tr>\n<td align=\"left\" height=\"17\">MWH 10\/12 (KOM)<\/td>\n<td align=\"left\">12.98 &#8211;<\/td>\n<\/tr>\n<tr>\n<td align=\"left\" height=\"17\">MWH 14\/16 (KOM)<\/td>\n<td align=\"left\">12.98 &#8211;<\/td>\n<\/tr>\n<tr>\n<td align=\"left\" height=\"17\">MWH G 14\/16 (KOM)<\/td>\n<td align=\"left\">1.99 &#8211;<\/td>\n<\/tr>\n<tr>\n<td align=\"left\" height=\"17\">PMW23N<\/td>\n<td align=\"left\">9.05 &#8211; 10.07<\/td>\n<\/tr>\n<tr>\n<td align=\"left\" height=\"17\">PMWT15\/18N<\/td>\n<td align=\"left\">10.05 &#8211;<\/td>\n<\/tr>\n<tr>\n<td align=\"left\" height=\"17\">PW23<\/td>\n<td align=\"left\">9.07 &#8211;<\/td>\n<\/tr>\n<tr>\n<td align=\"left\" height=\"17\">PWF11<\/td>\n<td align=\"left\">3.09 &#8211;<\/td>\n<\/tr>\n<tr>\n<td align=\"left\" height=\"17\">WL 14\/16<\/td>\n<td align=\"left\">12.03 &#8211; 4.08<\/td>\n<\/tr>\n<tr>\n<td align=\"left\" height=\"17\">WL 14\/16 (BOSS)<\/td>\n<td align=\"left\">5.99 &#8211; 11.03<\/td>\n<\/tr>\n<tr>\n<td align=\"left\" height=\"17\">WL 14\/16 (MIC)<\/td>\n<td align=\"left\">5.99 &#8211; 11.03<\/td>\n<\/tr>\n<tr>\n<td align=\"left\" height=\"17\">WL 14\/16 (STB)<\/td>\n<td align=\"left\">5.99 &#8211; 11.03<\/td>\n<\/tr>\n<tr>\n<td align=\"left\" height=\"17\">WN 116\/118\/120<\/td>\n<td align=\"left\">4.07 &#8211; 4.08<\/td>\n<\/tr>\n<tr>\n<td align=\"left\" height=\"17\">WN 16-20 AC<\/td>\n<td align=\"left\">9.02 &#8211; 10.07<\/td>\n<\/tr>\n<tr>\n<td align=\"left\" height=\"17\">WN 20-25 C\/WN20-22rC<\/td>\n<td align=\"left\">9.03 &#8211; 10.07<\/td>\n<\/tr>\n<tr>\n<td align=\"left\" height=\"17\">WN 20C\/25C<\/td>\n<td align=\"left\">5.07 &#8211;<\/td>\n<\/tr>\n<tr>\n<td align=\"left\" height=\"17\">WP 10\/12<\/td>\n<td align=\"left\">9.07 &#8211; 4.08<\/td>\n<\/tr>\n<tr>\n<td align=\"left\" height=\"17\">WP 10\/12 C (BOSS)<\/td>\n<td align=\"left\">12.98 &#8211; 10.02<\/td>\n<\/tr>\n<tr>\n<td align=\"left\" height=\"17\">WP 10\/12 C (MIC)<\/td>\n<td align=\"left\">12.98 &#8211; 10.02<\/td>\n<\/tr>\n<tr>\n<td align=\"left\" height=\"17\">WP 10\/12 C (MIC)<\/td>\n<td align=\"left\">8.02 &#8211;<\/td>\n<\/tr>\n<tr>\n<td align=\"left\" height=\"17\">WP 10\/12 C (STB)<\/td>\n<td align=\"left\">12.98 &#8211; 10.02<\/td>\n<\/tr>\n<tr>\n<td align=\"left\" height=\"17\">WP 12 C<\/td>\n<td align=\"left\">7.03 &#8211;<\/td>\n<\/tr>\n<tr>\n<td align=\"left\" height=\"17\">WP 12-16<\/td>\n<td align=\"left\">1.06 &#8211; 4.08<\/td>\n<\/tr>\n<tr>\n<td align=\"left\" height=\"17\">WP 14 I\/16 I (MIC)<\/td>\n<td align=\"left\">8.02 &#8211; 4.08<\/td>\n<\/tr>\n<tr>\n<td align=\"left\" height=\"17\">WP 14\/16 (BOSS)<\/td>\n<td align=\"left\">12.98 &#8211;<\/td>\n<\/tr>\n<tr>\n<td align=\"left\" height=\"17\">WP 14\/16 (MIC)<\/td>\n<td align=\"left\">8.02 &#8211; 4.08<\/td>\n<\/tr>\n<tr>\n<td align=\"left\" height=\"17\">WP 14\/16 (MIC)<\/td>\n<td align=\"left\">12.98 &#8211; 8.02<\/td>\n<\/tr>\n<tr>\n<td align=\"left\" height=\"17\">WP 14\/16 (STB)<\/td>\n<td align=\"left\">12.98 &#8211;<\/td>\n<\/tr>\n<tr>\n<td align=\"left\" height=\"17\">WP 14\/16 i (BOSS)<\/td>\n<td align=\"left\">1.99 &#8211;<\/td>\n<\/tr>\n<tr>\n<td align=\"left\" height=\"17\">WP 14\/16 i (MIC)<\/td>\n<td align=\"left\">1.99 &#8211;<\/td>\n<\/tr>\n<tr>\n<td align=\"left\" height=\"17\">WP 14\/16 i (STB)<\/td>\n<td align=\"left\">1.99 &#8211;<\/td>\n<\/tr>\n<tr>\n<td align=\"left\" height=\"17\">WP 20 D (MIC)<\/td>\n<td align=\"left\">8.02 &#8211; 4.08<\/td>\n<\/tr>\n<tr>\n<td align=\"left\" height=\"17\">WP 20 D (MIC)<\/td>\n<td align=\"left\">11.00 &#8211; 7.02<\/td>\n<\/tr>\n<tr>\n<td align=\"left\" height=\"17\">WP6000<\/td>\n<td align=\"left\">10.05 &#8211; 10.07<\/td>\n<\/tr>\n<\/tbody>\n<\/table>\n<\/div>\n<table border=\"0\" frame=\"void\" rules=\"none\" cellspacing=\"0\">\n<colgroup>\n<col width=\"159\" \/>\n<col width=\"145\" \/><\/colgroup>\n<tbody>\n<tr>\n<td align=\"left\" width=\"159\" height=\"17\">EJC 12,5<\/td>\n<td align=\"left\" width=\"145\">9.92 &#8211; 7.93<\/td>\n<\/tr>\n<tr>\n<td align=\"left\" height=\"17\">EJE 16\/20<\/td>\n<td align=\"left\">8.93 &#8211; 4.94<\/td>\n<\/tr>\n<tr>\n<td align=\"left\" height=\"17\">EJC 12-16<\/td>\n<td align=\"left\">7.94 &#8211; 6.96<\/td>\n<\/tr>\n<tr>\n<td align=\"left\" height=\"17\">EJC-Z 12,5\/16<\/td>\n<td align=\"left\">7.94 &#8211; 6.96<\/td>\n<\/tr>\n<tr>\n<td align=\"left\" height=\"17\">EJE\/-R 18-24<\/td>\n<td align=\"left\">5.94 &#8211; 5.96<\/td>\n<\/tr>\n<tr>\n<td align=\"left\" height=\"17\">EJE-L 14\/16<\/td>\n<td align=\"left\">9.92 &#8211; 7.93<\/td>\n<\/tr>\n<tr>\n<td align=\"left\" height=\"17\">EJE 16\/20<\/td>\n<td align=\"left\">9.92 &#8211; 7.93<\/td>\n<\/tr>\n<tr>\n<td align=\"left\" height=\"17\">EJE\/-R 20<\/td>\n<td align=\"left\">9.92 &#8211; 7.93<\/td>\n<\/tr>\n<tr>\n<td align=\"left\" height=\"17\">EJC 16<\/td>\n<td align=\"left\">11.92 &#8211; 7.93<\/td>\n<\/tr>\n<tr>\n<td align=\"left\" height=\"17\">EJE\/-R 20-24<\/td>\n<td align=\"left\">6.96 &#8211; 4.97<\/td>\n<\/tr>\n<tr>\n<td align=\"left\" height=\"17\">EJC-Z 14\/16<\/td>\n<td align=\"left\">7.96 &#8211; 12.98<\/td>\n<\/tr>\n<tr>\n<td align=\"left\" height=\"17\">EJE\/-R 20-25<\/td>\n<td align=\"left\">1.97 &#8211; 8.03<\/td>\n<\/tr>\n<tr>\n<td align=\"left\" height=\"17\">ERE 120<\/td>\n<td align=\"left\">9.05 &#8211; 10.07<\/td>\n<\/tr>\n<tr>\n<td align=\"left\" height=\"17\">ECE 118<\/td>\n<td align=\"left\">12.06 &#8211; 3.10<\/td>\n<\/tr>\n<tr>\n<td align=\"left\" height=\"18\">ERE 120 (Qingpu)<\/td>\n<td align=\"left\">9.06 &#8211; 12.08<\/td>\n<\/tr>\n<tr>\n<td align=\"left\" height=\"17\">ERE 120<\/td>\n<td align=\"left\">6.08 &#8211;<\/td>\n<\/tr>\n<tr>\n<td align=\"left\" height=\"17\">EJE 235<\/td>\n<td align=\"left\">5.08 &#8211;<\/td>\n<\/tr>\n<tr>\n<td align=\"left\" height=\"18\">ERE 120 (Qingpu)<\/td>\n<td align=\"left\">1.09 &#8211; 8.09<\/td>\n<\/tr>\n<tr>\n<td align=\"left\" height=\"17\">ERE 120n<\/td>\n<td align=\"left\">9.09 &#8211;<\/td>\n<\/tr>\n<tr>\n<td align=\"left\" height=\"17\">ERD K18<\/td>\n<td align=\"left\">10.09 &#8211;<\/td>\n<\/tr>\n<\/tbody>\n<\/table>\n<table border=\"0\" frame=\"void\" rules=\"none\" cellspacing=\"0\">\n<colgroup>\n<col width=\"159\" \/>\n<col width=\"140\" \/><\/colgroup>\n<tbody>\n<tr>\n<td align=\"left\" width=\"159\" height=\"17\">EJC-L 10<\/td>\n<td align=\"left\" width=\"140\">5.94 &#8211; 6.96<\/td>\n<\/tr>\n<tr>\n<td align=\"left\" height=\"17\">EJC-Z 12,5\/16<\/td>\n<td align=\"left\">7.94 &#8211; 6.96<\/td>\n<\/tr>\n<tr>\n<td align=\"left\" height=\"17\">EJE\/-R 18-24<\/td>\n<td align=\"left\">5.94 &#8211; 5.96<\/td>\n<\/tr>\n<tr>\n<td align=\"left\" height=\"17\">EJE\/-R 20-24<\/td>\n<td align=\"left\">6.96 &#8211; 4.97<\/td>\n<\/tr>\n<tr>\n<td align=\"left\" height=\"17\">ELE 16-20<\/td>\n<td align=\"left\">4.96 &#8211; 8.02<\/td>\n<\/tr>\n<tr>\n<td align=\"left\" height=\"17\">EJC-L 10<\/td>\n<td align=\"left\">7.96 &#8211; 9.97<\/td>\n<\/tr>\n<tr>\n<td align=\"left\" height=\"17\">ELS 18<\/td>\n<td align=\"left\">7.96 &#8211; 4.04<\/td>\n<\/tr>\n<tr>\n<td align=\"left\" height=\"17\">EJC 14\/16<\/td>\n<td align=\"left\">6.98 &#8211; 2.06<\/td>\n<\/tr>\n<tr>\n<td align=\"left\" height=\"17\">ELE 35\/45 (MMC)<\/td>\n<td align=\"left\">9.98 &#8211; 8.02<\/td>\n<\/tr>\n<tr>\n<td align=\"left\" height=\"17\">EJE 16-4<\/td>\n<td align=\"left\">1.00 &#8211;<\/td>\n<\/tr>\n<tr>\n<td align=\"left\" height=\"17\">ELS 12<\/td>\n<td align=\"left\">2.03 &#8211; 12.03<\/td>\n<\/tr>\n<\/tbody>\n<\/table>","protected":false},"excerpt":{"rendered":"<p data-start=\"0\" data-end=\"339\"><br data-start=\"5\" data-end=\"8\" \/>230\u00d770-45 5+3 Wicke Kayd\u0131rmaz, Bombeli Y\u00fcr\u00fcy\u00fc\u015f Tekeri, forklift ve i\u015f makinelerinde kullan\u0131lan y\u00fcksek kaliteli ve dayan\u0131kl\u0131 bir y\u00fcr\u00fcy\u00fc\u015f tekeridir. Kayd\u0131rmaz y\u00fczeyi ile g\u00fcvenli hareket sa\u011flar, bombeli yap\u0131s\u0131 ise zeminle uyumlu \u00e7al\u0131\u015farak stabiliteyi art\u0131r\u0131r. Uzun \u00f6m\u00fcrl\u00fc malzemeden \u00fcretilmi\u015f olup, zorlu \u00e7al\u0131\u015fma ko\u015fullar\u0131na uygundur.<\/p>\n<p data-start=\"341\" data-end=\"657\"><strong data-start=\"341\" data-end=\"356\">\u00d6zellikler:<\/strong><br data-start=\"356\" data-end=\"359\" \/><strong data-start=\"359\" data-end=\"372\">\u00dcr\u00fcn Ad\u0131:<\/strong> 230\u00d770-45 5+3 Wicke Kayd\u0131rmaz, Bombeli Y\u00fcr\u00fcy\u00fc\u015f Tekeri<br data-start=\"426\" data-end=\"429\" \/><strong data-start=\"429\" data-end=\"444\">Par\u00e7a Kodu:<\/strong> 50460101, 50460103, 50020215<br data-start=\"473\" data-end=\"476\" \/><strong data-start=\"476\" data-end=\"488\">Malzeme:<\/strong> Dayan\u0131kl\u0131 kau\u00e7uk ve metal malzeme<br data-start=\"522\" data-end=\"525\" \/><strong data-start=\"525\" data-end=\"544\">Kullan\u0131m Alan\u0131:<\/strong> Forklift ve i\u015f makineleri y\u00fcr\u00fcy\u00fc\u015f tekeri<br data-start=\"585\" data-end=\"588\" \/><strong data-start=\"588\" data-end=\"600\">Avantaj:<\/strong> Kayd\u0131rmaz y\u00fczey, bombeli tasar\u0131m, uzun \u00f6m\u00fcrl\u00fc kullan\u0131m<\/p>\n<p data-start=\"659\" data-end=\"984\">\n","protected":false},"featured_media":11562,"template":"","meta":[],"product_brand":[],"product_cat":[404,236,239,401,193],"product_tag":[],"class_list":{"0":"post-11561","1":"product","2":"type-product","3":"status-publish","4":"has-post-thumbnail","6":"product_cat-yuruyus-tekeri-wicke","7":"product_cat-jungheinrich","8":"product_cat-yuruyus-tekeri-jungheinrich","9":"product_cat-wicke","10":"product_cat-yuruyus-tekeri","12":"first","13":"instock","14":"taxable","15":"shipping-taxable","16":"purchasable","17":"product-type-simple"},"_links":{"self":[{"href":"https:\/\/ceoparts.com\/tr\/wp-json\/wp\/v2\/product\/11561","targetHints":{"allow":["GET"]}}],"collection":[{"href":"https:\/\/ceoparts.com\/tr\/wp-json\/wp\/v2\/product"}],"about":[{"href":"https:\/\/ceoparts.com\/tr\/wp-json\/wp\/v2\/types\/product"}],"wp:featuredmedia":[{"embeddable":true,"href":"https:\/\/ceoparts.com\/tr\/wp-json\/wp\/v2\/media\/11562"}],"wp:attachment":[{"href":"https:\/\/ceoparts.com\/tr\/wp-json\/wp\/v2\/media?parent=11561"}],"wp:term":[{"taxonomy":"product_brand","embeddable":true,"href":"https:\/\/ceoparts.com\/tr\/wp-json\/wp\/v2\/product_brand?post=11561"},{"taxonomy":"product_cat","embeddable":true,"href":"https:\/\/ceoparts.com\/tr\/wp-json\/wp\/v2\/product_cat?post=11561"},{"taxonomy":"product_tag","embeddable":true,"href":"https:\/\/ceoparts.com\/tr\/wp-json\/wp\/v2\/product_tag?post=11561"}],"curies":[{"name":"wp","href":"https:\/\/api.w.org\/{rel}","templated":true}]}}