{"id":11576,"date":"2024-10-19T11:54:36","date_gmt":"2024-10-19T08:54:36","guid":{"rendered":"https:\/\/ceoparts.com\/?post_type=product&#038;p=11576"},"modified":"2026-05-16T16:12:32","modified_gmt":"2026-05-16T13:12:32","slug":"360x130-90-7b-stellana-vulkolan-yuruyus-tekeri-8428189","status":"publish","type":"product","link":"https:\/\/ceoparts.com\/tr\/urun\/360x130-90-7b-stellana-vulkolan-yuruyus-tekeri-8428189\/","title":{"rendered":"360&#215;130-90 7B Stellana Vulkollan Y\u00fcr\u00fcy\u00fc\u015f Tekeri &#8211; 8428189"},"content":{"rendered":"<p>360&#215;130-90 7B Stellana Vulkollan Y\u00fcr\u00fcy\u00fc\u015f Tekeri &#8211; 8428189<\/p>\n<p>Still FM-X,<\/p>\n<p>STILL FM-XN,<\/p>\n<p>STILL FS-X33<\/p>","protected":false},"excerpt":{"rendered":"<p data-start=\"0\" data-end=\"397\"><br data-start=\"5\" data-end=\"8\" \/>360\u00d7130-90 7B Stellana Vulkollan Y\u00fcr\u00fcy\u00fc\u015f Tekeri, forklift ve i\u015f makinelerinde kullan\u0131lan dayan\u0131kl\u0131 ve y\u00fcksek performansl\u0131 bir y\u00fcr\u00fcy\u00fc\u015f tekeridir. Vulkollan malzemeden \u00fcretilmi\u015f olup a\u015f\u0131nmaya ve darbelere kar\u015f\u0131 diren\u00e7lidir. 360 mm \u00e7ap, 130 mm geni\u015flik ve 90 mm geni\u015flikteki 7B desen yap\u0131s\u0131yla stabil ve g\u00fcvenli hareket sa\u011flar. Uzun \u00f6m\u00fcrl\u00fcd\u00fcr ve zorlu \u00e7al\u0131\u015fma ko\u015fullar\u0131nda kullan\u0131ma uygundur.<\/p>\n<p data-start=\"399\" data-end=\"666\"><strong data-start=\"399\" data-end=\"414\">\u00d6zellikler:<\/strong><br data-start=\"414\" data-end=\"417\" \/><strong data-start=\"417\" data-end=\"430\">\u00dcr\u00fcn Ad\u0131:<\/strong> 360\u00d7130-90 7B Stellana Vulkollan Y\u00fcr\u00fcy\u00fc\u015f Tekeri<br data-start=\"478\" data-end=\"481\" \/><strong data-start=\"481\" data-end=\"496\">Par\u00e7a Kodu:<\/strong> 8428189<br data-start=\"504\" data-end=\"507\" \/><strong data-start=\"507\" data-end=\"519\">Malzeme:<\/strong> Vulkollan<br data-start=\"529\" data-end=\"532\" \/><strong data-start=\"532\" data-end=\"551\">Kullan\u0131m Alan\u0131:<\/strong> Forklift ve i\u015f makineleri y\u00fcr\u00fcy\u00fc\u015f tekeri<br data-start=\"592\" data-end=\"595\" \/><strong data-start=\"595\" data-end=\"607\">Avantaj:<\/strong> Y\u00fcksek a\u015f\u0131nma direnci, darbe emici, uzun \u00f6m\u00fcrl\u00fc kullan\u0131m<\/p>\n<p data-start=\"668\" data-end=\"1047\">\n","protected":false},"featured_media":11577,"template":"","meta":[],"product_brand":[],"product_cat":[416,418,241,244,193],"product_tag":[],"class_list":{"0":"post-11576","1":"product","2":"type-product","3":"status-publish","4":"has-post-thumbnail","6":"product_cat-stellana","7":"product_cat-yuruyus-tekeri-stellana","8":"product_cat-still","9":"product_cat-yuruyus-tekeri-still","10":"product_cat-yuruyus-tekeri","12":"first","13":"instock","14":"taxable","15":"shipping-taxable","16":"purchasable","17":"product-type-simple"},"_links":{"self":[{"href":"https:\/\/ceoparts.com\/tr\/wp-json\/wp\/v2\/product\/11576","targetHints":{"allow":["GET"]}}],"collection":[{"href":"https:\/\/ceoparts.com\/tr\/wp-json\/wp\/v2\/product"}],"about":[{"href":"https:\/\/ceoparts.com\/tr\/wp-json\/wp\/v2\/types\/product"}],"wp:featuredmedia":[{"embeddable":true,"href":"https:\/\/ceoparts.com\/tr\/wp-json\/wp\/v2\/media\/11577"}],"wp:attachment":[{"href":"https:\/\/ceoparts.com\/tr\/wp-json\/wp\/v2\/media?parent=11576"}],"wp:term":[{"taxonomy":"product_brand","embeddable":true,"href":"https:\/\/ceoparts.com\/tr\/wp-json\/wp\/v2\/product_brand?post=11576"},{"taxonomy":"product_cat","embeddable":true,"href":"https:\/\/ceoparts.com\/tr\/wp-json\/wp\/v2\/product_cat?post=11576"},{"taxonomy":"product_tag","embeddable":true,"href":"https:\/\/ceoparts.com\/tr\/wp-json\/wp\/v2\/product_tag?post=11576"}],"curies":[{"name":"wp","href":"https:\/\/api.w.org\/{rel}","templated":true}]}}