{"id":11584,"date":"2024-10-24T11:54:11","date_gmt":"2024-10-24T08:54:11","guid":{"rendered":"https:\/\/ceoparts.com\/?post_type=product&#038;p=11584"},"modified":"2026-05-16T15:02:39","modified_gmt":"2026-05-16T12:02:39","slug":"still-sac-rx-konvartor-48v-400a-51523604129","status":"publish","type":"product","link":"https:\/\/ceoparts.com\/tr\/urun\/still-sac-rx-konvartor-48v-400a-51523604129\/","title":{"rendered":"STILL Sac RX Konvart\u00f6r 48V 400A &#8211; 51523604129"},"content":{"rendered":"<p>STILL Sac RX Konvart\u00f6r 48V 400A &#8211; 51523604129<\/p>\n<p>STILL Sac RX Konvart\u00f6r 48V 400A &#8211; 51523604129<\/p>","protected":false},"excerpt":{"rendered":"<p data-start=\"0\" data-end=\"333\"><br data-start=\"5\" data-end=\"8\" \/>STILL Sac RX Konvart\u00f6r 48V 400A, forklift ve i\u015f makinelerinde kullan\u0131lan orijinal g\u00fc\u00e7 d\u00f6n\u00fc\u015ft\u00fcr\u00fcc\u00fcs\u00fcd\u00fcr. 48V voltaj ve 400A ak\u0131m kapasitesi ile elektrik motorunun g\u00fcvenli ve verimli \u00e7al\u0131\u015fmas\u0131n\u0131 sa\u011flar. Dayan\u0131kl\u0131 elektronik bile\u015fenlerden \u00fcretilmi\u015f olup uzun \u00f6m\u00fcrl\u00fcd\u00fcr. Test edilmi\u015f ikinci el \u00fcr\u00fcn olarak sorunsuz \u00e7al\u0131\u015fmaktad\u0131r.<\/p>\n<p data-start=\"335\" data-end=\"648\"><strong data-start=\"335\" data-end=\"350\">\u00d6zellikler:<\/strong><br data-start=\"350\" data-end=\"353\" \/><strong data-start=\"353\" data-end=\"366\">\u00dcr\u00fcn Ad\u0131:<\/strong> STILL Sac RX Konvart\u00f6r 48V 400A<br data-start=\"398\" data-end=\"401\" \/><strong data-start=\"401\" data-end=\"416\">Par\u00e7a Kodu:<\/strong> 51523604129<br data-start=\"428\" data-end=\"431\" \/><strong data-start=\"431\" data-end=\"443\">Malzeme:<\/strong> Y\u00fcksek kaliteli elektronik devre ve dayan\u0131kl\u0131 plastik kasa<br data-start=\"502\" data-end=\"505\" \/><strong data-start=\"505\" data-end=\"524\">Kullan\u0131m Alan\u0131:<\/strong> Forklift ve i\u015f makineleri g\u00fc\u00e7 d\u00f6n\u00fc\u015ft\u00fcr\u00fcc\u00fc<br data-start=\"566\" data-end=\"569\" \/><strong data-start=\"569\" data-end=\"581\">Avantaj:<\/strong> Y\u00fcksek ak\u0131m kapasitesi, sa\u011flam yap\u0131, test edilmi\u015f ikinci el \u00fcr\u00fcn<\/p>\n<p data-start=\"650\" data-end=\"995\">\n","protected":false},"featured_media":11585,"template":"","meta":[],"product_brand":[],"product_cat":[241,431,524],"product_tag":[],"class_list":{"0":"post-11584","1":"product","2":"type-product","3":"status-publish","4":"has-post-thumbnail","6":"product_cat-still","7":"product_cat-ekranlar-ve-kartlar","8":"product_cat-yedek-parca-still","10":"first","11":"instock","12":"taxable","13":"shipping-taxable","14":"purchasable","15":"product-type-simple"},"_links":{"self":[{"href":"https:\/\/ceoparts.com\/tr\/wp-json\/wp\/v2\/product\/11584","targetHints":{"allow":["GET"]}}],"collection":[{"href":"https:\/\/ceoparts.com\/tr\/wp-json\/wp\/v2\/product"}],"about":[{"href":"https:\/\/ceoparts.com\/tr\/wp-json\/wp\/v2\/types\/product"}],"wp:featuredmedia":[{"embeddable":true,"href":"https:\/\/ceoparts.com\/tr\/wp-json\/wp\/v2\/media\/11585"}],"wp:attachment":[{"href":"https:\/\/ceoparts.com\/tr\/wp-json\/wp\/v2\/media?parent=11584"}],"wp:term":[{"taxonomy":"product_brand","embeddable":true,"href":"https:\/\/ceoparts.com\/tr\/wp-json\/wp\/v2\/product_brand?post=11584"},{"taxonomy":"product_cat","embeddable":true,"href":"https:\/\/ceoparts.com\/tr\/wp-json\/wp\/v2\/product_cat?post=11584"},{"taxonomy":"product_tag","embeddable":true,"href":"https:\/\/ceoparts.com\/tr\/wp-json\/wp\/v2\/product_tag?post=11584"}],"curies":[{"name":"wp","href":"https:\/\/api.w.org\/{rel}","templated":true}]}}