{"id":11604,"date":"2024-10-24T17:27:27","date_gmt":"2024-10-24T14:27:27","guid":{"rendered":"https:\/\/ceoparts.com\/?post_type=product&#038;p=11604"},"modified":"2026-05-16T03:48:12","modified_gmt":"2026-05-16T00:48:12","slug":"still-abe2-forklift-gosterge-kontrol-paneli-57310052646","status":"publish","type":"product","link":"https:\/\/ceoparts.com\/tr\/urun\/still-abe2-forklift-gosterge-kontrol-paneli-57310052646\/","title":{"rendered":"STILL Abe2 Forklift G\u00f6sterge Kontrol Paneli &#8211; 57310052646"},"content":{"rendered":"<p>STILL Abe2 Forklift G\u00f6sterge Kontrol Paneli &#8211; 57310052646<\/p>","protected":false},"excerpt":{"rendered":"<p data-start=\"0\" data-end=\"310\"><br data-start=\"5\" data-end=\"8\" \/>STILL Abe2 Forklift G\u00f6sterge Kontrol Paneli, forklift ve i\u015f makinelerinde kullan\u0131lan orijinal kontrol panelidir. Ara\u00e7 i\u00e7i g\u00f6stergeleri ve fonksiyonlar\u0131 elektronik olarak y\u00f6netir. Dayan\u0131kl\u0131 malzeme ve kaliteli elektronik bile\u015fenlerden \u00fcretilmi\u015ftir. \u0130kinci el olup test edilmi\u015f ve sorunsuz \u00e7al\u0131\u015fmaktad\u0131r.<\/p>\n<p data-start=\"312\" data-end=\"622\"><strong data-start=\"312\" data-end=\"327\">\u00d6zellikler:<\/strong><br data-start=\"327\" data-end=\"330\" \/><strong data-start=\"330\" data-end=\"343\">\u00dcr\u00fcn Ad\u0131:<\/strong> STILL Abe2 Forklift G\u00f6sterge Kontrol Paneli<br data-start=\"387\" data-end=\"390\" \/><strong data-start=\"390\" data-end=\"405\">Par\u00e7a Kodu:<\/strong> 57310052646<br data-start=\"417\" data-end=\"420\" \/><strong data-start=\"420\" data-end=\"432\">Malzeme:<\/strong> Y\u00fcksek kaliteli elektronik devre ve sa\u011flam plastik kasa<br data-start=\"488\" data-end=\"491\" \/><strong data-start=\"491\" data-end=\"510\">Kullan\u0131m Alan\u0131:<\/strong> Forklift g\u00f6stergeleri ve kontrol sistemi<br data-start=\"551\" data-end=\"554\" \/><strong data-start=\"554\" data-end=\"566\">Avantaj:<\/strong> Do\u011fru \u00f6l\u00e7\u00fcm, sa\u011flam yap\u0131, test edilmi\u015f ikinci el \u00fcr\u00fcn<\/p>\n<p data-start=\"624\" data-end=\"928\">\n","protected":false},"featured_media":11605,"template":"","meta":[],"product_brand":[],"product_cat":[241,431,524],"product_tag":[],"class_list":{"0":"post-11604","1":"product","2":"type-product","3":"status-publish","4":"has-post-thumbnail","6":"product_cat-still","7":"product_cat-ekranlar-ve-kartlar","8":"product_cat-yedek-parca-still","10":"first","11":"instock","12":"taxable","13":"shipping-taxable","14":"purchasable","15":"product-type-simple"},"_links":{"self":[{"href":"https:\/\/ceoparts.com\/tr\/wp-json\/wp\/v2\/product\/11604","targetHints":{"allow":["GET"]}}],"collection":[{"href":"https:\/\/ceoparts.com\/tr\/wp-json\/wp\/v2\/product"}],"about":[{"href":"https:\/\/ceoparts.com\/tr\/wp-json\/wp\/v2\/types\/product"}],"wp:featuredmedia":[{"embeddable":true,"href":"https:\/\/ceoparts.com\/tr\/wp-json\/wp\/v2\/media\/11605"}],"wp:attachment":[{"href":"https:\/\/ceoparts.com\/tr\/wp-json\/wp\/v2\/media?parent=11604"}],"wp:term":[{"taxonomy":"product_brand","embeddable":true,"href":"https:\/\/ceoparts.com\/tr\/wp-json\/wp\/v2\/product_brand?post=11604"},{"taxonomy":"product_cat","embeddable":true,"href":"https:\/\/ceoparts.com\/tr\/wp-json\/wp\/v2\/product_cat?post=11604"},{"taxonomy":"product_tag","embeddable":true,"href":"https:\/\/ceoparts.com\/tr\/wp-json\/wp\/v2\/product_tag?post=11604"}],"curies":[{"name":"wp","href":"https:\/\/api.w.org\/{rel}","templated":true}]}}