{"id":11611,"date":"2024-10-25T14:14:25","date_gmt":"2024-10-25T11:14:25","guid":{"rendered":"https:\/\/ceoparts.com\/?post_type=product&#038;p=11611"},"modified":"2026-05-16T02:35:47","modified_gmt":"2026-05-15T23:35:47","slug":"exu-grup-kart-24v-330a-3903601799","status":"publish","type":"product","link":"https:\/\/ceoparts.com\/tr\/urun\/exu-grup-kart-24v-330a-3903601799\/","title":{"rendered":"EXU Grup Kart 24V &#8211; 330A &#8211; 3903601799"},"content":{"rendered":"<p>EXU Grup Kart 24V &#8211; 330A &#8211; 3903601799<\/p>","protected":false},"excerpt":{"rendered":"<p data-start=\"0\" data-end=\"324\"><br data-start=\"5\" data-end=\"8\" \/>EXU Grup Kart 24V 330A, forklift ve i\u015f makinelerinde kullan\u0131lan orijinal g\u00fc\u00e7 kontrol kart\u0131d\u0131r. 24V voltaj ve 330A ak\u0131m kapasitesi ile elektrik motorunun g\u00fcvenli ve verimli \u00e7al\u0131\u015fmas\u0131n\u0131 sa\u011flar. Dayan\u0131kl\u0131 elektronik bile\u015fenlerden \u00fcretilmi\u015f olup uzun \u00f6m\u00fcrl\u00fcd\u00fcr. Test edilmi\u015f ikinci el \u00fcr\u00fcn olarak sorunsuz \u00e7al\u0131\u015fmaktad\u0131r.<\/p>\n<p data-start=\"326\" data-end=\"631\"><strong data-start=\"326\" data-end=\"341\">\u00d6zellikler:<\/strong><br data-start=\"341\" data-end=\"344\" \/><strong data-start=\"344\" data-end=\"357\">\u00dcr\u00fcn Ad\u0131:<\/strong> EXU Grup Kart 24V 330A<br data-start=\"380\" data-end=\"383\" \/><strong data-start=\"383\" data-end=\"398\">Par\u00e7a Kodu:<\/strong> 3903601799<br data-start=\"409\" data-end=\"412\" \/><strong data-start=\"412\" data-end=\"424\">Malzeme:<\/strong> Y\u00fcksek kaliteli elektronik devre ve dayan\u0131kl\u0131 plastik kasa<br data-start=\"483\" data-end=\"486\" \/><strong data-start=\"486\" data-end=\"505\">Kullan\u0131m Alan\u0131:<\/strong> Forklift ve i\u015f makineleri g\u00fc\u00e7 kontrol kart\u0131<br data-start=\"549\" data-end=\"552\" \/><strong data-start=\"552\" data-end=\"564\">Avantaj:<\/strong> Y\u00fcksek ak\u0131m kapasitesi, sa\u011flam yap\u0131, test edilmi\u015f ikinci el \u00fcr\u00fcn<\/p>\n<p data-start=\"633\" data-end=\"976\">\n","protected":false},"featured_media":11612,"template":"","meta":[],"product_brand":[],"product_cat":[431],"product_tag":[],"class_list":{"0":"post-11611","1":"product","2":"type-product","3":"status-publish","4":"has-post-thumbnail","6":"product_cat-ekranlar-ve-kartlar","8":"first","9":"instock","10":"taxable","11":"shipping-taxable","12":"purchasable","13":"product-type-simple"},"_links":{"self":[{"href":"https:\/\/ceoparts.com\/tr\/wp-json\/wp\/v2\/product\/11611","targetHints":{"allow":["GET"]}}],"collection":[{"href":"https:\/\/ceoparts.com\/tr\/wp-json\/wp\/v2\/product"}],"about":[{"href":"https:\/\/ceoparts.com\/tr\/wp-json\/wp\/v2\/types\/product"}],"wp:featuredmedia":[{"embeddable":true,"href":"https:\/\/ceoparts.com\/tr\/wp-json\/wp\/v2\/media\/11612"}],"wp:attachment":[{"href":"https:\/\/ceoparts.com\/tr\/wp-json\/wp\/v2\/media?parent=11611"}],"wp:term":[{"taxonomy":"product_brand","embeddable":true,"href":"https:\/\/ceoparts.com\/tr\/wp-json\/wp\/v2\/product_brand?post=11611"},{"taxonomy":"product_cat","embeddable":true,"href":"https:\/\/ceoparts.com\/tr\/wp-json\/wp\/v2\/product_cat?post=11611"},{"taxonomy":"product_tag","embeddable":true,"href":"https:\/\/ceoparts.com\/tr\/wp-json\/wp\/v2\/product_tag?post=11611"}],"curies":[{"name":"wp","href":"https:\/\/api.w.org\/{rel}","templated":true}]}}