{"id":11627,"date":"2024-10-25T14:51:54","date_gmt":"2024-10-25T11:51:54","guid":{"rendered":"https:\/\/ceoparts.com\/?post_type=product&#038;p=11627"},"modified":"2026-05-16T05:00:59","modified_gmt":"2026-05-16T02:00:59","slug":"linde-mcu-kontrol-unitesi-56323602614","status":"publish","type":"product","link":"https:\/\/ceoparts.com\/tr\/urun\/linde-mcu-kontrol-unitesi-56323602614\/","title":{"rendered":"LINDE MCU Kontrol \u00dcnitesi &#8211; 56323602614"},"content":{"rendered":"<p>LINDE MCU Kontrol \u00dcnitesi &#8211; 56323602614<\/p>","protected":false},"excerpt":{"rendered":"<p data-start=\"0\" data-end=\"327\"><br data-start=\"5\" data-end=\"8\" \/>Linde MCU Kontrol \u00dcnitesi, forklift ve i\u015f makinelerinde kullan\u0131lan orijinal elektronik kontrol \u00fcnitesidir. Ara\u00e7 motoru ve sistemlerinin elektronik olarak y\u00f6netilmesini sa\u011flar. Dayan\u0131kl\u0131 malzeme ve ileri teknoloji ile \u00fcretilmi\u015f, uzun \u00f6m\u00fcrl\u00fc bir par\u00e7ad\u0131r. \u0130kinci el olmas\u0131na ra\u011fmen test edilmi\u015f ve sorunsuz \u00e7al\u0131\u015fmaktad\u0131r.<\/p>\n<p data-start=\"329\" data-end=\"641\"><strong data-start=\"329\" data-end=\"344\">\u00d6zellikler:<\/strong><br data-start=\"344\" data-end=\"347\" \/><strong data-start=\"347\" data-end=\"360\">\u00dcr\u00fcn Ad\u0131:<\/strong> Linde MCU Kontrol \u00dcnitesi<br data-start=\"386\" data-end=\"389\" \/><strong data-start=\"389\" data-end=\"404\">Par\u00e7a Kodu:<\/strong> 56323602614<br data-start=\"416\" data-end=\"419\" \/><strong data-start=\"419\" data-end=\"431\">Malzeme:<\/strong> Y\u00fcksek kaliteli elektronik devre ve dayan\u0131kl\u0131 plastik kasa<br data-start=\"490\" data-end=\"493\" \/><strong data-start=\"493\" data-end=\"512\">Kullan\u0131m Alan\u0131:<\/strong> Forklift ve i\u015f makineleri elektronik kontrol sistemi<br data-start=\"565\" data-end=\"568\" \/><strong data-start=\"568\" data-end=\"580\">Avantaj:<\/strong> G\u00fc\u00e7l\u00fc performans, sa\u011flam yap\u0131, test edilmi\u015f ikinci el \u00fcr\u00fcn<\/p>\n<p data-start=\"643\" data-end=\"968\">\n","protected":false},"featured_media":11628,"template":"","meta":[],"product_brand":[],"product_cat":[246,431,523],"product_tag":[],"class_list":{"0":"post-11627","1":"product","2":"type-product","3":"status-publish","4":"has-post-thumbnail","6":"product_cat-linde","7":"product_cat-ekranlar-ve-kartlar","8":"product_cat-yedek-parca-linde","10":"first","11":"instock","12":"taxable","13":"shipping-taxable","14":"purchasable","15":"product-type-simple"},"_links":{"self":[{"href":"https:\/\/ceoparts.com\/tr\/wp-json\/wp\/v2\/product\/11627","targetHints":{"allow":["GET"]}}],"collection":[{"href":"https:\/\/ceoparts.com\/tr\/wp-json\/wp\/v2\/product"}],"about":[{"href":"https:\/\/ceoparts.com\/tr\/wp-json\/wp\/v2\/types\/product"}],"wp:featuredmedia":[{"embeddable":true,"href":"https:\/\/ceoparts.com\/tr\/wp-json\/wp\/v2\/media\/11628"}],"wp:attachment":[{"href":"https:\/\/ceoparts.com\/tr\/wp-json\/wp\/v2\/media?parent=11627"}],"wp:term":[{"taxonomy":"product_brand","embeddable":true,"href":"https:\/\/ceoparts.com\/tr\/wp-json\/wp\/v2\/product_brand?post=11627"},{"taxonomy":"product_cat","embeddable":true,"href":"https:\/\/ceoparts.com\/tr\/wp-json\/wp\/v2\/product_cat?post=11627"},{"taxonomy":"product_tag","embeddable":true,"href":"https:\/\/ceoparts.com\/tr\/wp-json\/wp\/v2\/product_tag?post=11627"}],"curies":[{"name":"wp","href":"https:\/\/api.w.org\/{rel}","templated":true}]}}