{"id":11633,"date":"2024-10-25T15:23:54","date_gmt":"2024-10-25T12:23:54","guid":{"rendered":"https:\/\/ceoparts.com\/?post_type=product&#038;p=11633"},"modified":"2026-05-16T19:51:05","modified_gmt":"2026-05-16T16:51:05","slug":"linde-mxx-ek-52313653000","status":"publish","type":"product","link":"https:\/\/ceoparts.com\/tr\/urun\/linde-mxx-ek-52313653000\/","title":{"rendered":"LINDE MXX-EK &#8211; 52313653000"},"content":{"rendered":"<p>LINDE MXX-EK &#8211; 52313653000<\/p>\n","protected":false},"excerpt":{"rendered":"<p data-start=\"0\" data-end=\"281\"><br data-start=\"5\" data-end=\"8\" \/>Linde MXX-EK, forklift ve i\u015f makinelerinde kullan\u0131lan orijinal elektronik kontrol kart\u0131d\u0131r. Ara\u00e7taki motor ve di\u011fer sistemlerin elektronik y\u00f6netimini sa\u011flar. Dayan\u0131kl\u0131 ve kaliteli malzemeden \u00fcretilmi\u015ftir. \u0130kinci el olmas\u0131na ra\u011fmen test edilmi\u015ftir ve sorunsuz \u00e7al\u0131\u015fmaktad\u0131r.<\/p>\n<p data-start=\"283\" data-end=\"604\"><strong data-start=\"283\" data-end=\"298\">\u00d6zellikler:<\/strong><br data-start=\"298\" data-end=\"301\" \/><strong data-start=\"301\" data-end=\"314\">\u00dcr\u00fcn Ad\u0131:<\/strong> Linde MXX-EK Elektronik Kontrol Kart\u0131<br data-start=\"352\" data-end=\"355\" \/><strong data-start=\"355\" data-end=\"370\">Par\u00e7a Kodu:<\/strong> 52313653000<br data-start=\"382\" data-end=\"385\" \/><strong data-start=\"385\" data-end=\"397\">Malzeme:<\/strong> End\u00fcstriyel elektronik devre ve dayan\u0131kl\u0131 plastik kasa<br data-start=\"452\" data-end=\"455\" \/><strong data-start=\"455\" data-end=\"474\">Kullan\u0131m Alan\u0131:<\/strong> Forklift ve i\u015f makineleri elektronik kontrol sistemi<br data-start=\"527\" data-end=\"530\" \/><strong data-start=\"530\" data-end=\"542\">Avantaj:<\/strong> Sa\u011flam yap\u0131, y\u00fcksek performans, test edilmi\u015f ikinci el \u00fcr\u00fcn<\/p>\n<p data-start=\"606\" data-end=\"900\">\n","protected":false},"featured_media":11634,"template":"","meta":[],"product_brand":[],"product_cat":[246,431,523],"product_tag":[],"class_list":{"0":"post-11633","1":"product","2":"type-product","3":"status-publish","4":"has-post-thumbnail","6":"product_cat-linde","7":"product_cat-ekranlar-ve-kartlar","8":"product_cat-yedek-parca-linde","10":"first","11":"instock","12":"taxable","13":"shipping-taxable","14":"purchasable","15":"product-type-simple"},"_links":{"self":[{"href":"https:\/\/ceoparts.com\/tr\/wp-json\/wp\/v2\/product\/11633","targetHints":{"allow":["GET"]}}],"collection":[{"href":"https:\/\/ceoparts.com\/tr\/wp-json\/wp\/v2\/product"}],"about":[{"href":"https:\/\/ceoparts.com\/tr\/wp-json\/wp\/v2\/types\/product"}],"wp:featuredmedia":[{"embeddable":true,"href":"https:\/\/ceoparts.com\/tr\/wp-json\/wp\/v2\/media\/11634"}],"wp:attachment":[{"href":"https:\/\/ceoparts.com\/tr\/wp-json\/wp\/v2\/media?parent=11633"}],"wp:term":[{"taxonomy":"product_brand","embeddable":true,"href":"https:\/\/ceoparts.com\/tr\/wp-json\/wp\/v2\/product_brand?post=11633"},{"taxonomy":"product_cat","embeddable":true,"href":"https:\/\/ceoparts.com\/tr\/wp-json\/wp\/v2\/product_cat?post=11633"},{"taxonomy":"product_tag","embeddable":true,"href":"https:\/\/ceoparts.com\/tr\/wp-json\/wp\/v2\/product_tag?post=11633"}],"curies":[{"name":"wp","href":"https:\/\/api.w.org\/{rel}","templated":true}]}}