{"id":11638,"date":"2024-10-25T16:09:11","date_gmt":"2024-10-25T13:09:11","guid":{"rendered":"https:\/\/ceoparts.com\/?post_type=product&#038;p=11638"},"modified":"2026-05-16T17:33:59","modified_gmt":"2026-05-16T14:33:59","slug":"curtis-gosterge-panel-840r015rsna101n-17840500","status":"publish","type":"product","link":"https:\/\/ceoparts.com\/tr\/urun\/curtis-gosterge-panel-840r015rsna101n-17840500\/","title":{"rendered":"Curtis G\u00f6sterge Panel 840R015RSNA101N &#8211; 17840500"},"content":{"rendered":"<p>Curtis G\u00f6sterge Panel 840R015RSNA101N &#8211; 17840500<\/p>","protected":false},"excerpt":{"rendered":"<p data-start=\"0\" data-end=\"330\"><br data-start=\"5\" data-end=\"8\" \/>Curtis G\u00f6sterge Panel 840R015RSNA101N, forklift ve i\u015f makinelerinde kullan\u0131lan orijinal elektronik g\u00f6sterge panelidir. Operat\u00f6re arac\u0131n \u00e7al\u0131\u015fma durumu, batarya seviyesi, h\u0131z ve di\u011fer \u00f6nemli verileri g\u00f6sterir. Dayan\u0131kl\u0131 yap\u0131s\u0131 ve y\u00fcksek hassasiyeti ile uzun \u00f6m\u00fcrl\u00fcd\u00fcr. \u0130kinci el olup test edilmi\u015f ve sorunsuz \u00e7al\u0131\u015fmaktad\u0131r.<\/p>\n<p data-start=\"332\" data-end=\"627\"><strong data-start=\"332\" data-end=\"347\">\u00d6zellikler:<\/strong><br data-start=\"347\" data-end=\"350\" \/><strong data-start=\"350\" data-end=\"363\">\u00dcr\u00fcn Ad\u0131:<\/strong> Curtis G\u00f6sterge Panel 840R015RSNA101N<br data-start=\"401\" data-end=\"404\" \/><strong data-start=\"404\" data-end=\"419\">Par\u00e7a Kodu:<\/strong> 17840500<br data-start=\"428\" data-end=\"431\" \/><strong data-start=\"431\" data-end=\"443\">Malzeme:<\/strong> Dayan\u0131kl\u0131 plastik kasa ve elektronik devre<br data-start=\"486\" data-end=\"489\" \/><strong data-start=\"489\" data-end=\"508\">Kullan\u0131m Alan\u0131:<\/strong> Forklift ve i\u015f makineleri g\u00f6sterge paneli<br data-start=\"550\" data-end=\"553\" \/><strong data-start=\"553\" data-end=\"565\">Avantaj:<\/strong> Y\u00fcksek hassasiyet, sa\u011flam yap\u0131, test edilmi\u015f ikinci el \u00fcr\u00fcn<\/p>\n<p data-start=\"629\" data-end=\"986\">\n","protected":false},"featured_media":11639,"template":"","meta":[],"product_brand":[],"product_cat":[431],"product_tag":[],"class_list":{"0":"post-11638","1":"product","2":"type-product","3":"status-publish","4":"has-post-thumbnail","6":"product_cat-ekranlar-ve-kartlar","8":"first","9":"instock","10":"taxable","11":"shipping-taxable","12":"purchasable","13":"product-type-simple"},"_links":{"self":[{"href":"https:\/\/ceoparts.com\/tr\/wp-json\/wp\/v2\/product\/11638","targetHints":{"allow":["GET"]}}],"collection":[{"href":"https:\/\/ceoparts.com\/tr\/wp-json\/wp\/v2\/product"}],"about":[{"href":"https:\/\/ceoparts.com\/tr\/wp-json\/wp\/v2\/types\/product"}],"wp:featuredmedia":[{"embeddable":true,"href":"https:\/\/ceoparts.com\/tr\/wp-json\/wp\/v2\/media\/11639"}],"wp:attachment":[{"href":"https:\/\/ceoparts.com\/tr\/wp-json\/wp\/v2\/media?parent=11638"}],"wp:term":[{"taxonomy":"product_brand","embeddable":true,"href":"https:\/\/ceoparts.com\/tr\/wp-json\/wp\/v2\/product_brand?post=11638"},{"taxonomy":"product_cat","embeddable":true,"href":"https:\/\/ceoparts.com\/tr\/wp-json\/wp\/v2\/product_cat?post=11638"},{"taxonomy":"product_tag","embeddable":true,"href":"https:\/\/ceoparts.com\/tr\/wp-json\/wp\/v2\/product_tag?post=11638"}],"curies":[{"name":"wp","href":"https:\/\/api.w.org\/{rel}","templated":true}]}}