{"id":11645,"date":"2024-10-25T17:04:29","date_gmt":"2024-10-25T14:04:29","guid":{"rendered":"https:\/\/ceoparts.com\/?post_type=product&#038;p=11645"},"modified":"2026-05-16T17:28:44","modified_gmt":"2026-05-16T14:28:44","slug":"linde-r06-ekran-1263611501","status":"publish","type":"product","link":"https:\/\/ceoparts.com\/tr\/urun\/linde-r06-ekran-1263611501\/","title":{"rendered":"LINDE R06 Ekran &#8211; 1263611501"},"content":{"rendered":"<p>LINDE R06 Ekran &#8211; 1263611501<\/p>","protected":false},"excerpt":{"rendered":"<p data-start=\"0\" data-end=\"317\"><br data-start=\"5\" data-end=\"8\" \/>Linde R06 Ekran, forklift ve i\u015f makinelerinde kullan\u0131lan orijinal g\u00f6sterge ve bilgi ekran\u0131d\u0131r. Operat\u00f6re ara\u00e7 durumu, performans verileri ve uyar\u0131lar hakk\u0131nda net bilgi sa\u011flar. Dayan\u0131kl\u0131 yap\u0131s\u0131 ve y\u00fcksek \u00e7\u00f6z\u00fcn\u00fcrl\u00fc\u011f\u00fc ile uzun \u00f6m\u00fcrl\u00fc ve kullan\u0131\u015fl\u0131d\u0131r. \u0130kinci el \u00fcr\u00fcn olup test edilmi\u015f ve sorunsuz \u00e7al\u0131\u015fmaktad\u0131r.<\/p>\n<p data-start=\"319\" data-end=\"589\"><strong data-start=\"319\" data-end=\"334\">\u00d6zellikler:<\/strong><br data-start=\"334\" data-end=\"337\" \/><strong data-start=\"337\" data-end=\"350\">\u00dcr\u00fcn Ad\u0131:<\/strong> Linde R06 Ekran<br data-start=\"366\" data-end=\"369\" \/><strong data-start=\"369\" data-end=\"384\">Par\u00e7a Kodu:<\/strong> 1263611501<br data-start=\"395\" data-end=\"398\" \/><strong data-start=\"398\" data-end=\"410\">Malzeme:<\/strong> Dayan\u0131kl\u0131 plastik ve elektronik panel<br data-start=\"448\" data-end=\"451\" \/><strong data-start=\"451\" data-end=\"470\">Kullan\u0131m Alan\u0131:<\/strong> Forklift ve i\u015f makineleri bilgi ekran\u0131<br data-start=\"509\" data-end=\"512\" \/><strong data-start=\"512\" data-end=\"524\">Avantaj:<\/strong> Y\u00fcksek \u00e7\u00f6z\u00fcn\u00fcrl\u00fck, dayan\u0131kl\u0131 yap\u0131, test edilmi\u015f ikinci el \u00fcr\u00fcn<\/p>\n<p data-start=\"591\" data-end=\"942\">\n","protected":false},"featured_media":11646,"template":"","meta":[],"product_brand":[],"product_cat":[246,431,523],"product_tag":[],"class_list":{"0":"post-11645","1":"product","2":"type-product","3":"status-publish","4":"has-post-thumbnail","6":"product_cat-linde","7":"product_cat-ekranlar-ve-kartlar","8":"product_cat-yedek-parca-linde","10":"first","11":"instock","12":"taxable","13":"shipping-taxable","14":"purchasable","15":"product-type-simple"},"_links":{"self":[{"href":"https:\/\/ceoparts.com\/tr\/wp-json\/wp\/v2\/product\/11645","targetHints":{"allow":["GET"]}}],"collection":[{"href":"https:\/\/ceoparts.com\/tr\/wp-json\/wp\/v2\/product"}],"about":[{"href":"https:\/\/ceoparts.com\/tr\/wp-json\/wp\/v2\/types\/product"}],"wp:featuredmedia":[{"embeddable":true,"href":"https:\/\/ceoparts.com\/tr\/wp-json\/wp\/v2\/media\/11646"}],"wp:attachment":[{"href":"https:\/\/ceoparts.com\/tr\/wp-json\/wp\/v2\/media?parent=11645"}],"wp:term":[{"taxonomy":"product_brand","embeddable":true,"href":"https:\/\/ceoparts.com\/tr\/wp-json\/wp\/v2\/product_brand?post=11645"},{"taxonomy":"product_cat","embeddable":true,"href":"https:\/\/ceoparts.com\/tr\/wp-json\/wp\/v2\/product_cat?post=11645"},{"taxonomy":"product_tag","embeddable":true,"href":"https:\/\/ceoparts.com\/tr\/wp-json\/wp\/v2\/product_tag?post=11645"}],"curies":[{"name":"wp","href":"https:\/\/api.w.org\/{rel}","templated":true}]}}