{"id":11652,"date":"2024-10-25T17:16:00","date_gmt":"2024-10-25T14:16:00","guid":{"rendered":"https:\/\/ceoparts.com\/?post_type=product&#038;p=11652"},"modified":"2026-05-16T10:40:37","modified_gmt":"2026-05-16T07:40:37","slug":"still-lojistik-57199912","status":"publish","type":"product","link":"https:\/\/ceoparts.com\/tr\/urun\/still-lojistik-57199912\/","title":{"rendered":"Still Fmx 1900 Seri Joystick &#8211; 57199912"},"content":{"rendered":"<p>Still Fmx 1900 Seri Joystick &#8211; 57199912<\/p>\n<p>STILL FMX 1900 SER\u0130 JOYSTICK &#8211; 57199912<\/p>","protected":false},"excerpt":{"rendered":"<p data-start=\"0\" data-end=\"313\"><br data-start=\"5\" data-end=\"8\" \/>Still FMX 1900 Seri Joystick 2.El, forklift ve i\u015f makinelerinde kullan\u0131lan orijinal kontrol koludur. Ara\u00e7 hareketleri ve fonksiyonlar\u0131n\u0131n hassas ve g\u00fcvenli \u015fekilde y\u00f6netilmesini sa\u011flar. Sa\u011flam yap\u0131s\u0131 ve kaliteli malzemesi ile uzun \u00f6m\u00fcrl\u00fcd\u00fcr. \u0130kinci el olmas\u0131na ra\u011fmen test edilmi\u015f, sorunsuz \u00e7al\u0131\u015fmaktad\u0131r.<\/p>\n<p data-start=\"315\" data-end=\"609\"><strong data-start=\"315\" data-end=\"330\">\u00d6zellikler:<\/strong><br data-start=\"330\" data-end=\"333\" \/><strong data-start=\"333\" data-end=\"346\">\u00dcr\u00fcn Ad\u0131:<\/strong> Still FMX 1900 Seri Joystick 2.El<br data-start=\"380\" data-end=\"383\" \/><strong data-start=\"383\" data-end=\"398\">Par\u00e7a Kodu:<\/strong> 57199912<br data-start=\"407\" data-end=\"410\" \/><strong data-start=\"410\" data-end=\"422\">Malzeme:<\/strong> Dayan\u0131kl\u0131 plastik ve elektronik bile\u015fenler<br data-start=\"465\" data-end=\"468\" \/><strong data-start=\"468\" data-end=\"487\">Kullan\u0131m Alan\u0131:<\/strong> Forklift ve i\u015f makineleri joystick kontrol kolu<br data-start=\"535\" data-end=\"538\" \/><strong data-start=\"538\" data-end=\"550\">Avantaj:<\/strong> Hassas kontrol, sa\u011flam yap\u0131, test edilmi\u015f ikinci el \u00fcr\u00fcn<\/p>\n<p data-start=\"611\" data-end=\"925\">\n","protected":false},"featured_media":11654,"template":"","meta":[],"product_brand":[],"product_cat":[241,471,524],"product_tag":[],"class_list":{"0":"post-11652","1":"product","2":"type-product","3":"status-publish","4":"has-post-thumbnail","6":"product_cat-still","7":"product_cat-joystick-pedal-yedek-parca","8":"product_cat-yedek-parca-still","10":"first","11":"instock","12":"taxable","13":"shipping-taxable","14":"purchasable","15":"product-type-simple"},"_links":{"self":[{"href":"https:\/\/ceoparts.com\/tr\/wp-json\/wp\/v2\/product\/11652","targetHints":{"allow":["GET"]}}],"collection":[{"href":"https:\/\/ceoparts.com\/tr\/wp-json\/wp\/v2\/product"}],"about":[{"href":"https:\/\/ceoparts.com\/tr\/wp-json\/wp\/v2\/types\/product"}],"wp:featuredmedia":[{"embeddable":true,"href":"https:\/\/ceoparts.com\/tr\/wp-json\/wp\/v2\/media\/11654"}],"wp:attachment":[{"href":"https:\/\/ceoparts.com\/tr\/wp-json\/wp\/v2\/media?parent=11652"}],"wp:term":[{"taxonomy":"product_brand","embeddable":true,"href":"https:\/\/ceoparts.com\/tr\/wp-json\/wp\/v2\/product_brand?post=11652"},{"taxonomy":"product_cat","embeddable":true,"href":"https:\/\/ceoparts.com\/tr\/wp-json\/wp\/v2\/product_cat?post=11652"},{"taxonomy":"product_tag","embeddable":true,"href":"https:\/\/ceoparts.com\/tr\/wp-json\/wp\/v2\/product_tag?post=11652"}],"curies":[{"name":"wp","href":"https:\/\/api.w.org\/{rel}","templated":true}]}}