{"id":11667,"date":"2024-10-30T10:42:56","date_gmt":"2024-10-30T07:42:56","guid":{"rendered":"https:\/\/ceoparts.com\/?post_type=product&#038;p=11667"},"modified":"2026-05-16T22:12:21","modified_gmt":"2026-05-16T19:12:21","slug":"still-dizel-anakart-57163654200","status":"publish","type":"product","link":"https:\/\/ceoparts.com\/tr\/urun\/still-dizel-anakart-57163654200\/","title":{"rendered":"Still Dizel Anakart &#8211; 57163654200"},"content":{"rendered":"<p>Still Dizel Anakart &#8211; 57163654200<\/p>","protected":false},"excerpt":{"rendered":"<p data-start=\"0\" data-end=\"357\"><br data-start=\"5\" data-end=\"8\" \/>Still Dizel Anakart 2.El, forklift ve i\u015f makinelerinde kullan\u0131lan orijinal dizel motor kontrol anakart\u0131d\u0131r. Motorun elektronik kontrol\u00fcn\u00fc sa\u011flar ve performans ile verimlili\u011fin optimize edilmesine yard\u0131mc\u0131 olur. Dayan\u0131kl\u0131 elektronik devreleri ve kaliteli malzemesi ile uzun \u00f6m\u00fcrl\u00fcd\u00fcr. \u0130kinci el olmas\u0131na ra\u011fmen test edilmi\u015f ve sorunsuz \u00e7al\u0131\u015fmaktad\u0131r.<\/p>\n<p data-start=\"359\" data-end=\"668\"><strong data-start=\"359\" data-end=\"374\">\u00d6zellikler:<\/strong><br data-start=\"374\" data-end=\"377\" \/><strong data-start=\"377\" data-end=\"390\">\u00dcr\u00fcn Ad\u0131:<\/strong> Still Dizel Anakart 2.El<br data-start=\"415\" data-end=\"418\" \/><strong data-start=\"418\" data-end=\"433\">Par\u00e7a Kodu:<\/strong> 57163654200<br data-start=\"445\" data-end=\"448\" \/><strong data-start=\"448\" data-end=\"460\">Malzeme:<\/strong> End\u00fcstriyel elektronik devre ve dayan\u0131kl\u0131 plastik kasa<br data-start=\"515\" data-end=\"518\" \/><strong data-start=\"518\" data-end=\"537\">Kullan\u0131m Alan\u0131:<\/strong> Forklift ve i\u015f makineleri dizel motor kontrol sistemi<br data-start=\"591\" data-end=\"594\" \/><strong data-start=\"594\" data-end=\"606\">Avantaj:<\/strong> Sa\u011flam yap\u0131, y\u00fcksek performans, test edilmi\u015f ikinci el \u00fcr\u00fcn<\/p>\n<p data-start=\"670\" data-end=\"1026\">\n","protected":false},"featured_media":11841,"template":"","meta":[],"product_brand":[],"product_cat":[241,431,524],"product_tag":[],"class_list":{"0":"post-11667","1":"product","2":"type-product","3":"status-publish","4":"has-post-thumbnail","6":"product_cat-still","7":"product_cat-ekranlar-ve-kartlar","8":"product_cat-yedek-parca-still","10":"first","11":"instock","12":"taxable","13":"shipping-taxable","14":"purchasable","15":"product-type-simple"},"_links":{"self":[{"href":"https:\/\/ceoparts.com\/tr\/wp-json\/wp\/v2\/product\/11667","targetHints":{"allow":["GET"]}}],"collection":[{"href":"https:\/\/ceoparts.com\/tr\/wp-json\/wp\/v2\/product"}],"about":[{"href":"https:\/\/ceoparts.com\/tr\/wp-json\/wp\/v2\/types\/product"}],"wp:featuredmedia":[{"embeddable":true,"href":"https:\/\/ceoparts.com\/tr\/wp-json\/wp\/v2\/media\/11841"}],"wp:attachment":[{"href":"https:\/\/ceoparts.com\/tr\/wp-json\/wp\/v2\/media?parent=11667"}],"wp:term":[{"taxonomy":"product_brand","embeddable":true,"href":"https:\/\/ceoparts.com\/tr\/wp-json\/wp\/v2\/product_brand?post=11667"},{"taxonomy":"product_cat","embeddable":true,"href":"https:\/\/ceoparts.com\/tr\/wp-json\/wp\/v2\/product_cat?post=11667"},{"taxonomy":"product_tag","embeddable":true,"href":"https:\/\/ceoparts.com\/tr\/wp-json\/wp\/v2\/product_tag?post=11667"}],"curies":[{"name":"wp","href":"https:\/\/api.w.org\/{rel}","templated":true}]}}