{"id":11676,"date":"2024-10-30T11:39:10","date_gmt":"2024-10-30T08:39:10","guid":{"rendered":"https:\/\/ceoparts.com\/?post_type=product&#038;p=11676"},"modified":"2026-05-16T10:58:05","modified_gmt":"2026-05-16T07:58:05","slug":"linde-dc-donusturucu-400w-12-5v-48-80v-7917401102-7917401103-7917401115","status":"publish","type":"product","link":"https:\/\/ceoparts.com\/tr\/urun\/linde-dc-donusturucu-400w-12-5v-48-80v-7917401102-7917401103-7917401115\/","title":{"rendered":"Linde DC D\u00f6n\u00fc\u015ft\u00fcr\u00fcc\u00fc 400W \/ 12.5V &#8211; 48 \/ 80V &#8211; 7917401102 &#8211; 7917401103 &#8211; 7917401115"},"content":{"rendered":"<p>Linde DC D\u00f6n\u00fc\u015ft\u00fcr\u00fcc\u00fc 400W \/ 12.5V &#8211; 48 \/ 80V &#8211; 7917401102 &#8211; 7917401103 &#8211; 7917401115<\/p>","protected":false},"excerpt":{"rendered":"<p data-start=\"0\" data-end=\"356\"><br data-start=\"5\" data-end=\"8\" \/>Linde DC D\u00f6n\u00fc\u015ft\u00fcr\u00fcc\u00fc 400W 2.El, forklift ve i\u015f makinelerinde kullan\u0131lan orijinal voltaj d\u00f6n\u00fc\u015ft\u00fcr\u00fcc\u00fcd\u00fcr. Giri\u015f voltaj\u0131 48-80V aral\u0131\u011f\u0131nda olup, \u00e7\u0131k\u0131\u015fta 12.5V ve 400W g\u00fc\u00e7 sa\u011flar. Y\u00fcksek verimlilikle elektronik sistemlerin stabil \u00e7al\u0131\u015fmas\u0131n\u0131 destekler. Sa\u011flam yap\u0131s\u0131 sayesinde uzun \u00f6m\u00fcrl\u00fcd\u00fcr. \u0130kinci el \u00fcr\u00fcn olup test edilmi\u015f ve sorunsuz \u00e7al\u0131\u015fmaktad\u0131r.<\/p>\n<p data-start=\"358\" data-end=\"690\"><strong data-start=\"358\" data-end=\"373\">\u00d6zellikler:<\/strong><br data-start=\"373\" data-end=\"376\" \/><strong data-start=\"376\" data-end=\"389\">\u00dcr\u00fcn Ad\u0131:<\/strong> Linde DC D\u00f6n\u00fc\u015ft\u00fcr\u00fcc\u00fc 400W 2.El<br data-start=\"420\" data-end=\"423\" \/><strong data-start=\"423\" data-end=\"438\">Par\u00e7a Kodu:<\/strong> 7917401102, 7917401103, 7917401115<br data-start=\"473\" data-end=\"476\" \/><strong data-start=\"476\" data-end=\"488\">Malzeme:<\/strong> End\u00fcstriyel elektronik devre ve dayan\u0131kl\u0131 plastik kasa<br data-start=\"543\" data-end=\"546\" \/><strong data-start=\"546\" data-end=\"565\">Kullan\u0131m Alan\u0131:<\/strong> Forklift ve i\u015f makineleri voltaj d\u00f6n\u00fc\u015ft\u00fcr\u00fcc\u00fc<br data-start=\"610\" data-end=\"613\" \/><strong data-start=\"613\" data-end=\"625\">Avantaj:<\/strong> Y\u00fcksek verimlilik, dayan\u0131kl\u0131 yap\u0131, test edilmi\u015f ikinci el \u00fcr\u00fcn<\/p>\n<p data-start=\"692\" data-end=\"1062\">\n","protected":false},"featured_media":11679,"template":"","meta":[],"product_brand":[],"product_cat":[246,431,523],"product_tag":[],"class_list":{"0":"post-11676","1":"product","2":"type-product","3":"status-publish","4":"has-post-thumbnail","6":"product_cat-linde","7":"product_cat-ekranlar-ve-kartlar","8":"product_cat-yedek-parca-linde","10":"first","11":"instock","12":"taxable","13":"shipping-taxable","14":"purchasable","15":"product-type-simple"},"_links":{"self":[{"href":"https:\/\/ceoparts.com\/tr\/wp-json\/wp\/v2\/product\/11676","targetHints":{"allow":["GET"]}}],"collection":[{"href":"https:\/\/ceoparts.com\/tr\/wp-json\/wp\/v2\/product"}],"about":[{"href":"https:\/\/ceoparts.com\/tr\/wp-json\/wp\/v2\/types\/product"}],"wp:featuredmedia":[{"embeddable":true,"href":"https:\/\/ceoparts.com\/tr\/wp-json\/wp\/v2\/media\/11679"}],"wp:attachment":[{"href":"https:\/\/ceoparts.com\/tr\/wp-json\/wp\/v2\/media?parent=11676"}],"wp:term":[{"taxonomy":"product_brand","embeddable":true,"href":"https:\/\/ceoparts.com\/tr\/wp-json\/wp\/v2\/product_brand?post=11676"},{"taxonomy":"product_cat","embeddable":true,"href":"https:\/\/ceoparts.com\/tr\/wp-json\/wp\/v2\/product_cat?post=11676"},{"taxonomy":"product_tag","embeddable":true,"href":"https:\/\/ceoparts.com\/tr\/wp-json\/wp\/v2\/product_tag?post=11676"}],"curies":[{"name":"wp","href":"https:\/\/api.w.org\/{rel}","templated":true}]}}