{"id":11691,"date":"2024-10-30T13:22:55","date_gmt":"2024-10-30T10:22:55","guid":{"rendered":"https:\/\/ceoparts.com\/?post_type=product&#038;p=11691"},"modified":"2026-05-16T10:46:49","modified_gmt":"2026-05-16T07:46:49","slug":"still-cpp-51523602647","status":"publish","type":"product","link":"https:\/\/ceoparts.com\/tr\/urun\/still-cpp-51523602647\/","title":{"rendered":"Still CPP &#8211; 51523602647"},"content":{"rendered":"<p>Still CPP &#8211; 51523602647<\/p>\n","protected":false},"excerpt":{"rendered":"<p data-start=\"0\" data-end=\"289\"><br data-start=\"5\" data-end=\"8\" \/>Still CPP 2.El, forklift ve i\u015f makinelerinde kullan\u0131lan orijinal kontrol proses panelidir. Ara\u00e7taki \u00e7e\u015fitli elektronik ve mekanik i\u015flemlerin kontrol\u00fcn\u00fc sa\u011flar. Sa\u011flam yap\u0131s\u0131 ve kaliteli bile\u015fenleri ile uzun \u00f6m\u00fcrl\u00fcd\u00fcr. \u0130kinci el olmas\u0131na ra\u011fmen test edilmi\u015f, sorunsuz \u00e7al\u0131\u015fmaktad\u0131r.<\/p>\n<p data-start=\"291\" data-end=\"581\"><strong data-start=\"291\" data-end=\"306\">\u00d6zellikler:<\/strong><br data-start=\"306\" data-end=\"309\" \/><strong data-start=\"309\" data-end=\"322\">\u00dcr\u00fcn Ad\u0131:<\/strong> Still CPP 2.El<br data-start=\"337\" data-end=\"340\" \/><strong data-start=\"340\" data-end=\"355\">Par\u00e7a Kodu:<\/strong> 51523602647<br data-start=\"367\" data-end=\"370\" \/><strong data-start=\"370\" data-end=\"382\">Malzeme:<\/strong> End\u00fcstriyel elektronik ve dayan\u0131kl\u0131 plastik kasa<br data-start=\"431\" data-end=\"434\" \/><strong data-start=\"434\" data-end=\"453\">Kullan\u0131m Alan\u0131:<\/strong> Forklift ve i\u015f makineleri kontrol proses paneli<br data-start=\"501\" data-end=\"504\" \/><strong data-start=\"504\" data-end=\"516\">Avantaj:<\/strong> Dayan\u0131kl\u0131 yap\u0131, y\u00fcksek performans, test edilmi\u015f ikinci el \u00fcr\u00fcn<\/p>\n<p data-start=\"583\" data-end=\"890\">\n","protected":false},"featured_media":11801,"template":"","meta":[],"product_brand":[],"product_cat":[241,431,524],"product_tag":[],"class_list":{"0":"post-11691","1":"product","2":"type-product","3":"status-publish","4":"has-post-thumbnail","6":"product_cat-still","7":"product_cat-ekranlar-ve-kartlar","8":"product_cat-yedek-parca-still","10":"first","11":"instock","12":"taxable","13":"shipping-taxable","14":"purchasable","15":"product-type-simple"},"_links":{"self":[{"href":"https:\/\/ceoparts.com\/tr\/wp-json\/wp\/v2\/product\/11691","targetHints":{"allow":["GET"]}}],"collection":[{"href":"https:\/\/ceoparts.com\/tr\/wp-json\/wp\/v2\/product"}],"about":[{"href":"https:\/\/ceoparts.com\/tr\/wp-json\/wp\/v2\/types\/product"}],"wp:featuredmedia":[{"embeddable":true,"href":"https:\/\/ceoparts.com\/tr\/wp-json\/wp\/v2\/media\/11801"}],"wp:attachment":[{"href":"https:\/\/ceoparts.com\/tr\/wp-json\/wp\/v2\/media?parent=11691"}],"wp:term":[{"taxonomy":"product_brand","embeddable":true,"href":"https:\/\/ceoparts.com\/tr\/wp-json\/wp\/v2\/product_brand?post=11691"},{"taxonomy":"product_cat","embeddable":true,"href":"https:\/\/ceoparts.com\/tr\/wp-json\/wp\/v2\/product_cat?post=11691"},{"taxonomy":"product_tag","embeddable":true,"href":"https:\/\/ceoparts.com\/tr\/wp-json\/wp\/v2\/product_tag?post=11691"}],"curies":[{"name":"wp","href":"https:\/\/api.w.org\/{rel}","templated":true}]}}