{"id":11699,"date":"2024-11-01T14:14:52","date_gmt":"2024-11-01T11:14:52","guid":{"rendered":"https:\/\/ceoparts.com\/?post_type=product&#038;p=11699"},"modified":"2026-05-16T17:28:36","modified_gmt":"2026-05-16T14:28:36","slug":"stw-ek-mxx-kart-52313703000","status":"publish","type":"product","link":"https:\/\/ceoparts.com\/tr\/urun\/stw-ek-mxx-kart-52313703000\/","title":{"rendered":"STW EK MXX KART &#8211; 52313703000"},"content":{"rendered":"<p>STW EK MXX KART &#8211; 52313703000<\/p>","protected":false},"excerpt":{"rendered":"<p data-start=\"0\" data-end=\"329\"><br data-start=\"5\" data-end=\"8\" \/>STW EK MXX Kart 2.El, forklift ve i\u015f makinelerinde kullan\u0131lan orijinal elektronik kontrol kart\u0131d\u0131r. Ara\u00e7taki \u00e7e\u015fitli elektronik sistemlerin y\u00f6netimi ve koordinasyonunu sa\u011flar. Dayan\u0131kl\u0131 yap\u0131s\u0131 ve kaliteli elektronik bile\u015fenleri ile uzun \u00f6m\u00fcrl\u00fcd\u00fcr. \u0130kinci el olmas\u0131na ra\u011fmen test edilmi\u015ftir ve sorunsuz \u00e7al\u0131\u015f\u0131r durumdad\u0131r.<\/p>\n<p data-start=\"331\" data-end=\"632\"><strong data-start=\"331\" data-end=\"346\">\u00d6zellikler:<\/strong><br data-start=\"346\" data-end=\"349\" \/><strong data-start=\"349\" data-end=\"362\">\u00dcr\u00fcn Ad\u0131:<\/strong> STW EK MXX Kart 2.El<br data-start=\"383\" data-end=\"386\" \/><strong data-start=\"386\" data-end=\"401\">Par\u00e7a Kodu:<\/strong> 52313703000<br data-start=\"413\" data-end=\"416\" \/><strong data-start=\"416\" data-end=\"428\">Malzeme:<\/strong> End\u00fcstriyel elektronik devre ve sa\u011flam plastik kasa<br data-start=\"480\" data-end=\"483\" \/><strong data-start=\"483\" data-end=\"502\">Kullan\u0131m Alan\u0131:<\/strong> Forklift ve i\u015f makineleri elektronik kontrol sistemi<br data-start=\"555\" data-end=\"558\" \/><strong data-start=\"558\" data-end=\"570\">Avantaj:<\/strong> Sa\u011flam yap\u0131, y\u00fcksek performans, test edilmi\u015f ikinci el \u00fcr\u00fcn<\/p>\n<p data-start=\"634\" data-end=\"960\">\n","protected":false},"featured_media":11700,"template":"","meta":[],"product_brand":[],"product_cat":[431],"product_tag":[],"class_list":{"0":"post-11699","1":"product","2":"type-product","3":"status-publish","4":"has-post-thumbnail","6":"product_cat-ekranlar-ve-kartlar","8":"first","9":"instock","10":"taxable","11":"shipping-taxable","12":"purchasable","13":"product-type-simple"},"_links":{"self":[{"href":"https:\/\/ceoparts.com\/tr\/wp-json\/wp\/v2\/product\/11699","targetHints":{"allow":["GET"]}}],"collection":[{"href":"https:\/\/ceoparts.com\/tr\/wp-json\/wp\/v2\/product"}],"about":[{"href":"https:\/\/ceoparts.com\/tr\/wp-json\/wp\/v2\/types\/product"}],"wp:featuredmedia":[{"embeddable":true,"href":"https:\/\/ceoparts.com\/tr\/wp-json\/wp\/v2\/media\/11700"}],"wp:attachment":[{"href":"https:\/\/ceoparts.com\/tr\/wp-json\/wp\/v2\/media?parent=11699"}],"wp:term":[{"taxonomy":"product_brand","embeddable":true,"href":"https:\/\/ceoparts.com\/tr\/wp-json\/wp\/v2\/product_brand?post=11699"},{"taxonomy":"product_cat","embeddable":true,"href":"https:\/\/ceoparts.com\/tr\/wp-json\/wp\/v2\/product_cat?post=11699"},{"taxonomy":"product_tag","embeddable":true,"href":"https:\/\/ceoparts.com\/tr\/wp-json\/wp\/v2\/product_tag?post=11699"}],"curies":[{"name":"wp","href":"https:\/\/api.w.org\/{rel}","templated":true}]}}